{"id":180468,"date":"2025-10-20T08:45:25","date_gmt":"2025-10-20T08:45:25","guid":{"rendered":"https:\/\/www.otiumhome.fi\/?p=180468"},"modified":"2025-10-20T20:31:32","modified_gmt":"2025-10-20T20:31:32","slug":"tv-taso-savutammi-102x40x41-cm-tekninen-puu-ja-teras","status":"publish","type":"product","link":"https:\/\/www.otiumhome.fi\/index.php\/tuote\/tv-taso-savutammi-102x40x41-cm-tekninen-puu-ja-teras\/","title":{"rendered":"TV-taso savutammi 102x40x41 cm tekninen puu ja ter\u00e4s"},"content":{"rendered":"<p>T\u00e4m\u00e4 katseet vangitseva TV-taso huokuu teollista vieh\u00e4tysvoimaa ja siit\u00e4 tulee upea lis\u00e4 huoneesi sisustukseen.<\/p>\n<\/p>\n<ul>\n<li>Kest\u00e4v\u00e4 materiaali: Tekninen puu on poikkeuksellisen laadukasta ja sile\u00e4pintaista. Se on my\u00f6s luja, vakaa ja kosteudelle vastustuskykyinen. Jauhemaalattu ter\u00e4srunko takaa tukevuuden ja vakauden.<\/li>\n<li>Runsaasti s\u00e4ilytystilaa: TV-taso tarjoaa runsaasti tilaa DVD-soittimien, pelikonsolien, suoratoistolaitteiden ja medialaitteiden pit\u00e4miseen siististi k\u00e4den ulottuvilla.<\/li>\n<li>Esittelytoiminto: TV-tason tukeva yl\u00e4taso on t\u00e4ydellinen paikka esitell\u00e4 ruukkukasveja, valokuvakehyksi\u00e4 ja muita koriste-esineit\u00e4.<\/li>\n<\/ul>\n<ul>\n<li>V\u00e4ri: savutammi<\/li>\n<li>Materiaali: Tekninen puu, jauhemaalattu ter\u00e4s<\/li>\n<li>Mitat: 102 x 40 x 41 cm (P x L x K)<\/li>\n<li>Maksimikantavuus: 90 kg<\/li>\n<li>Asennus vaaditaan: Kyll\u00e4<\/li>\n<\/ul>\n","protected":false},"excerpt":{"rendered":"<ul>\n<li>V\u00e4ri: savutammi<\/li>\n<li>Materiaali: Tekninen puu, jauhemaalattu ter\u00e4s<\/li>\n<li>Mitat: 102 x 40 x 41 cm (P x L x K)<\/li>\n<li>Maksimikantavuus: 90 kg<\/li>\n<li>Asennus vaaditaan: Kyll\u00e4<\/li>\n<\/ul>\n","protected":false},"featured_media":100000180468,"comment_status":"closed","ping_status":"closed","template":"","meta":[],"product_brand":[],"product_cat":[84],"product_tag":[],"class_list":{"0":"post-180468","1":"product","2":"type-product","3":"status-publish","4":"has-post-thumbnail","6":"product_cat-huonekalut","8":"first","9":"instock","10":"taxable","11":"shipping-taxable","12":"purchasable","13":"product-type-simple"},"_links":{"self":[{"href":"https:\/\/www.otiumhome.fi\/index.php\/wp-json\/wp\/v2\/product\/180468","targetHints":{"allow":["GET"]}}],"collection":[{"href":"https:\/\/www.otiumhome.fi\/index.php\/wp-json\/wp\/v2\/product"}],"about":[{"href":"https:\/\/www.otiumhome.fi\/index.php\/wp-json\/wp\/v2\/types\/product"}],"replies":[{"embeddable":true,"href":"https:\/\/www.otiumhome.fi\/index.php\/wp-json\/wp\/v2\/comments?post=180468"}],"wp:featuredmedia":[{"embeddable":true,"href":"https:\/\/www.otiumhome.fi\/index.php\/wp-json\/"}],"wp:attachment":[{"href":"https:\/\/www.otiumhome.fi\/index.php\/wp-json\/wp\/v2\/media?parent=180468"}],"wp:term":[{"taxonomy":"product_brand","embeddable":true,"href":"https:\/\/www.otiumhome.fi\/index.php\/wp-json\/wp\/v2\/product_brand?post=180468"},{"taxonomy":"product_cat","embeddable":true,"href":"https:\/\/www.otiumhome.fi\/index.php\/wp-json\/wp\/v2\/product_cat?post=180468"},{"taxonomy":"product_tag","embeddable":true,"href":"https:\/\/www.otiumhome.fi\/index.php\/wp-json\/wp\/v2\/product_tag?post=180468"}],"curies":[{"name":"wp","href":"https:\/\/api.w.org\/{rel}","templated":true}]}}