{"id":180400,"date":"2025-10-20T08:42:52","date_gmt":"2025-10-20T08:42:52","guid":{"rendered":"https:\/\/www.otiumhome.fi\/?p=180400"},"modified":"2025-10-25T18:19:37","modified_gmt":"2025-10-25T18:19:37","slug":"tv-taso-betoninharmaa-100x345x445-cm-tekninen-puu","status":"publish","type":"product","link":"https:\/\/www.otiumhome.fi\/index.php\/tuote\/tv-taso-betoninharmaa-100x345x445-cm-tekninen-puu\/","title":{"rendered":"TV-taso betoninharmaa 100&#215;34,5&#215;44,5 cm tekninen puu"},"content":{"rendered":"<p>T\u00e4m\u00e4 klassinen TV-taso on k\u00e4yt\u00e4nn\u00f6llinen ja katseet vangitseva lis\u00e4 sisustukseesi.<\/p>\n<\/p>\n<ul>\n<li>Kest\u00e4v\u00e4 materiaali: Tekninen puu on poikkeuksellisen laadukasta ja sile\u00e4pintaista. Se on luja, vakaa ja kosteudelle vastustuskykyinen.<\/li>\n<li>Runsaasti s\u00e4ilytystilaa: TV-taso tarjoaa runsaasti tilaa DVD-soittimien, pelikonsolien, suoratoistolaitteiden ja medialaitteiden pit\u00e4miseen k\u00e4den ulottuvilla.<\/li>\n<li>Esittelymahdollisuus: Voit asettaa tason p\u00e4\u00e4lle my\u00f6s suosikkikuvasi, koristeesi tai kukkasi tuomaan kauneutta ymp\u00e4rist\u00f6\u00f6si.<\/li>\n<\/ul>\n<ul>\n<li>V\u00e4ri: betoninharmaa<\/li>\n<li>Materiaali: tekninen puu, metalli<\/li>\n<li>Mitat: 100 x 34,5 x 44,5 cm (P x L x K)<\/li>\n<li>Asennus vaaditaan: kyll\u00e4<\/li>\n<\/ul>\n","protected":false},"excerpt":{"rendered":"<ul>\n<li>V\u00e4ri: betoninharmaa<\/li>\n<li>Materiaali: tekninen puu, metalli<\/li>\n<li>Mitat: 100 x 34,5 x 44,5 cm (P x L x K)<\/li>\n<li>Asennus vaaditaan: kyll\u00e4<\/li>\n<\/ul>\n","protected":false},"featured_media":100000180400,"comment_status":"closed","ping_status":"closed","template":"","meta":[],"product_brand":[],"product_cat":[84],"product_tag":[],"class_list":{"0":"post-180400","1":"product","2":"type-product","3":"status-publish","4":"has-post-thumbnail","6":"product_cat-huonekalut","8":"first","9":"outofstock","10":"taxable","11":"shipping-taxable","12":"purchasable","13":"product-type-simple"},"_links":{"self":[{"href":"https:\/\/www.otiumhome.fi\/index.php\/wp-json\/wp\/v2\/product\/180400","targetHints":{"allow":["GET"]}}],"collection":[{"href":"https:\/\/www.otiumhome.fi\/index.php\/wp-json\/wp\/v2\/product"}],"about":[{"href":"https:\/\/www.otiumhome.fi\/index.php\/wp-json\/wp\/v2\/types\/product"}],"replies":[{"embeddable":true,"href":"https:\/\/www.otiumhome.fi\/index.php\/wp-json\/wp\/v2\/comments?post=180400"}],"wp:featuredmedia":[{"embeddable":true,"href":"https:\/\/www.otiumhome.fi\/index.php\/wp-json\/"}],"wp:attachment":[{"href":"https:\/\/www.otiumhome.fi\/index.php\/wp-json\/wp\/v2\/media?parent=180400"}],"wp:term":[{"taxonomy":"product_brand","embeddable":true,"href":"https:\/\/www.otiumhome.fi\/index.php\/wp-json\/wp\/v2\/product_brand?post=180400"},{"taxonomy":"product_cat","embeddable":true,"href":"https:\/\/www.otiumhome.fi\/index.php\/wp-json\/wp\/v2\/product_cat?post=180400"},{"taxonomy":"product_tag","embeddable":true,"href":"https:\/\/www.otiumhome.fi\/index.php\/wp-json\/wp\/v2\/product_tag?post=180400"}],"curies":[{"name":"wp","href":"https:\/\/api.w.org\/{rel}","templated":true}]}}