{"id":180265,"date":"2025-10-20T08:39:33","date_gmt":"2025-10-20T08:39:33","guid":{"rendered":"https:\/\/www.otiumhome.fi\/?p=180265"},"modified":"2025-10-20T18:44:25","modified_gmt":"2025-10-20T18:44:25","slug":"tv-tasot-2-kpl-valkoinen-75x30x50-cm-lastulevy","status":"publish","type":"product","link":"https:\/\/www.otiumhome.fi\/index.php\/tuote\/tv-tasot-2-kpl-valkoinen-75x30x50-cm-lastulevy\/","title":{"rendered":"TV-tasot 2 kpl valkoinen 75x30x50 cm lastulevy"},"content":{"rendered":"<p>T\u00e4m\u00e4 TV-taso, jossa on runsaasti s\u00e4ilytystilaa, on k\u00e4yt\u00e4nn\u00f6llinen katseenvangitsija olo- tai makuuhuoneessa.<\/p>\n<\/p>\n<ul>\n<li>Kest\u00e4v\u00e4 ja tukeva materiaali: Tekninen puu on poikkeuksellisen laadukasta ja sile\u00e4pintaista. Se on my\u00f6s luja, vakaa ja kosteudelle vastustuskykyinen.<\/li>\n<li>Runsaasti s\u00e4ilytystilaa: TV-yksik\u00f6ss\u00e4 on nelj\u00e4 avolokeroa, jotka tarjoavat runsaasti s\u00e4ilytystilaa lehtien, kirjojen, DVD-levyjen ja multimedialaitteiden hyv\u00e4ss\u00e4 j\u00e4rjestyksess\u00e4 ja k\u00e4den ulottuvilla pit\u00e4miseen.<\/li>\n<li>2-in-1-toiminto: T\u00e4m\u00e4 TV-taso yhdist\u00e4\u00e4 t\u00e4ydellisesti tyylin ja toimivuuden. Se toimii TV-tasona sek\u00e4 sivup\u00f6yt\u00e4n\u00e4, jolle voit asettaa kirjasi, lehtesi ja koriste-esineesi. <\/li>\n<li>Helppo huoltaa: TV-senkki on helppo puhdistaa kostealla liinalla ja se tarvitsee vain v\u00e4h\u00e4ist\u00e4 huoltoa.<\/li>\n<\/ul>\n<ul>\n<li>V\u00e4ri: Valkoinen<\/li>\n<li>Materiaali: Tekninen puu<\/li>\n<li>Mitat: 75 x 30 x 50 cm (L x S x K)<\/li>\n<li>Asennus vaaditaan: Kyll\u00e4<\/li>\n<li> <\/li>\n<li><strong>Toimitus sis\u00e4lt\u00e4\u00e4:<\/strong><\/li>\n<li>2 x TV-kaappi<\/li>\n<\/ul>\n","protected":false},"excerpt":{"rendered":"<ul>\n<li>V\u00e4ri: Valkoinen<\/li>\n<li>Materiaali: Tekninen puu<\/li>\n<li>Mitat: 75 x 30 x 50 cm (L x S x K)<\/li>\n<li>Asennus vaaditaan: Kyll\u00e4<\/li>\n<li> <\/li>\n<li><strong>Toimitus sis\u00e4lt\u00e4\u00e4:<\/strong><\/li>\n<li>2 x TV-kaappi<\/li>\n<\/ul>\n","protected":false},"featured_media":100000180265,"comment_status":"closed","ping_status":"closed","template":"","meta":[],"product_brand":[],"product_cat":[84],"product_tag":[],"class_list":{"0":"post-180265","1":"product","2":"type-product","3":"status-publish","4":"has-post-thumbnail","6":"product_cat-huonekalut","8":"first","9":"instock","10":"taxable","11":"shipping-taxable","12":"purchasable","13":"product-type-simple"},"_links":{"self":[{"href":"https:\/\/www.otiumhome.fi\/index.php\/wp-json\/wp\/v2\/product\/180265","targetHints":{"allow":["GET"]}}],"collection":[{"href":"https:\/\/www.otiumhome.fi\/index.php\/wp-json\/wp\/v2\/product"}],"about":[{"href":"https:\/\/www.otiumhome.fi\/index.php\/wp-json\/wp\/v2\/types\/product"}],"replies":[{"embeddable":true,"href":"https:\/\/www.otiumhome.fi\/index.php\/wp-json\/wp\/v2\/comments?post=180265"}],"wp:featuredmedia":[{"embeddable":true,"href":"https:\/\/www.otiumhome.fi\/index.php\/wp-json\/"}],"wp:attachment":[{"href":"https:\/\/www.otiumhome.fi\/index.php\/wp-json\/wp\/v2\/media?parent=180265"}],"wp:term":[{"taxonomy":"product_brand","embeddable":true,"href":"https:\/\/www.otiumhome.fi\/index.php\/wp-json\/wp\/v2\/product_brand?post=180265"},{"taxonomy":"product_cat","embeddable":true,"href":"https:\/\/www.otiumhome.fi\/index.php\/wp-json\/wp\/v2\/product_cat?post=180265"},{"taxonomy":"product_tag","embeddable":true,"href":"https:\/\/www.otiumhome.fi\/index.php\/wp-json\/wp\/v2\/product_tag?post=180265"}],"curies":[{"name":"wp","href":"https:\/\/api.w.org\/{rel}","templated":true}]}}