{"id":180249,"date":"2025-10-20T08:39:29","date_gmt":"2025-10-20T08:39:29","guid":{"rendered":"https:\/\/www.otiumhome.fi\/?p=180249"},"modified":"2025-10-20T18:34:58","modified_gmt":"2025-10-20T18:34:58","slug":"tv-taso-laatikolla-savutammi-200x25x44-cm-tekninen-puu","status":"publish","type":"product","link":"https:\/\/www.otiumhome.fi\/index.php\/tuote\/tv-taso-laatikolla-savutammi-200x25x44-cm-tekninen-puu\/","title":{"rendered":"TV-taso laatikolla savutammi 200x25x44 cm tekninen puu"},"content":{"rendered":"<p>Tyylik\u00e4st\u00e4 ja k\u00e4yt\u00e4nn\u00f6llist\u00e4 muotoilua edustava TV-taso tulee olemaan huoneesi keskipiste.<\/p>\n<\/p>\n<ul>\n<li>Kest\u00e4v\u00e4 ja tukeva materiaali: Tekninen puu on poikkeuksellisen laadukasta ja sile\u00e4pintaista. Se on luja, vakaa ja kosteudelle vastustuskykyinen. TV-tason metallirunko takaa my\u00f6s tukevuuden ja vakauden.<\/li>\n<li>Runsaasti s\u00e4ilytystilaa: Mediakaappi tarjoaa runsaasti s\u00e4ilytystilaa kaikkien lehtien, DVD-levyjen ja muiden esineiden hyv\u00e4ss\u00e4 j\u00e4rjestyksess\u00e4 ja ulottuvilla s\u00e4ilytt\u00e4miseen.<\/li>\n<li>Tukeva p\u00f6yt\u00e4levy: Hifi-tason tukeva p\u00f6yt\u00e4levy sopii erinomaisesti koriste-esineiden, valokuvakehysten tai ruukkukasvien esille laittoon.<\/li>\n<li>S\u00e4\u00e4dett\u00e4v\u00e4t jalat: Muovipehmustetut ja s\u00e4\u00e4dett\u00e4v\u00e4t jalat pit\u00e4v\u00e4t viihdekeskuksen tasapainossa ep\u00e4tasaisella alustalla ja lis\u00e4\u00e4v\u00e4t vakautta.<\/li>\n<li>K\u00e4yt\u00e4nn\u00f6lliset ovet: Pid\u00e4 t\u00e4rke\u00e4t tavarasi p\u00f6lytt\u00f6min\u00e4 piilottamalla ne TV-konsolin ovien taakse.<\/li>\n<\/ul>\n<ul>\n<li>V\u00e4ri: savutammi<\/li>\n<li>Materiaali: Tekninen puu, metalli<\/li>\n<li>Mitat: 200 x 25 x 44 cm (P x L x K)<\/li>\n<li>Maksimikantavuus hylly\u00e4 kohti: 20 kg<\/li>\n<li>Asennus vaaditaan: Kyll\u00e4<\/li>\n<\/ul>\n","protected":false},"excerpt":{"rendered":"<ul>\n<li>V\u00e4ri: savutammi<\/li>\n<li>Materiaali: Tekninen puu, metalli<\/li>\n<li>Mitat: 200 x 25 x 44 cm (P x L x K)<\/li>\n<li>Maksimikantavuus hylly\u00e4 kohti: 20 kg<\/li>\n<li>Asennus vaaditaan: Kyll\u00e4<\/li>\n<\/ul>\n","protected":false},"featured_media":100000180249,"comment_status":"closed","ping_status":"closed","template":"","meta":[],"product_brand":[],"product_cat":[84],"product_tag":[],"class_list":{"0":"post-180249","1":"product","2":"type-product","3":"status-publish","4":"has-post-thumbnail","6":"product_cat-huonekalut","8":"first","9":"instock","10":"taxable","11":"shipping-taxable","12":"purchasable","13":"product-type-simple"},"_links":{"self":[{"href":"https:\/\/www.otiumhome.fi\/index.php\/wp-json\/wp\/v2\/product\/180249","targetHints":{"allow":["GET"]}}],"collection":[{"href":"https:\/\/www.otiumhome.fi\/index.php\/wp-json\/wp\/v2\/product"}],"about":[{"href":"https:\/\/www.otiumhome.fi\/index.php\/wp-json\/wp\/v2\/types\/product"}],"replies":[{"embeddable":true,"href":"https:\/\/www.otiumhome.fi\/index.php\/wp-json\/wp\/v2\/comments?post=180249"}],"wp:featuredmedia":[{"embeddable":true,"href":"https:\/\/www.otiumhome.fi\/index.php\/wp-json\/"}],"wp:attachment":[{"href":"https:\/\/www.otiumhome.fi\/index.php\/wp-json\/wp\/v2\/media?parent=180249"}],"wp:term":[{"taxonomy":"product_brand","embeddable":true,"href":"https:\/\/www.otiumhome.fi\/index.php\/wp-json\/wp\/v2\/product_brand?post=180249"},{"taxonomy":"product_cat","embeddable":true,"href":"https:\/\/www.otiumhome.fi\/index.php\/wp-json\/wp\/v2\/product_cat?post=180249"},{"taxonomy":"product_tag","embeddable":true,"href":"https:\/\/www.otiumhome.fi\/index.php\/wp-json\/wp\/v2\/product_tag?post=180249"}],"curies":[{"name":"wp","href":"https:\/\/api.w.org\/{rel}","templated":true}]}}