{"id":180222,"date":"2025-10-20T08:39:21","date_gmt":"2025-10-20T08:39:21","guid":{"rendered":"https:\/\/www.otiumhome.fi\/?p=180222"},"modified":"2025-10-25T18:05:36","modified_gmt":"2025-10-25T18:05:36","slug":"tv-taso-harmaa-sonoma-122x34x41-cm-tekninen-puu","status":"publish","type":"product","link":"https:\/\/www.otiumhome.fi\/index.php\/tuote\/tv-taso-harmaa-sonoma-122x34x41-cm-tekninen-puu\/","title":{"rendered":"TV-taso harmaa Sonoma 122x34x41 cm tekninen puu"},"content":{"rendered":"<p>T\u00e4m\u00e4 TV-taso, jossa on runsaasti s\u00e4ilytystilaa, on k\u00e4yt\u00e4nn\u00f6llinen katseenvangitsija olo- tai makuuhuoneessa.<\/p>\n<\/p>\n<ul>\n<li>Vakaa ja kest\u00e4v\u00e4 materiaali: Tekninen puu on kest\u00e4v\u00e4 ja vakaa materiaali, jonka sile\u00e4 pinta kest\u00e4\u00e4 kosteutta, v\u00e4\u00e4ntymist\u00e4 ja halkeilua, joten se on luotettava valinta erilaisiin projekteihin.<\/li>\n<li>Runsaasti s\u00e4ilytystilaa: T\u00e4ss\u00e4 modernissa TV-tasossa on runsaasti s\u00e4ilytystilaa aikakauslehtien, kirjojen, DVD-levyjen ja multimedialaitteiden hyvin j\u00e4rjestettyin\u00e4 ja k\u00e4den ulottuvilla pit\u00e4miseen.<\/li>\n<li>Metallikahvat: T\u00e4m\u00e4 mediakaappi on varustettu metallikahvoilla, jotka helpottavat p\u00e4\u00e4sy\u00e4 ja antavat sille tyylikk\u00e4\u00e4n teollisen tyylin.<\/li>\n<li>K\u00e4yt\u00e4nn\u00f6lliset ovet: Ovet auttavat pit\u00e4m\u00e4\u00e4n tilan puhtaana ja j\u00e4rjestyksess\u00e4, piilottamalla pienet v\u00e4ltt\u00e4m\u00e4tt\u00f6m\u00e4t tavarat ja sotkut niiden taakse.<\/li>\n<li>Vakaa ja tukeva yl\u00e4taso: Tukeva yl\u00e4taso on ihanteellinen paikka TV:n ja stereoj\u00e4rjestelmien, tai joidenkin koristeiden, kuten maljakoiden tai ruukkukasvien sijoittamiseen.<\/li>\n<\/ul>\n<ul>\n<li>V\u00e4ri: Harmaa Sonoma<\/li>\n<li>Materiaali: Tekninen puu, metalli<\/li>\n<li>Mitat: 122 x 34 x 41 cm (L x S x K)<\/li>\n<li>Maksimikantavuus (yhteens\u00e4): 60 kg<\/li>\n<li>Asennus vaaditaan: Kyll\u00e4<\/li>\n<\/ul>\n","protected":false},"excerpt":{"rendered":"<ul>\n<li>V\u00e4ri: Harmaa Sonoma<\/li>\n<li>Materiaali: Tekninen puu, metalli<\/li>\n<li>Mitat: 122 x 34 x 41 cm (L x S x K)<\/li>\n<li>Maksimikantavuus (yhteens\u00e4): 60 kg<\/li>\n<li>Asennus vaaditaan: Kyll\u00e4<\/li>\n<\/ul>\n","protected":false},"featured_media":100000180222,"comment_status":"closed","ping_status":"closed","template":"","meta":[],"product_brand":[],"product_cat":[84],"product_tag":[],"class_list":{"0":"post-180222","1":"product","2":"type-product","3":"status-publish","4":"has-post-thumbnail","6":"product_cat-huonekalut","8":"first","9":"instock","10":"taxable","11":"shipping-taxable","12":"purchasable","13":"product-type-simple"},"_links":{"self":[{"href":"https:\/\/www.otiumhome.fi\/index.php\/wp-json\/wp\/v2\/product\/180222","targetHints":{"allow":["GET"]}}],"collection":[{"href":"https:\/\/www.otiumhome.fi\/index.php\/wp-json\/wp\/v2\/product"}],"about":[{"href":"https:\/\/www.otiumhome.fi\/index.php\/wp-json\/wp\/v2\/types\/product"}],"replies":[{"embeddable":true,"href":"https:\/\/www.otiumhome.fi\/index.php\/wp-json\/wp\/v2\/comments?post=180222"}],"wp:featuredmedia":[{"embeddable":true,"href":"https:\/\/www.otiumhome.fi\/index.php\/wp-json\/"}],"wp:attachment":[{"href":"https:\/\/www.otiumhome.fi\/index.php\/wp-json\/wp\/v2\/media?parent=180222"}],"wp:term":[{"taxonomy":"product_brand","embeddable":true,"href":"https:\/\/www.otiumhome.fi\/index.php\/wp-json\/wp\/v2\/product_brand?post=180222"},{"taxonomy":"product_cat","embeddable":true,"href":"https:\/\/www.otiumhome.fi\/index.php\/wp-json\/wp\/v2\/product_cat?post=180222"},{"taxonomy":"product_tag","embeddable":true,"href":"https:\/\/www.otiumhome.fi\/index.php\/wp-json\/wp\/v2\/product_tag?post=180222"}],"curies":[{"name":"wp","href":"https:\/\/api.w.org\/{rel}","templated":true}]}}