{"id":180058,"date":"2025-10-20T08:30:39","date_gmt":"2025-10-20T08:30:39","guid":{"rendered":"https:\/\/www.otiumhome.fi\/?p=180058"},"modified":"2025-10-20T18:28:39","modified_gmt":"2025-10-20T18:28:39","slug":"tv-taso-valkoinen-1005x39x435-cm-teras","status":"publish","type":"product","link":"https:\/\/www.otiumhome.fi\/index.php\/tuote\/tv-taso-valkoinen-1005x39x435-cm-teras\/","title":{"rendered":"TV-taso valkoinen 100,5x39x43,5 cm ter\u00e4s"},"content":{"rendered":"<p>T\u00e4m\u00e4 TV-kaappi on yksinkertainen ja k\u00e4yt\u00e4nn\u00f6llinen, se sopii t\u00e4ydellisesti olohuoneeseesi.<\/p>\n<\/p>\n<ul>\n<li>Kest\u00e4v\u00e4 materiaali: Ter\u00e4s on poikkeuksellisen kova ja vahva materiaali. Se tarjoaa tukevuutta ja vakautta. Kylm\u00e4valssatuilla ter\u00e4slevyill\u00e4 on hyv\u00e4 pinnanlaatu ja korkea mittatarkkuus.<\/li>\n<li>Esittelytoiminto: Mediayksik\u00f6n tukeva yl\u00e4taso on ihanteellinen koristeiden, kuten valokuvien ja kasvien esille laittoon.<\/li>\n<li>Reilu s\u00e4ilytystila: TV-tasossa on kolme laatikkoa ja kolme hylly\u00e4, mik\u00e4 tekee siit\u00e4 ihanteellisen paikan aikakauslehtien, DVD-levyjen tai muiden esineiden s\u00e4ilytt\u00e4miseen.<\/li>\n<li>Helppo hoitaa: Tahroja hylkiv\u00e4ll\u00e4 pinnalla varustettu TV-taso on helppo pyyhki\u00e4 puhtaaksi ja voit vaivattomasti pit\u00e4\u00e4 kalusteen upean n\u00e4k\u00f6isen\u00e4.<\/li>\n<li>Helppo siirt\u00e4\u00e4: T\u00e4ss\u00e4 kaapissa on nelj\u00e4 py\u00f6r\u00e4\u00e4, joten se liikkuu joustavasti ja voidaan lukita paikalleen milloin tahansa.<\/li>\n<\/ul>\n<ul>\n<li>V\u00e4ri: Valkoinen<\/li>\n<li>Materiaali: Kylm\u00e4valssattu ter\u00e4s<\/li>\n<li>Mitat: 100,5 x 39 x 43,5 cm (P x L x K)<\/li>\n<li>Asennus vaaditaan: Kyll\u00e4<\/li>\n<\/ul>\n","protected":false},"excerpt":{"rendered":"<ul>\n<li>V\u00e4ri: Valkoinen<\/li>\n<li>Materiaali: Kylm\u00e4valssattu ter\u00e4s<\/li>\n<li>Mitat: 100,5 x 39 x 43,5 cm (P x L x K)<\/li>\n<li>Asennus vaaditaan: Kyll\u00e4<\/li>\n<\/ul>\n","protected":false},"featured_media":100000180058,"comment_status":"closed","ping_status":"closed","template":"","meta":[],"product_brand":[],"product_cat":[84],"product_tag":[],"class_list":{"0":"post-180058","1":"product","2":"type-product","3":"status-publish","4":"has-post-thumbnail","6":"product_cat-huonekalut","8":"first","9":"instock","10":"taxable","11":"shipping-taxable","12":"purchasable","13":"product-type-simple"},"_links":{"self":[{"href":"https:\/\/www.otiumhome.fi\/index.php\/wp-json\/wp\/v2\/product\/180058","targetHints":{"allow":["GET"]}}],"collection":[{"href":"https:\/\/www.otiumhome.fi\/index.php\/wp-json\/wp\/v2\/product"}],"about":[{"href":"https:\/\/www.otiumhome.fi\/index.php\/wp-json\/wp\/v2\/types\/product"}],"replies":[{"embeddable":true,"href":"https:\/\/www.otiumhome.fi\/index.php\/wp-json\/wp\/v2\/comments?post=180058"}],"wp:featuredmedia":[{"embeddable":true,"href":"https:\/\/www.otiumhome.fi\/index.php\/wp-json\/"}],"wp:attachment":[{"href":"https:\/\/www.otiumhome.fi\/index.php\/wp-json\/wp\/v2\/media?parent=180058"}],"wp:term":[{"taxonomy":"product_brand","embeddable":true,"href":"https:\/\/www.otiumhome.fi\/index.php\/wp-json\/wp\/v2\/product_brand?post=180058"},{"taxonomy":"product_cat","embeddable":true,"href":"https:\/\/www.otiumhome.fi\/index.php\/wp-json\/wp\/v2\/product_cat?post=180058"},{"taxonomy":"product_tag","embeddable":true,"href":"https:\/\/www.otiumhome.fi\/index.php\/wp-json\/wp\/v2\/product_tag?post=180058"}],"curies":[{"name":"wp","href":"https:\/\/api.w.org\/{rel}","templated":true}]}}