{"id":179754,"date":"2025-10-20T08:24:35","date_gmt":"2025-10-20T08:24:35","guid":{"rendered":"https:\/\/www.otiumhome.fi\/?p=179754"},"modified":"2025-10-20T19:08:40","modified_gmt":"2025-10-20T19:08:40","slug":"tv-taso-lasiovilla-sonoma-tammi-102x37x50-cm","status":"publish","type":"product","link":"https:\/\/www.otiumhome.fi\/index.php\/tuote\/tv-taso-lasiovilla-sonoma-tammi-102x37x50-cm\/","title":{"rendered":"TV-taso lasiovilla Sonoma-tammi 102x37x50 cm"},"content":{"rendered":"<p>Sulavalinjaisella ja klassisella designilla varustettu TV-taso on koristeellinen ja k\u00e4yt\u00e4nn\u00f6llinen lis\u00e4 sisustukseesi.  <\/p>\n<\/p>\n<ul>\n<li>Kest\u00e4v\u00e4 materiaali: Tekninen puu on poikkeuksellisen laadukasta ja sile\u00e4pintaista. Se on luja, vakaa ja kosteudelle vastustuskykyinen. Teknisest\u00e4 puusta valmistettu TV-taso on helppo puhdistaa.<\/li>\n<li>Reilu s\u00e4ilytystila: TV-tasossa on reilusti s\u00e4ilytystilaa, joka tekee siit\u00e4 ihanteellisen paikan lehtien, DVD-levyjen ja muiden tavaroiden s\u00e4ilytt\u00e4miseen.<\/li>\n<li>K\u00e4yt\u00e4nn\u00f6lliset lasiovet: Pid\u00e4 tilasi sotkuttomina piilottamalla pikkutavarasi t\u00e4m\u00e4n s\u00e4ilytyskaapin ovien taakse. Lis\u00e4ksi lasiovet mahdollistavat kauniisti esille asetettujen esineiden n\u00e4kyv\u00e4n mediakaapin sis\u00e4lt\u00e4.<\/li>\n<\/ul>\n<ul>\n<li>V\u00e4ri: Sonoma-tammi<\/li>\n<li>Materiaali: Tekninen puu, lasi, ter\u00e4s<\/li>\n<li>Mitat: 102 x 37 x 50 cm (L x S x K)<\/li>\n<li>Lokeron mitat: 32 x 37 x 32 cm (L x S x K)<\/li>\n<li>Maksimikantavuus: 80 kg<\/li>\n<li> Kantavuus lokeroa kohti: 40 kg<\/li>\n<li>Asennus vaaditaan: Kyll\u00e4<\/li>\n<\/ul>\n","protected":false},"excerpt":{"rendered":"<ul>\n<li>V\u00e4ri: Sonoma-tammi<\/li>\n<li>Materiaali: Tekninen puu, lasi, ter\u00e4s<\/li>\n<li>Mitat: 102 x 37 x 50 cm (L x S x K)<\/li>\n<li>Lokeron mitat: 32 x 37 x 32 cm (L x S x K)<\/li>\n<li>Maksimikantavuus: 80 kg<\/li>\n<li> Kantavuus lokeroa kohti: 40 kg<\/li>\n<li>Asennus vaaditaan: Kyll\u00e4<\/li>\n<\/ul>\n","protected":false},"featured_media":100000179754,"comment_status":"closed","ping_status":"closed","template":"","meta":[],"product_brand":[],"product_cat":[84],"product_tag":[],"class_list":{"0":"post-179754","1":"product","2":"type-product","3":"status-publish","4":"has-post-thumbnail","6":"product_cat-huonekalut","8":"first","9":"instock","10":"taxable","11":"shipping-taxable","12":"purchasable","13":"product-type-simple"},"_links":{"self":[{"href":"https:\/\/www.otiumhome.fi\/index.php\/wp-json\/wp\/v2\/product\/179754","targetHints":{"allow":["GET"]}}],"collection":[{"href":"https:\/\/www.otiumhome.fi\/index.php\/wp-json\/wp\/v2\/product"}],"about":[{"href":"https:\/\/www.otiumhome.fi\/index.php\/wp-json\/wp\/v2\/types\/product"}],"replies":[{"embeddable":true,"href":"https:\/\/www.otiumhome.fi\/index.php\/wp-json\/wp\/v2\/comments?post=179754"}],"wp:featuredmedia":[{"embeddable":true,"href":"https:\/\/www.otiumhome.fi\/index.php\/wp-json\/"}],"wp:attachment":[{"href":"https:\/\/www.otiumhome.fi\/index.php\/wp-json\/wp\/v2\/media?parent=179754"}],"wp:term":[{"taxonomy":"product_brand","embeddable":true,"href":"https:\/\/www.otiumhome.fi\/index.php\/wp-json\/wp\/v2\/product_brand?post=179754"},{"taxonomy":"product_cat","embeddable":true,"href":"https:\/\/www.otiumhome.fi\/index.php\/wp-json\/wp\/v2\/product_cat?post=179754"},{"taxonomy":"product_tag","embeddable":true,"href":"https:\/\/www.otiumhome.fi\/index.php\/wp-json\/wp\/v2\/product_tag?post=179754"}],"curies":[{"name":"wp","href":"https:\/\/api.w.org\/{rel}","templated":true}]}}