{"id":179741,"date":"2025-10-20T08:24:31","date_gmt":"2025-10-20T08:24:31","guid":{"rendered":"https:\/\/www.otiumhome.fi\/?p=179741"},"modified":"2025-10-20T20:48:46","modified_gmt":"2025-10-20T20:48:46","slug":"tv-taso-sonoma-tammi-140x40x355-cm-tekninen-puu","status":"publish","type":"product","link":"https:\/\/www.otiumhome.fi\/index.php\/tuote\/tv-taso-sonoma-tammi-140x40x355-cm-tekninen-puu\/","title":{"rendered":"TV-taso Sonoma-tammi 140x40x35,5 cm tekninen puu"},"content":{"rendered":"<p>Tyylik\u00e4s ja k\u00e4yt\u00e4nn\u00f6llisesti muotoiltu sek\u00e4 jykev\u00e4 TV-taso tulee varmasti olemaan huoneesi keskipiste.<\/p>\n<\/p>\n<p>T\u00e4m\u00e4 laadukkaasta teknisest\u00e4 puusta valmistettu klassisen tyylin TV-taso on ajaton lis\u00e4 kotiisi. Siin\u00e4 on kaksi ovea ja kaksi avolokeroa pikkutavaroiden, multimedialaitteiden, pelikonsolien ja aikakauslehtien s\u00e4ilytt\u00e4miseen. Lis\u00e4ksi TV-taso on helppo puhdistaa kostealla liinalla.<\/p>\n<\/p>\n<p>TV-taso on helppo koota mukana tulevilla asennustarvikkeilla. Ole hyv\u00e4 ja ota huomioon: taso koostuu kolmesta yhdistetyst\u00e4 paneelista.<\/p>\n<ul>\n<li>V\u00e4ri: Sonoma-tammi<\/li>\n<li>Materiaali: tekninen puu<\/li>\n<li>Mitat: 140 x 40 x 35,5 cm (P x L x K)<\/li>\n<li>Kahdella ovella ja kahdella avoimella lokerolla<\/li>\n<\/ul>\n","protected":false},"excerpt":{"rendered":"<ul>\n<li>V\u00e4ri: Sonoma-tammi<\/li>\n<li>Materiaali: tekninen puu<\/li>\n<li>Mitat: 140 x 40 x 35,5 cm (P x L x K)<\/li>\n<li>Kahdella ovella ja kahdella avoimella lokerolla<\/li>\n<\/ul>\n","protected":false},"featured_media":100000179741,"comment_status":"closed","ping_status":"closed","template":"","meta":[],"product_brand":[],"product_cat":[84],"product_tag":[],"class_list":{"0":"post-179741","1":"product","2":"type-product","3":"status-publish","4":"has-post-thumbnail","6":"product_cat-huonekalut","8":"first","9":"instock","10":"taxable","11":"shipping-taxable","12":"purchasable","13":"product-type-simple"},"_links":{"self":[{"href":"https:\/\/www.otiumhome.fi\/index.php\/wp-json\/wp\/v2\/product\/179741","targetHints":{"allow":["GET"]}}],"collection":[{"href":"https:\/\/www.otiumhome.fi\/index.php\/wp-json\/wp\/v2\/product"}],"about":[{"href":"https:\/\/www.otiumhome.fi\/index.php\/wp-json\/wp\/v2\/types\/product"}],"replies":[{"embeddable":true,"href":"https:\/\/www.otiumhome.fi\/index.php\/wp-json\/wp\/v2\/comments?post=179741"}],"wp:featuredmedia":[{"embeddable":true,"href":"https:\/\/www.otiumhome.fi\/index.php\/wp-json\/"}],"wp:attachment":[{"href":"https:\/\/www.otiumhome.fi\/index.php\/wp-json\/wp\/v2\/media?parent=179741"}],"wp:term":[{"taxonomy":"product_brand","embeddable":true,"href":"https:\/\/www.otiumhome.fi\/index.php\/wp-json\/wp\/v2\/product_brand?post=179741"},{"taxonomy":"product_cat","embeddable":true,"href":"https:\/\/www.otiumhome.fi\/index.php\/wp-json\/wp\/v2\/product_cat?post=179741"},{"taxonomy":"product_tag","embeddable":true,"href":"https:\/\/www.otiumhome.fi\/index.php\/wp-json\/wp\/v2\/product_tag?post=179741"}],"curies":[{"name":"wp","href":"https:\/\/api.w.org\/{rel}","templated":true}]}}