{"id":179715,"date":"2025-10-20T08:21:39","date_gmt":"2025-10-20T08:21:39","guid":{"rendered":"https:\/\/www.otiumhome.fi\/?p=179715"},"modified":"2025-10-20T19:55:30","modified_gmt":"2025-10-20T19:55:30","slug":"nayttokoroke-valkoinen-42x24x13-cm-tekninen-puu","status":"publish","type":"product","link":"https:\/\/www.otiumhome.fi\/index.php\/tuote\/nayttokoroke-valkoinen-42x24x13-cm-tekninen-puu\/","title":{"rendered":"N\u00e4ytt\u00f6koroke valkoinen 42x24x13 cm tekninen puu"},"content":{"rendered":"<p>T\u00e4m\u00e4 k\u00e4yt\u00e4nn\u00f6llinen ja minimalistinen n\u00e4ytt\u00f6koroke tuo asuintilaasi modernia ilmett\u00e4 ja pit\u00e4\u00e4 n\u00e4ytt\u00f6si oikeassa paikassa.<\/p>\n<\/p>\n<p>T\u00e4m\u00e4 n\u00e4ytt\u00f6koroke on valmistettu teknisest\u00e4 puusta, joka takaa sen vakauden, kest\u00e4vyyden ja pitk\u00e4n k\u00e4ytt\u00f6i\u00e4n. Sit\u00e4 voidaan k\u00e4ytt\u00e4\u00e4 TV-tasona tai korokkeena tietokoneen n\u00e4yt\u00f6lle tai muille multimedialaitteille. N\u00e4yt\u00f6n nostaminen auttaa v\u00e4hent\u00e4m\u00e4\u00e4n niskan ja sel\u00e4n rasitusta. N\u00e4ytt\u00f6tason alla olevalle hyllylle voit asettaa esimerkiksi n\u00e4pp\u00e4imist\u00f6n, DVD-soittimen, pelikonsolin, suoratoistolaitteet, medialaitteet, lehti\u00f6t, kyn\u00e4t ja paljon muuta.<\/p>\n<\/p>\n<p>Kaikki pinnat on helppo puhdistaa. Koroke on helppo koota.<\/p>\n<ul>\n<li>V\u00e4ri: valkoinen<\/li>\n<li>Materiaali: tekninen puu<\/li>\n<li>Mitat: 42 x 24 x 13 cm (L x S x K)<\/li>\n<li>Sis\u00e4lt\u00e4\u00e4 hyllyn<\/li>\n<\/ul>\n","protected":false},"excerpt":{"rendered":"<ul>\n<li>V\u00e4ri: valkoinen<\/li>\n<li>Materiaali: tekninen puu<\/li>\n<li>Mitat: 42 x 24 x 13 cm (L x S x K)<\/li>\n<li>Sis\u00e4lt\u00e4\u00e4 hyllyn<\/li>\n<\/ul>\n","protected":false},"featured_media":100000179715,"comment_status":"closed","ping_status":"closed","template":"","meta":[],"product_brand":[],"product_cat":[84],"product_tag":[],"class_list":{"0":"post-179715","1":"product","2":"type-product","3":"status-publish","4":"has-post-thumbnail","6":"product_cat-huonekalut","8":"first","9":"instock","10":"taxable","11":"shipping-taxable","12":"purchasable","13":"product-type-simple"},"_links":{"self":[{"href":"https:\/\/www.otiumhome.fi\/index.php\/wp-json\/wp\/v2\/product\/179715","targetHints":{"allow":["GET"]}}],"collection":[{"href":"https:\/\/www.otiumhome.fi\/index.php\/wp-json\/wp\/v2\/product"}],"about":[{"href":"https:\/\/www.otiumhome.fi\/index.php\/wp-json\/wp\/v2\/types\/product"}],"replies":[{"embeddable":true,"href":"https:\/\/www.otiumhome.fi\/index.php\/wp-json\/wp\/v2\/comments?post=179715"}],"wp:featuredmedia":[{"embeddable":true,"href":"https:\/\/www.otiumhome.fi\/index.php\/wp-json\/"}],"wp:attachment":[{"href":"https:\/\/www.otiumhome.fi\/index.php\/wp-json\/wp\/v2\/media?parent=179715"}],"wp:term":[{"taxonomy":"product_brand","embeddable":true,"href":"https:\/\/www.otiumhome.fi\/index.php\/wp-json\/wp\/v2\/product_brand?post=179715"},{"taxonomy":"product_cat","embeddable":true,"href":"https:\/\/www.otiumhome.fi\/index.php\/wp-json\/wp\/v2\/product_cat?post=179715"},{"taxonomy":"product_tag","embeddable":true,"href":"https:\/\/www.otiumhome.fi\/index.php\/wp-json\/wp\/v2\/product_tag?post=179715"}],"curies":[{"name":"wp","href":"https:\/\/api.w.org\/{rel}","templated":true}]}}