{"id":179708,"date":"2025-10-20T08:21:37","date_gmt":"2025-10-20T08:21:37","guid":{"rendered":"https:\/\/www.otiumhome.fi\/?p=179708"},"modified":"2025-10-20T18:14:39","modified_gmt":"2025-10-20T18:14:39","slug":"tv-taso-valkoinen-130x35x50-cm-lastulevy","status":"publish","type":"product","link":"https:\/\/www.otiumhome.fi\/index.php\/tuote\/tv-taso-valkoinen-130x35x50-cm-lastulevy\/","title":{"rendered":"TV-taso valkoinen 130x35x50 cm lastulevy"},"content":{"rendered":"<p>T\u00e4st\u00e4 TV-tasosta tulee elintilojesi keskipiste.<\/p>\n<\/p>\n<p>T\u00e4ss\u00e4 matalassa tasossa on vakaa ja kest\u00e4v\u00e4 rakenne. Se on varustettu kahdella ovella ja kahdella hyllyll\u00e4, joten stereokaappi on ihanteellinen DVD-levyjen, pelikonsoleiden, lehtien ja muiden tavaroiden j\u00e4rjest\u00e4miseen siististi. TV-tason puhdistus k\u00e4y lis\u00e4ksi helposti kostealla liinalla.<\/p>\n<ul>\n<li>V\u00e4ri: valkoinen<\/li>\n<li>Materiaali: lastulevy<\/li>\n<li>Mitat: 130 x 35 x 50 cm (P x L x K)<\/li>\n<li>Asennus vaaditaan: kyll\u00e4<\/li>\n<\/ul>\n","protected":false},"excerpt":{"rendered":"<ul>\n<li>V\u00e4ri: valkoinen<\/li>\n<li>Materiaali: lastulevy<\/li>\n<li>Mitat: 130 x 35 x 50 cm (P x L x K)<\/li>\n<li>Asennus vaaditaan: kyll\u00e4<\/li>\n<\/ul>\n","protected":false},"featured_media":100000179708,"comment_status":"closed","ping_status":"closed","template":"","meta":[],"product_brand":[],"product_cat":[84],"product_tag":[],"class_list":{"0":"post-179708","1":"product","2":"type-product","3":"status-publish","4":"has-post-thumbnail","6":"product_cat-huonekalut","8":"first","9":"instock","10":"taxable","11":"shipping-taxable","12":"purchasable","13":"product-type-simple"},"_links":{"self":[{"href":"https:\/\/www.otiumhome.fi\/index.php\/wp-json\/wp\/v2\/product\/179708","targetHints":{"allow":["GET"]}}],"collection":[{"href":"https:\/\/www.otiumhome.fi\/index.php\/wp-json\/wp\/v2\/product"}],"about":[{"href":"https:\/\/www.otiumhome.fi\/index.php\/wp-json\/wp\/v2\/types\/product"}],"replies":[{"embeddable":true,"href":"https:\/\/www.otiumhome.fi\/index.php\/wp-json\/wp\/v2\/comments?post=179708"}],"wp:featuredmedia":[{"embeddable":true,"href":"https:\/\/www.otiumhome.fi\/index.php\/wp-json\/"}],"wp:attachment":[{"href":"https:\/\/www.otiumhome.fi\/index.php\/wp-json\/wp\/v2\/media?parent=179708"}],"wp:term":[{"taxonomy":"product_brand","embeddable":true,"href":"https:\/\/www.otiumhome.fi\/index.php\/wp-json\/wp\/v2\/product_brand?post=179708"},{"taxonomy":"product_cat","embeddable":true,"href":"https:\/\/www.otiumhome.fi\/index.php\/wp-json\/wp\/v2\/product_cat?post=179708"},{"taxonomy":"product_tag","embeddable":true,"href":"https:\/\/www.otiumhome.fi\/index.php\/wp-json\/wp\/v2\/product_tag?post=179708"}],"curies":[{"name":"wp","href":"https:\/\/api.w.org\/{rel}","templated":true}]}}