{"id":179689,"date":"2025-10-20T08:21:32","date_gmt":"2025-10-20T08:21:32","guid":{"rendered":"https:\/\/www.otiumhome.fi\/?p=179689"},"modified":"2025-12-14T18:08:30","modified_gmt":"2025-12-14T18:08:30","slug":"tv-taso-led-valoilla-harmaa-sonoma-120x35x40-cm","status":"publish","type":"product","link":"https:\/\/www.otiumhome.fi\/index.php\/tuote\/tv-taso-led-valoilla-harmaa-sonoma-120x35x40-cm\/","title":{"rendered":"TV-taso LED-valoilla harmaa Sonoma 120x35x40 cm"},"content":{"rendered":"<p>Tyylik\u00e4s ja k\u00e4yt\u00e4nn\u00f6llisesti muotoiltu TV-taso LED-valoilla tulee varmasti olemaan huoneesi keskipiste.<\/p>\n<\/p>\n<ul>\n<li>V\u00e4rik\u00e4s LED-valo: Tuo leikkisyytt\u00e4 pimeyteen v\u00e4rikk\u00e4ill\u00e4 LED-valoilla! <\/li>\n<li>Moderni tyyli: Lis\u00e4\u00e4 moderni tyyli\u00e4 nykyiseen sisustukseesi t\u00e4ll\u00e4 mediakaapilla! Modernissa muotoilussa on puhtaat linjat, minimalistinen ulkon\u00e4k\u00f6 ja luonnonvalo osana sisustustyyli\u00e4. <\/li>\n<li>Runsaasti s\u00e4ilytystilaa: Runsas s\u00e4ilytystila helpottaa tavaroiden j\u00e4rjest\u00e4mist\u00e4. <\/li>\n<\/ul>\n<p>Huomioi:<\/p>\n<ul>\n<li>Tuotteessa on USB-liitin, mutta sertifioitu 5 V USB virtal\u00e4hde ei sis\u00e4lly toimitukseen.<\/li>\n<\/ul>\n<ul>\n<li>V\u00e4ri: harmaa Sonoma-tammi<\/li>\n<li>Materiaali: tekninen puu<\/li>\n<li>Mitat: 120 x 35 x 40 cm (P x L x K)<\/li>\n<li>RGB LED-valoilla<\/li>\n<li>Asennus vaaditaan: kyll\u00e4<\/li>\n<\/ul>\n","protected":false},"excerpt":{"rendered":"<ul>\n<li>V\u00e4ri: harmaa Sonoma-tammi<\/li>\n<li>Materiaali: tekninen puu<\/li>\n<li>Mitat: 120 x 35 x 40 cm (P x L x K)<\/li>\n<li>RGB LED-valoilla<\/li>\n<li>Asennus vaaditaan: kyll\u00e4<\/li>\n<\/ul>\n","protected":false},"featured_media":100000179689,"comment_status":"closed","ping_status":"closed","template":"","meta":[],"product_brand":[],"product_cat":[84],"product_tag":[],"class_list":{"0":"post-179689","1":"product","2":"type-product","3":"status-publish","4":"has-post-thumbnail","6":"product_cat-huonekalut","8":"first","9":"instock","10":"taxable","11":"shipping-taxable","12":"purchasable","13":"product-type-simple"},"_links":{"self":[{"href":"https:\/\/www.otiumhome.fi\/index.php\/wp-json\/wp\/v2\/product\/179689","targetHints":{"allow":["GET"]}}],"collection":[{"href":"https:\/\/www.otiumhome.fi\/index.php\/wp-json\/wp\/v2\/product"}],"about":[{"href":"https:\/\/www.otiumhome.fi\/index.php\/wp-json\/wp\/v2\/types\/product"}],"replies":[{"embeddable":true,"href":"https:\/\/www.otiumhome.fi\/index.php\/wp-json\/wp\/v2\/comments?post=179689"}],"wp:featuredmedia":[{"embeddable":true,"href":"https:\/\/www.otiumhome.fi\/index.php\/wp-json\/"}],"wp:attachment":[{"href":"https:\/\/www.otiumhome.fi\/index.php\/wp-json\/wp\/v2\/media?parent=179689"}],"wp:term":[{"taxonomy":"product_brand","embeddable":true,"href":"https:\/\/www.otiumhome.fi\/index.php\/wp-json\/wp\/v2\/product_brand?post=179689"},{"taxonomy":"product_cat","embeddable":true,"href":"https:\/\/www.otiumhome.fi\/index.php\/wp-json\/wp\/v2\/product_cat?post=179689"},{"taxonomy":"product_tag","embeddable":true,"href":"https:\/\/www.otiumhome.fi\/index.php\/wp-json\/wp\/v2\/product_tag?post=179689"}],"curies":[{"name":"wp","href":"https:\/\/api.w.org\/{rel}","templated":true}]}}