{"id":179687,"date":"2025-10-20T08:21:31","date_gmt":"2025-10-20T08:21:31","guid":{"rendered":"https:\/\/www.otiumhome.fi\/?p=179687"},"modified":"2025-10-20T19:43:31","modified_gmt":"2025-10-20T19:43:31","slug":"tv-taso-rullapyorilla-valkoinen-90x35x35-cm-tekninen-puu","status":"publish","type":"product","link":"https:\/\/www.otiumhome.fi\/index.php\/tuote\/tv-taso-rullapyorilla-valkoinen-90x35x35-cm-tekninen-puu\/","title":{"rendered":"TV-taso rullapy\u00f6rill\u00e4 valkoinen 90x35x35 cm tekninen puu"},"content":{"rendered":"<p>Tyylik\u00e4s ja k\u00e4yt\u00e4nn\u00f6llisesti muotoiltu sek\u00e4 jykev\u00e4 TV-taso tulee varmasti olemaan huoneesi keskipiste.<\/p>\n<\/p>\n<p>TV-taso on valmistettu lastulevyst\u00e4, joka varmistaa sen tukevuuden, kest\u00e4vyyden ja pitk\u00e4n k\u00e4ytt\u00f6i\u00e4n. Kaapissa on 4 avointa osastoa ja se tarjoaa runsaasti s\u00e4ilytystilaa lehtien, kirjojen, DVD-soittimien, vastaanottimien, levyjen ja multimedialaitteiden pit\u00e4miseksi hyvin j\u00e4rjestettyin\u00e4 ja k\u00e4den ulottuvilla. Lis\u00e4ksi TV-taso on helppo siirt\u00e4\u00e4 nelj\u00e4n pehme\u00e4sti rullaavan py\u00f6r\u00e4n ansiosta ja pit\u00e4\u00e4 paikallaan kahden lukittavan rullapy\u00f6r\u00e4n ansiosta.<\/p>\n<\/p>\n<p>TV-taso on helppo puhdistaa kostealla liinalla ja helppo koota mukana tulevalla asennussarjalla.<\/p>\n<ul>\n<li>V\u00e4ri: valkoinen<\/li>\n<li>Materiaali: tekninen puu<\/li>\n<li>Mitat: 90 x 35 x 35 cm (L x S x K)<\/li>\n<li>4 avointa s\u00e4ilytystilaa<\/li>\n<li>Helppo siirt\u00e4\u00e4 nelj\u00e4n pehme\u00e4sti rullaavan rullapy\u00f6r\u00e4n ansiosta<\/li>\n<li>2 rullapy\u00f6r\u00e4\u00e4 lukittavissa<\/li>\n<\/ul>\n","protected":false},"excerpt":{"rendered":"<ul>\n<li>V\u00e4ri: valkoinen<\/li>\n<li>Materiaali: tekninen puu<\/li>\n<li>Mitat: 90 x 35 x 35 cm (L x S x K)<\/li>\n<li>4 avointa s\u00e4ilytystilaa<\/li>\n<li>Helppo siirt\u00e4\u00e4 nelj\u00e4n pehme\u00e4sti rullaavan rullapy\u00f6r\u00e4n ansiosta<\/li>\n<li>2 rullapy\u00f6r\u00e4\u00e4 lukittavissa<\/li>\n<\/ul>\n","protected":false},"featured_media":100000179687,"comment_status":"closed","ping_status":"closed","template":"","meta":[],"product_brand":[],"product_cat":[84],"product_tag":[],"class_list":{"0":"post-179687","1":"product","2":"type-product","3":"status-publish","4":"has-post-thumbnail","6":"product_cat-huonekalut","8":"first","9":"instock","10":"taxable","11":"shipping-taxable","12":"purchasable","13":"product-type-simple"},"_links":{"self":[{"href":"https:\/\/www.otiumhome.fi\/index.php\/wp-json\/wp\/v2\/product\/179687","targetHints":{"allow":["GET"]}}],"collection":[{"href":"https:\/\/www.otiumhome.fi\/index.php\/wp-json\/wp\/v2\/product"}],"about":[{"href":"https:\/\/www.otiumhome.fi\/index.php\/wp-json\/wp\/v2\/types\/product"}],"replies":[{"embeddable":true,"href":"https:\/\/www.otiumhome.fi\/index.php\/wp-json\/wp\/v2\/comments?post=179687"}],"wp:featuredmedia":[{"embeddable":true,"href":"https:\/\/www.otiumhome.fi\/index.php\/wp-json\/"}],"wp:attachment":[{"href":"https:\/\/www.otiumhome.fi\/index.php\/wp-json\/wp\/v2\/media?parent=179687"}],"wp:term":[{"taxonomy":"product_brand","embeddable":true,"href":"https:\/\/www.otiumhome.fi\/index.php\/wp-json\/wp\/v2\/product_brand?post=179687"},{"taxonomy":"product_cat","embeddable":true,"href":"https:\/\/www.otiumhome.fi\/index.php\/wp-json\/wp\/v2\/product_cat?post=179687"},{"taxonomy":"product_tag","embeddable":true,"href":"https:\/\/www.otiumhome.fi\/index.php\/wp-json\/wp\/v2\/product_tag?post=179687"}],"curies":[{"name":"wp","href":"https:\/\/api.w.org\/{rel}","templated":true}]}}