{"id":179680,"date":"2025-10-20T08:21:29","date_gmt":"2025-10-20T08:21:29","guid":{"rendered":"https:\/\/www.otiumhome.fi\/?p=179680"},"modified":"2025-10-20T18:02:35","modified_gmt":"2025-10-20T18:02:35","slug":"tv-taso-korkeakiilto-valkoinen-100x24x32-cm-tekninen-puu","status":"publish","type":"product","link":"https:\/\/www.otiumhome.fi\/index.php\/tuote\/tv-taso-korkeakiilto-valkoinen-100x24x32-cm-tekninen-puu\/","title":{"rendered":"TV-taso korkeakiilto valkoinen 100x24x32 cm tekninen puu"},"content":{"rendered":"<p>Sulavalinjaisesti ja klassisesti muotoiltu TV-kaappi on koristeellinen ja k\u00e4yt\u00e4nn\u00f6llinen lis\u00e4 sisustukseesi.<\/p>\n<\/p>\n<p>T\u00e4m\u00e4n kaapin rakenne on tukeva ja kest\u00e4v\u00e4, taaten vuosien palvelusi\u00e4n. TV-yksik\u00f6ss\u00e4 on kaksi tilavaa hylly\u00e4, jotka tarjoavat paljon tilaa kirjojen, lehtien, DVD-levyjen, multimedialaitteiden ja koristeiden hyv\u00e4ss\u00e4 j\u00e4rjestyksess\u00e4 ja ulottuvilla s\u00e4ilytykseen ja esille laittoon. Puhdistus k\u00e4y helposti kostella liinalla.<\/p>\n<ul>\n<li>V\u00e4ri: valkoinen korkeakiilto<\/li>\n<li>Materiaali: tekninen puu<\/li>\n<li>Mitat: 100 x 24 x 32 cm (L x S x K)<\/li>\n<li>Asennus vaaditaan: kyll\u00e4<\/li>\n<\/ul>\n","protected":false},"excerpt":{"rendered":"<ul>\n<li>V\u00e4ri: valkoinen korkeakiilto<\/li>\n<li>Materiaali: tekninen puu<\/li>\n<li>Mitat: 100 x 24 x 32 cm (L x S x K)<\/li>\n<li>Asennus vaaditaan: kyll\u00e4<\/li>\n<\/ul>\n","protected":false},"featured_media":100000179680,"comment_status":"closed","ping_status":"closed","template":"","meta":[],"product_brand":[],"product_cat":[84],"product_tag":[],"class_list":{"0":"post-179680","1":"product","2":"type-product","3":"status-publish","4":"has-post-thumbnail","6":"product_cat-huonekalut","8":"first","9":"instock","10":"taxable","11":"shipping-taxable","12":"purchasable","13":"product-type-simple"},"_links":{"self":[{"href":"https:\/\/www.otiumhome.fi\/index.php\/wp-json\/wp\/v2\/product\/179680","targetHints":{"allow":["GET"]}}],"collection":[{"href":"https:\/\/www.otiumhome.fi\/index.php\/wp-json\/wp\/v2\/product"}],"about":[{"href":"https:\/\/www.otiumhome.fi\/index.php\/wp-json\/wp\/v2\/types\/product"}],"replies":[{"embeddable":true,"href":"https:\/\/www.otiumhome.fi\/index.php\/wp-json\/wp\/v2\/comments?post=179680"}],"wp:featuredmedia":[{"embeddable":true,"href":"https:\/\/www.otiumhome.fi\/index.php\/wp-json\/"}],"wp:attachment":[{"href":"https:\/\/www.otiumhome.fi\/index.php\/wp-json\/wp\/v2\/media?parent=179680"}],"wp:term":[{"taxonomy":"product_brand","embeddable":true,"href":"https:\/\/www.otiumhome.fi\/index.php\/wp-json\/wp\/v2\/product_brand?post=179680"},{"taxonomy":"product_cat","embeddable":true,"href":"https:\/\/www.otiumhome.fi\/index.php\/wp-json\/wp\/v2\/product_cat?post=179680"},{"taxonomy":"product_tag","embeddable":true,"href":"https:\/\/www.otiumhome.fi\/index.php\/wp-json\/wp\/v2\/product_tag?post=179680"}],"curies":[{"name":"wp","href":"https:\/\/api.w.org\/{rel}","templated":true}]}}