{"id":179657,"date":"2025-10-20T08:21:24","date_gmt":"2025-10-20T08:21:24","guid":{"rendered":"https:\/\/www.otiumhome.fi\/?p=179657"},"modified":"2025-10-20T17:58:38","modified_gmt":"2025-10-20T17:58:38","slug":"tv-taso-korkeakiilto-musta-104x30x52-cm-tekninen-puu","status":"publish","type":"product","link":"https:\/\/www.otiumhome.fi\/index.php\/tuote\/tv-taso-korkeakiilto-musta-104x30x52-cm-tekninen-puu\/","title":{"rendered":"TV-taso korkeakiilto musta 104x30x52 cm tekninen puu"},"content":{"rendered":"<p>TV-tasossa yhdistyy todellinen toimivuus sek\u00e4 monipuolisuus, ja siit\u00e4 tulee huoneesi keskipiste.<\/p>\n<\/p>\n<p>Moduulisuunnittelu antaa sinun keksi\u00e4 ymp\u00e4rist\u00f6si j\u00e4rjestyksen ja muokata tilasi k\u00e4ytt\u00f6\u00e4 tarpeidesi mukaan. Se on ihanteellinen olo- ja makuuhuoneisiin, ja sen hyllyt pit\u00e4v\u00e4t kirjasi ja tavarasi j\u00e4rjestyksess\u00e4.<\/p>\n<ul>\n<li>V\u00e4ri: korkeakiiltoinen musta<\/li>\n<li>Materiaali: tekninen puu<\/li>\n<li>Kokonaismitat: 104 x 30 x 52 cm (L x S x K)<\/li>\n<li>Asennus vaaditaan: kyll\u00e4<\/li>\n<li><strong>Huomio: <\/strong>Sein\u00e4\u00e4n kiinnitett\u00e4v\u00e4t ruuvit ja tulpat eiv\u00e4t sis\u00e4lly toimitukseen. Etsi ja k\u00e4yt\u00e4 sein\u00e4\u00e4si sopivia ruuveja ja tulppia. Jos olet ep\u00e4varma, kysy ammattilaisen neuvoa. Lue ja seuraa asennusohjeiden jokaista vaihetta huolella.<\/li>\n<\/ul>\n","protected":false},"excerpt":{"rendered":"<ul>\n<li>V\u00e4ri: korkeakiiltoinen musta<\/li>\n<li>Materiaali: tekninen puu<\/li>\n<li>Kokonaismitat: 104 x 30 x 52 cm (L x S x K)<\/li>\n<li>Asennus vaaditaan: kyll\u00e4<\/li>\n<li><strong>Huomio: <\/strong>Sein\u00e4\u00e4n kiinnitett\u00e4v\u00e4t ruuvit ja tulpat eiv\u00e4t sis\u00e4lly toimitukseen. Etsi ja k\u00e4yt\u00e4 sein\u00e4\u00e4si sopivia ruuveja ja tulppia. Jos olet ep\u00e4varma, kysy ammattilaisen neuvoa. Lue ja seuraa asennusohjeiden jokaista vaihetta huolella.<\/li>\n<\/ul>\n","protected":false},"featured_media":100000179657,"comment_status":"closed","ping_status":"closed","template":"","meta":[],"product_brand":[],"product_cat":[84],"product_tag":[],"class_list":{"0":"post-179657","1":"product","2":"type-product","3":"status-publish","4":"has-post-thumbnail","6":"product_cat-huonekalut","8":"first","9":"instock","10":"taxable","11":"shipping-taxable","12":"purchasable","13":"product-type-simple"},"_links":{"self":[{"href":"https:\/\/www.otiumhome.fi\/index.php\/wp-json\/wp\/v2\/product\/179657","targetHints":{"allow":["GET"]}}],"collection":[{"href":"https:\/\/www.otiumhome.fi\/index.php\/wp-json\/wp\/v2\/product"}],"about":[{"href":"https:\/\/www.otiumhome.fi\/index.php\/wp-json\/wp\/v2\/types\/product"}],"replies":[{"embeddable":true,"href":"https:\/\/www.otiumhome.fi\/index.php\/wp-json\/wp\/v2\/comments?post=179657"}],"wp:featuredmedia":[{"embeddable":true,"href":"https:\/\/www.otiumhome.fi\/index.php\/wp-json\/"}],"wp:attachment":[{"href":"https:\/\/www.otiumhome.fi\/index.php\/wp-json\/wp\/v2\/media?parent=179657"}],"wp:term":[{"taxonomy":"product_brand","embeddable":true,"href":"https:\/\/www.otiumhome.fi\/index.php\/wp-json\/wp\/v2\/product_brand?post=179657"},{"taxonomy":"product_cat","embeddable":true,"href":"https:\/\/www.otiumhome.fi\/index.php\/wp-json\/wp\/v2\/product_cat?post=179657"},{"taxonomy":"product_tag","embeddable":true,"href":"https:\/\/www.otiumhome.fi\/index.php\/wp-json\/wp\/v2\/product_tag?post=179657"}],"curies":[{"name":"wp","href":"https:\/\/api.w.org\/{rel}","templated":true}]}}