{"id":179564,"date":"2025-10-20T08:18:38","date_gmt":"2025-10-20T08:18:38","guid":{"rendered":"https:\/\/www.otiumhome.fi\/?p=179564"},"modified":"2025-10-20T18:42:31","modified_gmt":"2025-10-20T18:42:31","slug":"tv-kaappi-halden-2-liukuovea-valkoinen-150x40x60-cm-massiivipuu","status":"publish","type":"product","link":"https:\/\/www.otiumhome.fi\/index.php\/tuote\/tv-kaappi-halden-2-liukuovea-valkoinen-150x40x60-cm-massiivipuu\/","title":{"rendered":"TV Kaappi HALDEN 2 Liukuovea Valkoinen 150x40x60 cm Massiivipuu"},"content":{"rendered":"<p>HALDEN-sarjan TV-kaappi on suunniteltu tuomaan asuintilaasi sek\u00e4 toiminnallisuutta ett\u00e4 esteettist\u00e4 vieh\u00e4tyst\u00e4.<\/p>\n<\/p>\n<ul>\n<li>Pitk\u00e4kestoinen materiaali: T\u00e4ysi m\u00e4nty on kaunis luonnonmateriaali, joka tunnetaan kest\u00e4vyydest\u00e4\u00e4n ja pitk\u00e4ik\u00e4isyydest\u00e4\u00e4n. Sen suorat puunsyyt lis\u00e4\u00e4v\u00e4t sen vieh\u00e4tysvoimaa, kun taas oksanpaikat tarjoavat erottuvan rustiikkisen ulkon\u00e4\u00f6n.<\/li>\n<li>Runsaasti s\u00e4ilytystilaa: TV-kaappi on varustettu ovilla ja monipuolisilla s\u00e4ilytyslokeroilla, jotka auttavat pit\u00e4m\u00e4\u00e4n t\u00e4rkeimm\u00e4t tavarasi j\u00e4rjestyksess\u00e4 ja ilman sotkua. Liukuovet maksimoivat kaapin kapasiteetin, joten se on tehokas valinta siisteyden ja virtaviivaisen tilan yll\u00e4pit\u00e4miseen.<\/li>\n<li>Laajat sovellukset: TV-kaappi ei ole vain television sijoittamista varten. Se toimii monipuolisena lis\u00e4n\u00e4 kotiisi ja toimii senkkin\u00e4 tai buffet-kaapina olohuoneessa, makuuhuoneessa tai k\u00e4yt\u00e4v\u00e4ss\u00e4.<\/li>\n<li>Sile\u00e4 liukuovi: Kest\u00e4v\u00e4 metallilaitteisto ja sile\u00e4 liukumekanismi takaavat helpon p\u00e4\u00e4syn ja vaivattoman k\u00e4yt\u00f6n, kun taas laitteisto lis\u00e4\u00e4 yksik\u00f6n esteettist\u00e4 vetovoimaa.<\/li>\n<\/ul>\n<p>Varoitus:<\/p>\n<ul>\n<li>Kaatumisen est\u00e4miseksi t\u00e4t\u00e4 tuotetta on k\u00e4ytett\u00e4v\u00e4 mukana toimitetun sein\u00e4kiinnityslaitteen kanssa.<\/li>\n<\/ul>\n<ul>\n<li>V\u00e4ri: Valkoinen<\/li>\n<li>Materiaali: t\u00e4ysi m\u00e4nty, metalli<\/li>\n<li>Mitat: 150 x 40 x 60 cm (L x S x K)<\/li>\n<li>Kaksi liukuovea ja hylly<\/li>\n<li>Max. yl\u00e4levyn kantavuus: 50 kg<\/li>\n<li>Max. hyllyn kantavuus: 20 kg<\/li>\n<li>Alueen nimi: HALDEN<\/li>\n<li>Asennus vaaditaan: Kyll\u00e4<\/li>\n<\/ul>\n","protected":false},"excerpt":{"rendered":"<ul>\n<li>V\u00e4ri: Valkoinen<\/li>\n<li>Materiaali: t\u00e4ysi m\u00e4nty, metalli<\/li>\n<li>Mitat: 150 x 40 x 60 cm (L x S x K)<\/li>\n<li>Kaksi liukuovea ja hylly<\/li>\n<li>Max. yl\u00e4levyn kantavuus: 50 kg<\/li>\n<li>Max. hyllyn kantavuus: 20 kg<\/li>\n<li>Alueen nimi: HALDEN<\/li>\n<li>Asennus vaaditaan: Kyll\u00e4<\/li>\n<\/ul>\n","protected":false},"featured_media":100000179564,"comment_status":"closed","ping_status":"closed","template":"","meta":[],"product_brand":[],"product_cat":[84],"product_tag":[],"class_list":{"0":"post-179564","1":"product","2":"type-product","3":"status-publish","4":"has-post-thumbnail","6":"product_cat-huonekalut","8":"first","9":"instock","10":"taxable","11":"shipping-taxable","12":"purchasable","13":"product-type-simple"},"_links":{"self":[{"href":"https:\/\/www.otiumhome.fi\/index.php\/wp-json\/wp\/v2\/product\/179564","targetHints":{"allow":["GET"]}}],"collection":[{"href":"https:\/\/www.otiumhome.fi\/index.php\/wp-json\/wp\/v2\/product"}],"about":[{"href":"https:\/\/www.otiumhome.fi\/index.php\/wp-json\/wp\/v2\/types\/product"}],"replies":[{"embeddable":true,"href":"https:\/\/www.otiumhome.fi\/index.php\/wp-json\/wp\/v2\/comments?post=179564"}],"wp:featuredmedia":[{"embeddable":true,"href":"https:\/\/www.otiumhome.fi\/index.php\/wp-json\/"}],"wp:attachment":[{"href":"https:\/\/www.otiumhome.fi\/index.php\/wp-json\/wp\/v2\/media?parent=179564"}],"wp:term":[{"taxonomy":"product_brand","embeddable":true,"href":"https:\/\/www.otiumhome.fi\/index.php\/wp-json\/wp\/v2\/product_brand?post=179564"},{"taxonomy":"product_cat","embeddable":true,"href":"https:\/\/www.otiumhome.fi\/index.php\/wp-json\/wp\/v2\/product_cat?post=179564"},{"taxonomy":"product_tag","embeddable":true,"href":"https:\/\/www.otiumhome.fi\/index.php\/wp-json\/wp\/v2\/product_tag?post=179564"}],"curies":[{"name":"wp","href":"https:\/\/api.w.org\/{rel}","templated":true}]}}