{"id":179562,"date":"2025-10-20T08:18:37","date_gmt":"2025-10-20T08:18:37","guid":{"rendered":"https:\/\/www.otiumhome.fi\/?p=179562"},"modified":"2025-10-20T20:51:31","modified_gmt":"2025-10-20T20:51:31","slug":"tv-taso-tayspuiset-jalat-sonoma-tammi-1035x35x50-cm","status":"publish","type":"product","link":"https:\/\/www.otiumhome.fi\/index.php\/tuote\/tv-taso-tayspuiset-jalat-sonoma-tammi-1035x35x50-cm\/","title":{"rendered":"TV-taso t\u00e4yspuiset jalat Sonoma-tammi 103,5x35x50 cm"},"content":{"rendered":"<p>P\u00e4ivit\u00e4 sisustuksesi uudelle tasolle t\u00e4m\u00e4n hyvin suunnitellun ja hienostuneen Skandinaavista vieh\u00e4tysvoimaa huokuvan TV-tason avulla.<\/p>\n<\/p>\n<p>T\u00e4m\u00e4 TV-taso nelj\u00e4ll\u00e4 puisella jalalla on vakaa ja tukeva. Siin\u00e4 on kaksi hylly\u00e4 ja kaksi lokeroa, jotka tarjoavat runsaasti s\u00e4ilytystilaa pikkutavaroille, aikakauslehdille, kirjoille, DVD-levyille ja multimedialaitteille, jotta ne pysyv\u00e4t siistiss\u00e4 j\u00e4rjestyksess\u00e4 ja k\u00e4den ulottuvilla. Huonekalu on helppo puhdistaa kostealla liinalla.<\/p>\n<ul>\n<li>V\u00e4ri: Sonoma-tammi<\/li>\n<li>Materiaali: Tekninen puu, t\u00e4ysi eukalyptuspuu<\/li>\n<li>Mitat: 103,5 x 35 x 50 cm (P x L x K)<\/li>\n<li>Nelj\u00e4 t\u00e4ydest\u00e4 eukalyptuspuusta valmistettua jalkaa<\/li>\n<li>Sis\u00e4lt\u00e4\u00e4 kaksi hylly\u00e4 ja kaksi lokeroa<\/li>\n<li>Asennus vaaditaan: kyll\u00e4<\/li>\n<li><strong>VAROITUS:<\/strong> kaatumisen est\u00e4miseksi on t\u00e4t\u00e4 tuotetta k\u00e4ytett\u00e4v\u00e4 mukana toimitetun sein\u00e4kiinnityslaitteen kanssa.<\/li>\n<\/ul>\n","protected":false},"excerpt":{"rendered":"<ul>\n<li>V\u00e4ri: Sonoma-tammi<\/li>\n<li>Materiaali: Tekninen puu, t\u00e4ysi eukalyptuspuu<\/li>\n<li>Mitat: 103,5 x 35 x 50 cm (P x L x K)<\/li>\n<li>Nelj\u00e4 t\u00e4ydest\u00e4 eukalyptuspuusta valmistettua jalkaa<\/li>\n<li>Sis\u00e4lt\u00e4\u00e4 kaksi hylly\u00e4 ja kaksi lokeroa<\/li>\n<li>Asennus vaaditaan: kyll\u00e4<\/li>\n<li><strong>VAROITUS:<\/strong> kaatumisen est\u00e4miseksi on t\u00e4t\u00e4 tuotetta k\u00e4ytett\u00e4v\u00e4 mukana toimitetun sein\u00e4kiinnityslaitteen kanssa.<\/li>\n<\/ul>\n","protected":false},"featured_media":100000179562,"comment_status":"closed","ping_status":"closed","template":"","meta":[],"product_brand":[],"product_cat":[84],"product_tag":[],"class_list":{"0":"post-179562","1":"product","2":"type-product","3":"status-publish","4":"has-post-thumbnail","6":"product_cat-huonekalut","8":"first","9":"instock","10":"taxable","11":"shipping-taxable","12":"purchasable","13":"product-type-simple"},"_links":{"self":[{"href":"https:\/\/www.otiumhome.fi\/index.php\/wp-json\/wp\/v2\/product\/179562","targetHints":{"allow":["GET"]}}],"collection":[{"href":"https:\/\/www.otiumhome.fi\/index.php\/wp-json\/wp\/v2\/product"}],"about":[{"href":"https:\/\/www.otiumhome.fi\/index.php\/wp-json\/wp\/v2\/types\/product"}],"replies":[{"embeddable":true,"href":"https:\/\/www.otiumhome.fi\/index.php\/wp-json\/wp\/v2\/comments?post=179562"}],"wp:featuredmedia":[{"embeddable":true,"href":"https:\/\/www.otiumhome.fi\/index.php\/wp-json\/"}],"wp:attachment":[{"href":"https:\/\/www.otiumhome.fi\/index.php\/wp-json\/wp\/v2\/media?parent=179562"}],"wp:term":[{"taxonomy":"product_brand","embeddable":true,"href":"https:\/\/www.otiumhome.fi\/index.php\/wp-json\/wp\/v2\/product_brand?post=179562"},{"taxonomy":"product_cat","embeddable":true,"href":"https:\/\/www.otiumhome.fi\/index.php\/wp-json\/wp\/v2\/product_cat?post=179562"},{"taxonomy":"product_tag","embeddable":true,"href":"https:\/\/www.otiumhome.fi\/index.php\/wp-json\/wp\/v2\/product_tag?post=179562"}],"curies":[{"name":"wp","href":"https:\/\/api.w.org\/{rel}","templated":true}]}}