{"id":179498,"date":"2025-10-20T08:18:19","date_gmt":"2025-10-20T08:18:19","guid":{"rendered":"https:\/\/www.otiumhome.fi\/?p=179498"},"modified":"2025-10-20T18:08:07","modified_gmt":"2025-10-20T18:08:07","slug":"tv-taso-hunajanruskea-100x34x40-cm-taysi-manty","status":"publish","type":"product","link":"https:\/\/www.otiumhome.fi\/index.php\/tuote\/tv-taso-hunajanruskea-100x34x40-cm-taysi-manty\/","title":{"rendered":"TV-taso hunajanruskea 100x34x40 cm t\u00e4ysi m\u00e4nty"},"content":{"rendered":"<p>T\u00e4m\u00e4 tyylikk\u00e4\u00e4sti ja k\u00e4yt\u00e4nn\u00f6llisesti muotoiltu puinen TV-taso on erinomainen valinta elintiloihisi.<\/p>\n<\/p>\n<ul>\n<li>T\u00e4ysi m\u00e4nty: T\u00e4ysi m\u00e4nty on kaunis luonnonmateriaali. M\u00e4nnyll\u00e4 on suorat puunsyyt ja sen oksanpaikat antavat materiaalille sen ominaisen rustiikkisen ilmeen. T\u00e4m\u00e4 TV-taso on valmistettu t\u00e4ydest\u00e4 m\u00e4nnyst\u00e4 lis\u00e4vakauden takaamiseksi. <\/li>\n<li>Runsaasti s\u00e4ilytystilaa: TV-kaappi tarjoaa riitt\u00e4v\u00e4sti tilaa DVD-levyille, pelikonsoleille, lehdille ja muille tavaroille niiden siistiss\u00e4 j\u00e4rjestyksess\u00e4 ja ulottuvilla pit\u00e4miseen. <\/li>\n<li>Tukeva yl\u00e4taso: T\u00e4m\u00e4n mediakaapin yl\u00e4taso on ihanteellinen paikka asettaa esille suosikkiesineit\u00e4si, kuten valokuvia, koristeita tai kukkia. <\/li>\n<\/ul>\n<p>Huomioi:<\/p>\n<ul>\n<li>Jokaisen tuotteen mukana on laatikossa kokoonpano-ohje helppoa asennusta varten.<\/li>\n<\/ul>\n<ul>\n<li>V\u00e4ri: Hunajanruskea<\/li>\n<li>Materiaali: T\u00e4ysi m\u00e4nty<\/li>\n<li>Mitat: 100 x 34 x 40 cm (L x S x K)<\/li>\n<\/ul>\n","protected":false},"excerpt":{"rendered":"<ul>\n<li>V\u00e4ri: Hunajanruskea<\/li>\n<li>Materiaali: T\u00e4ysi m\u00e4nty<\/li>\n<li>Mitat: 100 x 34 x 40 cm (L x S x K)<\/li>\n<\/ul>\n","protected":false},"featured_media":100000179498,"comment_status":"closed","ping_status":"closed","template":"","meta":[],"product_brand":[],"product_cat":[84],"product_tag":[],"class_list":{"0":"post-179498","1":"product","2":"type-product","3":"status-publish","4":"has-post-thumbnail","6":"product_cat-huonekalut","8":"first","9":"instock","10":"taxable","11":"shipping-taxable","12":"purchasable","13":"product-type-simple"},"_links":{"self":[{"href":"https:\/\/www.otiumhome.fi\/index.php\/wp-json\/wp\/v2\/product\/179498","targetHints":{"allow":["GET"]}}],"collection":[{"href":"https:\/\/www.otiumhome.fi\/index.php\/wp-json\/wp\/v2\/product"}],"about":[{"href":"https:\/\/www.otiumhome.fi\/index.php\/wp-json\/wp\/v2\/types\/product"}],"replies":[{"embeddable":true,"href":"https:\/\/www.otiumhome.fi\/index.php\/wp-json\/wp\/v2\/comments?post=179498"}],"wp:featuredmedia":[{"embeddable":true,"href":"https:\/\/www.otiumhome.fi\/index.php\/wp-json\/"}],"wp:attachment":[{"href":"https:\/\/www.otiumhome.fi\/index.php\/wp-json\/wp\/v2\/media?parent=179498"}],"wp:term":[{"taxonomy":"product_brand","embeddable":true,"href":"https:\/\/www.otiumhome.fi\/index.php\/wp-json\/wp\/v2\/product_brand?post=179498"},{"taxonomy":"product_cat","embeddable":true,"href":"https:\/\/www.otiumhome.fi\/index.php\/wp-json\/wp\/v2\/product_cat?post=179498"},{"taxonomy":"product_tag","embeddable":true,"href":"https:\/\/www.otiumhome.fi\/index.php\/wp-json\/wp\/v2\/product_tag?post=179498"}],"curies":[{"name":"wp","href":"https:\/\/api.w.org\/{rel}","templated":true}]}}