{"id":179496,"date":"2025-10-20T08:18:18","date_gmt":"2025-10-20T08:18:18","guid":{"rendered":"https:\/\/www.otiumhome.fi\/?p=179496"},"modified":"2025-10-20T19:24:08","modified_gmt":"2025-10-20T19:24:08","slug":"tv-taso-valkoinen-72x35x365-cm-tekninen-puu","status":"publish","type":"product","link":"https:\/\/www.otiumhome.fi\/index.php\/tuote\/tv-taso-valkoinen-72x35x365-cm-tekninen-puu\/","title":{"rendered":"TV-taso valkoinen 72x35x36,5 cm tekninen puu"},"content":{"rendered":"<p>T\u00e4st\u00e4 klassisesti muotoillusta, trendikk\u00e4\u00e4st\u00e4 ja k\u00e4yt\u00e4nn\u00f6llisest\u00e4 TV-tasosta tulee huoneesi keskipiste.<\/p>\n<\/p>\n<p>T\u00e4m\u00e4 TV-taso on varustettu kahdella lokerolla, jotka tarjoavat runsaasti s\u00e4ilytystilaa aikakauslehdille, kirjoille, DVD-levyille ja multimedialaitteille. Tavarasi pysyv\u00e4t hyv\u00e4ss\u00e4 j\u00e4rjestyksess\u00e4 ja k\u00e4den ulottuvilla. TV-yksikk\u00f6 voidaan sijoittaa joko vaaka- tai pystysuoraan, tehden siit\u00e4 t\u00e4ydellisen lis\u00e4n kotiisi.<\/p>\n<ul>\n<li>V\u00e4ri: valkoinen<\/li>\n<li>Materiaali: tekninen puu<\/li>\n<li>Mitat: 72 x 35 x 36,5 cm (L x S x K)<\/li>\n<li>Sis\u00e4lt\u00e4\u00e4 2 osastoa<\/li>\n<li>Voidaan asettaa vaaka- tai pystysuoraan<\/li>\n<li>Asennus vaaditaan: kyll\u00e4<\/li>\n<li><strong>Huomio: <\/strong>Sein\u00e4\u00e4n kiinnitett\u00e4v\u00e4t ruuvit ja tulpat eiv\u00e4t sis\u00e4lly toimitukseen. Etsi ja k\u00e4yt\u00e4 sein\u00e4\u00e4si sopivia ruuveja ja tulppia. Jos olet ep\u00e4varma, kysy ammattilaisen neuvoa. Lue ja seuraa asennusohjeiden jokaista vaihetta huolella.<\/li>\n<\/ul>\n","protected":false},"excerpt":{"rendered":"<ul>\n<li>V\u00e4ri: valkoinen<\/li>\n<li>Materiaali: tekninen puu<\/li>\n<li>Mitat: 72 x 35 x 36,5 cm (L x S x K)<\/li>\n<li>Sis\u00e4lt\u00e4\u00e4 2 osastoa<\/li>\n<li>Voidaan asettaa vaaka- tai pystysuoraan<\/li>\n<li>Asennus vaaditaan: kyll\u00e4<\/li>\n<li><strong>Huomio: <\/strong>Sein\u00e4\u00e4n kiinnitett\u00e4v\u00e4t ruuvit ja tulpat eiv\u00e4t sis\u00e4lly toimitukseen. Etsi ja k\u00e4yt\u00e4 sein\u00e4\u00e4si sopivia ruuveja ja tulppia. Jos olet ep\u00e4varma, kysy ammattilaisen neuvoa. Lue ja seuraa asennusohjeiden jokaista vaihetta huolella.<\/li>\n<\/ul>\n","protected":false},"featured_media":100000179496,"comment_status":"closed","ping_status":"closed","template":"","meta":[],"product_brand":[],"product_cat":[84],"product_tag":[],"class_list":{"0":"post-179496","1":"product","2":"type-product","3":"status-publish","4":"has-post-thumbnail","6":"product_cat-huonekalut","8":"first","9":"instock","10":"taxable","11":"shipping-taxable","12":"purchasable","13":"product-type-simple"},"_links":{"self":[{"href":"https:\/\/www.otiumhome.fi\/index.php\/wp-json\/wp\/v2\/product\/179496","targetHints":{"allow":["GET"]}}],"collection":[{"href":"https:\/\/www.otiumhome.fi\/index.php\/wp-json\/wp\/v2\/product"}],"about":[{"href":"https:\/\/www.otiumhome.fi\/index.php\/wp-json\/wp\/v2\/types\/product"}],"replies":[{"embeddable":true,"href":"https:\/\/www.otiumhome.fi\/index.php\/wp-json\/wp\/v2\/comments?post=179496"}],"wp:featuredmedia":[{"embeddable":true,"href":"https:\/\/www.otiumhome.fi\/index.php\/wp-json\/"}],"wp:attachment":[{"href":"https:\/\/www.otiumhome.fi\/index.php\/wp-json\/wp\/v2\/media?parent=179496"}],"wp:term":[{"taxonomy":"product_brand","embeddable":true,"href":"https:\/\/www.otiumhome.fi\/index.php\/wp-json\/wp\/v2\/product_brand?post=179496"},{"taxonomy":"product_cat","embeddable":true,"href":"https:\/\/www.otiumhome.fi\/index.php\/wp-json\/wp\/v2\/product_cat?post=179496"},{"taxonomy":"product_tag","embeddable":true,"href":"https:\/\/www.otiumhome.fi\/index.php\/wp-json\/wp\/v2\/product_tag?post=179496"}],"curies":[{"name":"wp","href":"https:\/\/api.w.org\/{rel}","templated":true}]}}