{"id":179476,"date":"2025-10-20T08:14:59","date_gmt":"2025-10-20T08:14:59","guid":{"rendered":"https:\/\/www.otiumhome.fi\/?p=179476"},"modified":"2025-10-20T19:14:00","modified_gmt":"2025-10-20T19:14:00","slug":"tv-kaappi-musta-70x365x52-cm-taysi-manty","status":"publish","type":"product","link":"https:\/\/www.otiumhome.fi\/index.php\/tuote\/tv-kaappi-musta-70x365x52-cm-taysi-manty\/","title":{"rendered":"TV-kaappi musta 70&#215;36,5&#215;52 cm t\u00e4ysi m\u00e4nty"},"content":{"rendered":"<p>T\u00e4ss\u00e4 klassisessa puisessa TV-kaapissa on tyylik\u00e4s ja toiminnallinen muotoilu, se on suunniteltu huoneesi keskipisteeksi.<\/p>\n<\/p>\n<ul>\n<li>T\u00e4ysi m\u00e4nty: T\u00e4ysi m\u00e4nty on kaunis luonnonmateriaali. M\u00e4nnyll\u00e4 on suorat puunsyyt ja sen oksanpaikat antavat materiaalille sen ominaisen rustiikkisen ilmeen. T\u00e4m\u00e4 TV-taso on valmistettu t\u00e4ydest\u00e4 m\u00e4nnyst\u00e4 lis\u00e4vakauden takaamiseksi. <\/li>\n<li>Runsaasti s\u00e4ilytystilaa: TV-kaappi tarjoaa riitt\u00e4v\u00e4sti tilaa DVD-levyille, pelikonsoleille, lehdille ja muille tavaroille niiden siistiss\u00e4 j\u00e4rjestyksess\u00e4 ja ulottuvilla pit\u00e4miseen. <\/li>\n<li>Tukeva yl\u00e4taso: T\u00e4m\u00e4n mediakaapin yl\u00e4taso on ihanteellinen paikka asettaa esille suosikkiesineit\u00e4si, kuten valokuvia, koristeita tai kukkia. <\/li>\n<\/ul>\n<p>Varoitus:<\/p>\n<ul>\n<li>Kaatumisen est\u00e4miseksi on t\u00e4t\u00e4 tuotetta k\u00e4ytett\u00e4v\u00e4 mukana toimitetun sein\u00e4kiinnityslaitteen kanssa. <\/li>\n<\/ul>\n<p>Huomioi:<\/p>\n<ul>\n<li>Jokaisen tuotteen mukana on laatikossa kokoonpano-ohje helppoa asennusta varten.<\/li>\n<\/ul>\n<ul>\n<li>V\u00e4ri: Musta <\/li>\n<li>Materiaali: T\u00e4ysi m\u00e4nty <\/li>\n<li>Mitat: 70 x 36,5 x 52 cm (L x S x K)<\/li>\n<li>Legal Documents:\n<p><span>Lis\u00e4tietoja huonekalujesi kaatumisen est\u00e4misest\u00e4 voit l\u00f6yt\u00e4\u00e4 <span style=\"text-decoration: underline\"><strong><a title=\"https:\/\/bit.ly\/3bVwkQp\" href=\"https:\/\/bit.ly\/3bVwkQp\" target=\"_blank\">t\u00e4\u00e4lt\u00e4<\/a><\/strong><\/span><\/span><\/p>\n<\/li>\n<\/ul>\n","protected":false},"excerpt":{"rendered":"<ul>\n<li>V\u00e4ri: Musta <\/li>\n<li>Materiaali: T\u00e4ysi m\u00e4nty <\/li>\n<li>Mitat: 70 x 36,5 x 52 cm (L x S x K)<\/li>\n<li>Legal Documents:\n<p><span>Lis\u00e4tietoja huonekalujesi kaatumisen est\u00e4misest\u00e4 voit l\u00f6yt\u00e4\u00e4 <span style=\"text-decoration: underline\"><strong><a title=\"https:\/\/bit.ly\/3bVwkQp\" href=\"https:\/\/bit.ly\/3bVwkQp\" target=\"_blank\">t\u00e4\u00e4lt\u00e4<\/a><\/strong><\/span><\/span><\/p>\n<\/li>\n<\/ul>\n","protected":false},"featured_media":100000179476,"comment_status":"closed","ping_status":"closed","template":"","meta":[],"product_brand":[],"product_cat":[84],"product_tag":[],"class_list":{"0":"post-179476","1":"product","2":"type-product","3":"status-publish","4":"has-post-thumbnail","6":"product_cat-huonekalut","8":"first","9":"instock","10":"taxable","11":"shipping-taxable","12":"purchasable","13":"product-type-simple"},"_links":{"self":[{"href":"https:\/\/www.otiumhome.fi\/index.php\/wp-json\/wp\/v2\/product\/179476","targetHints":{"allow":["GET"]}}],"collection":[{"href":"https:\/\/www.otiumhome.fi\/index.php\/wp-json\/wp\/v2\/product"}],"about":[{"href":"https:\/\/www.otiumhome.fi\/index.php\/wp-json\/wp\/v2\/types\/product"}],"replies":[{"embeddable":true,"href":"https:\/\/www.otiumhome.fi\/index.php\/wp-json\/wp\/v2\/comments?post=179476"}],"wp:featuredmedia":[{"embeddable":true,"href":"https:\/\/www.otiumhome.fi\/index.php\/wp-json\/"}],"wp:attachment":[{"href":"https:\/\/www.otiumhome.fi\/index.php\/wp-json\/wp\/v2\/media?parent=179476"}],"wp:term":[{"taxonomy":"product_brand","embeddable":true,"href":"https:\/\/www.otiumhome.fi\/index.php\/wp-json\/wp\/v2\/product_brand?post=179476"},{"taxonomy":"product_cat","embeddable":true,"href":"https:\/\/www.otiumhome.fi\/index.php\/wp-json\/wp\/v2\/product_cat?post=179476"},{"taxonomy":"product_tag","embeddable":true,"href":"https:\/\/www.otiumhome.fi\/index.php\/wp-json\/wp\/v2\/product_tag?post=179476"}],"curies":[{"name":"wp","href":"https:\/\/api.w.org\/{rel}","templated":true}]}}