{"id":179475,"date":"2025-10-20T08:14:59","date_gmt":"2025-10-20T08:14:59","guid":{"rendered":"https:\/\/www.otiumhome.fi\/?p=179475"},"modified":"2025-10-20T19:11:19","modified_gmt":"2025-10-20T19:11:19","slug":"tv-taso-sonoma-tammi-37x35x37-cm-tekninen-puu","status":"publish","type":"product","link":"https:\/\/www.otiumhome.fi\/index.php\/tuote\/tv-taso-sonoma-tammi-37x35x37-cm-tekninen-puu\/","title":{"rendered":"TV-taso Sonoma-tammi 37x35x37 cm tekninen puu"},"content":{"rendered":"<p>T\u00e4st\u00e4 trendikk\u00e4\u00e4st\u00e4 ja k\u00e4yt\u00e4nn\u00f6llisest\u00e4 TV-kaapista tulee huoneesi keskipiste.<\/p>\n<\/p>\n<p>T\u00e4m\u00e4 TV-taso on valmistettu teknisest\u00e4 puusta, joten se on vakaa ja kest\u00e4v\u00e4. Yhdell\u00e4 lokerolla varustettu stereokaappi toimii k\u00e4yt\u00e4nn\u00f6llisen\u00e4 paikkana eri esineille, kuten palkinnoille, kirjoille, ker\u00e4ilyesineille, koristeille, jne. Hifi-kaapin puhdistus k\u00e4y helposti kostealla liinalla.<\/p>\n<ul>\n<li>V\u00e4ri: Sonoma-tammi<\/li>\n<li>Materiaali: tekninen puu<\/li>\n<li>Mitat: 37 x 35 x 37 cm (L x S x K)<\/li>\n<li>Asennus vaaditaan: kyll\u00e4<\/li>\n<\/ul>\n","protected":false},"excerpt":{"rendered":"<ul>\n<li>V\u00e4ri: Sonoma-tammi<\/li>\n<li>Materiaali: tekninen puu<\/li>\n<li>Mitat: 37 x 35 x 37 cm (L x S x K)<\/li>\n<li>Asennus vaaditaan: kyll\u00e4<\/li>\n<\/ul>\n","protected":false},"featured_media":100000179475,"comment_status":"closed","ping_status":"closed","template":"","meta":[],"product_brand":[],"product_cat":[84],"product_tag":[],"class_list":{"0":"post-179475","1":"product","2":"type-product","3":"status-publish","4":"has-post-thumbnail","6":"product_cat-huonekalut","8":"first","9":"instock","10":"taxable","11":"shipping-taxable","12":"purchasable","13":"product-type-simple"},"_links":{"self":[{"href":"https:\/\/www.otiumhome.fi\/index.php\/wp-json\/wp\/v2\/product\/179475","targetHints":{"allow":["GET"]}}],"collection":[{"href":"https:\/\/www.otiumhome.fi\/index.php\/wp-json\/wp\/v2\/product"}],"about":[{"href":"https:\/\/www.otiumhome.fi\/index.php\/wp-json\/wp\/v2\/types\/product"}],"replies":[{"embeddable":true,"href":"https:\/\/www.otiumhome.fi\/index.php\/wp-json\/wp\/v2\/comments?post=179475"}],"wp:featuredmedia":[{"embeddable":true,"href":"https:\/\/www.otiumhome.fi\/index.php\/wp-json\/"}],"wp:attachment":[{"href":"https:\/\/www.otiumhome.fi\/index.php\/wp-json\/wp\/v2\/media?parent=179475"}],"wp:term":[{"taxonomy":"product_brand","embeddable":true,"href":"https:\/\/www.otiumhome.fi\/index.php\/wp-json\/wp\/v2\/product_brand?post=179475"},{"taxonomy":"product_cat","embeddable":true,"href":"https:\/\/www.otiumhome.fi\/index.php\/wp-json\/wp\/v2\/product_cat?post=179475"},{"taxonomy":"product_tag","embeddable":true,"href":"https:\/\/www.otiumhome.fi\/index.php\/wp-json\/wp\/v2\/product_tag?post=179475"}],"curies":[{"name":"wp","href":"https:\/\/api.w.org\/{rel}","templated":true}]}}