{"id":179418,"date":"2025-10-20T08:14:44","date_gmt":"2025-10-20T08:14:44","guid":{"rendered":"https:\/\/www.otiumhome.fi\/?p=179418"},"modified":"2025-10-25T16:51:46","modified_gmt":"2025-10-25T16:51:46","slug":"tv-taso-valkoinen-80x35x405-cm-taysi-manty","status":"publish","type":"product","link":"https:\/\/www.otiumhome.fi\/index.php\/tuote\/tv-taso-valkoinen-80x35x405-cm-taysi-manty\/","title":{"rendered":"TV-taso valkoinen 80x35x40,5 cm t\u00e4ysi m\u00e4nty"},"content":{"rendered":"<p>T\u00e4ss\u00e4 trendikk\u00e4\u00e4ss\u00e4 puisessa TV-tasossa on sulavalinjainen ja tyylik\u00e4s muotoilu. Se on koristeellinen ja k\u00e4yt\u00e4nn\u00f6llinen lis\u00e4 huoneesi sisustukseesi.<\/p>\n<\/p>\n<ul>\n<li>T\u00e4ysi m\u00e4nty: T\u00e4ysi m\u00e4ntypuu on kaunis luonnollinen materiaali. M\u00e4nnyll\u00e4 on suorat puunsyyt ja sen oksanpaikat antavat materiaalille sen ominaisen rustiikkisen ilmeen.<\/li>\n<li>Runsaasti s\u00e4ilytystilaa: TV-yksikk\u00f6 on varustettu kahdella ovellisella lokerolla, joten se tarjoaa runsaasti s\u00e4ilytystilaa henkil\u00f6kohtaisten tavaroiden s\u00e4ilytt\u00e4miseen ja k\u00e4ttesi ulottuvilla pit\u00e4miseen.<\/li>\n<li>Esittelytoiminto: Tukeva yl\u00e4taso on t\u00e4ydellinen paikka esitell\u00e4 ruukkukasveja, valokuvakehyksi\u00e4 ja muita koriste-esineit\u00e4.<\/li>\n<\/ul>\n<p>Huomioi:<\/p>\n<ul>\n<li>Jokaisen tuotteen mukana on laatikossa kokoonpano-ohje helppoa asennusta varten.<\/li>\n<\/ul>\n<ul>\n<li>V\u00e4ri: Valkoinen<\/li>\n<li>Materiaali: T\u00e4ysi m\u00e4nty<\/li>\n<li>Mitat: 80 x 35 x 40,5 cm (L x S x K)<\/li>\n<\/ul>\n","protected":false},"excerpt":{"rendered":"<ul>\n<li>V\u00e4ri: Valkoinen<\/li>\n<li>Materiaali: T\u00e4ysi m\u00e4nty<\/li>\n<li>Mitat: 80 x 35 x 40,5 cm (L x S x K)<\/li>\n<\/ul>\n","protected":false},"featured_media":100000179418,"comment_status":"closed","ping_status":"closed","template":"","meta":[],"product_brand":[],"product_cat":[84],"product_tag":[],"class_list":{"0":"post-179418","1":"product","2":"type-product","3":"status-publish","4":"has-post-thumbnail","6":"product_cat-huonekalut","8":"first","9":"outofstock","10":"taxable","11":"shipping-taxable","12":"purchasable","13":"product-type-simple"},"_links":{"self":[{"href":"https:\/\/www.otiumhome.fi\/index.php\/wp-json\/wp\/v2\/product\/179418","targetHints":{"allow":["GET"]}}],"collection":[{"href":"https:\/\/www.otiumhome.fi\/index.php\/wp-json\/wp\/v2\/product"}],"about":[{"href":"https:\/\/www.otiumhome.fi\/index.php\/wp-json\/wp\/v2\/types\/product"}],"replies":[{"embeddable":true,"href":"https:\/\/www.otiumhome.fi\/index.php\/wp-json\/wp\/v2\/comments?post=179418"}],"wp:featuredmedia":[{"embeddable":true,"href":"https:\/\/www.otiumhome.fi\/index.php\/wp-json\/"}],"wp:attachment":[{"href":"https:\/\/www.otiumhome.fi\/index.php\/wp-json\/wp\/v2\/media?parent=179418"}],"wp:term":[{"taxonomy":"product_brand","embeddable":true,"href":"https:\/\/www.otiumhome.fi\/index.php\/wp-json\/wp\/v2\/product_brand?post=179418"},{"taxonomy":"product_cat","embeddable":true,"href":"https:\/\/www.otiumhome.fi\/index.php\/wp-json\/wp\/v2\/product_cat?post=179418"},{"taxonomy":"product_tag","embeddable":true,"href":"https:\/\/www.otiumhome.fi\/index.php\/wp-json\/wp\/v2\/product_tag?post=179418"}],"curies":[{"name":"wp","href":"https:\/\/api.w.org\/{rel}","templated":true}]}}