{"id":179338,"date":"2025-10-20T08:09:15","date_gmt":"2025-10-20T08:09:15","guid":{"rendered":"https:\/\/www.otiumhome.fi\/?p=179338"},"modified":"2025-10-20T19:55:45","modified_gmt":"2025-10-20T19:55:45","slug":"tv-taso-korkeakiilto-valkoinen-100x35x40-cm-tekninen-puu","status":"publish","type":"product","link":"https:\/\/www.otiumhome.fi\/index.php\/tuote\/tv-taso-korkeakiilto-valkoinen-100x35x40-cm-tekninen-puu\/","title":{"rendered":"TV-taso korkeakiilto valkoinen 100x35x40 cm tekninen puu"},"content":{"rendered":"<p>T\u00e4m\u00e4 klassinen TV-taso on k\u00e4yt\u00e4nn\u00f6llinen ja katseet vangitseva lis\u00e4 sisustukseesi.<\/p>\n<\/p>\n<ul>\n<li>Tukeva materiaali: Tekninen puu on poikkeuksellisen laadukasta ja sile\u00e4pintaista. Se on my\u00f6s luja, vakaa ja kosteudelle vastustuskykyinen.<\/li>\n<li>Runsaasti s\u00e4ilytystilaa: Stereokaappi sis\u00e4lt\u00e4\u00e4 laatikot ja lokerot, joissa voit s\u00e4ilytt\u00e4\u00e4 DVD-soittimen, pelikonsolit, sek\u00e4 suoratoisto- ja medialaitteet ulottuvilla ja siistiss\u00e4 j\u00e4rjestyksess\u00e4.<\/li>\n<li>Tukeva yl\u00e4taso: Mediayksik\u00f6n yl\u00e4taso toimii ihanteellisena paikkana esineiden, kuten kirjojen ja koristeiden asettamiseen.<\/li>\n<\/ul>\n<p>Huomioi:<\/p>\n<ul>\n<li>Jokaisen tuotteen mukana on laatikossa kokoonpano-ohje helppoa asennusta varten.<\/li>\n<\/ul>\n<ul>\n<li>V\u00e4ri: korkeakiilto valkoinen<\/li>\n<li>Materiaali: tekninen puu<\/li>\n<li>Mitat: 100 x 35 x 40 cm (L x S x K)<\/li>\n<\/ul>\n","protected":false},"excerpt":{"rendered":"<ul>\n<li>V\u00e4ri: korkeakiilto valkoinen<\/li>\n<li>Materiaali: tekninen puu<\/li>\n<li>Mitat: 100 x 35 x 40 cm (L x S x K)<\/li>\n<\/ul>\n","protected":false},"featured_media":100000179338,"comment_status":"closed","ping_status":"closed","template":"","meta":[],"product_brand":[],"product_cat":[84],"product_tag":[],"class_list":{"0":"post-179338","1":"product","2":"type-product","3":"status-publish","4":"has-post-thumbnail","6":"product_cat-huonekalut","8":"first","9":"outofstock","10":"taxable","11":"shipping-taxable","12":"purchasable","13":"product-type-simple"},"_links":{"self":[{"href":"https:\/\/www.otiumhome.fi\/index.php\/wp-json\/wp\/v2\/product\/179338","targetHints":{"allow":["GET"]}}],"collection":[{"href":"https:\/\/www.otiumhome.fi\/index.php\/wp-json\/wp\/v2\/product"}],"about":[{"href":"https:\/\/www.otiumhome.fi\/index.php\/wp-json\/wp\/v2\/types\/product"}],"replies":[{"embeddable":true,"href":"https:\/\/www.otiumhome.fi\/index.php\/wp-json\/wp\/v2\/comments?post=179338"}],"wp:featuredmedia":[{"embeddable":true,"href":"https:\/\/www.otiumhome.fi\/index.php\/wp-json\/"}],"wp:attachment":[{"href":"https:\/\/www.otiumhome.fi\/index.php\/wp-json\/wp\/v2\/media?parent=179338"}],"wp:term":[{"taxonomy":"product_brand","embeddable":true,"href":"https:\/\/www.otiumhome.fi\/index.php\/wp-json\/wp\/v2\/product_brand?post=179338"},{"taxonomy":"product_cat","embeddable":true,"href":"https:\/\/www.otiumhome.fi\/index.php\/wp-json\/wp\/v2\/product_cat?post=179338"},{"taxonomy":"product_tag","embeddable":true,"href":"https:\/\/www.otiumhome.fi\/index.php\/wp-json\/wp\/v2\/product_tag?post=179338"}],"curies":[{"name":"wp","href":"https:\/\/api.w.org\/{rel}","templated":true}]}}