{"id":179336,"date":"2025-10-20T08:09:15","date_gmt":"2025-10-20T08:09:15","guid":{"rendered":"https:\/\/www.otiumhome.fi\/?p=179336"},"modified":"2025-10-20T18:29:13","modified_gmt":"2025-10-20T18:29:13","slug":"seinakiinnitettava-tv-taso-musta-305x30x30-cm","status":"publish","type":"product","link":"https:\/\/www.otiumhome.fi\/index.php\/tuote\/seinakiinnitettava-tv-taso-musta-305x30x30-cm\/","title":{"rendered":"Sein\u00e4kiinnitett\u00e4v\u00e4 TV-taso musta 30,5x30x30 cm"},"content":{"rendered":"<p>T\u00e4st\u00e4 trendikk\u00e4\u00e4st\u00e4 ja k\u00e4yt\u00e4nn\u00f6llisest\u00e4 TV-kaapista tulee huoneesi keskipiste.<\/p>\n<\/p>\n<p>T\u00e4m\u00e4 tyylik\u00e4s TV-taso voidaan kiinnitt\u00e4\u00e4 sein\u00e4\u00e4n ja se on ajaton lis\u00e4 kotiisi. Siin\u00e4 on suuri lokero, mik\u00e4 tekee siit\u00e4 ihanteellisen paikan kaikkien aikakauslehtien, DVD-levyjen tai muiden esineiden s\u00e4ilytt\u00e4miseen. T\u00e4m\u00e4 Hifi-kaappi voidaan koota ovi avautumaan vasemmalle tai oikealle. Se on helppo puhdistaa kostealla liinalla.<\/p>\n<ul>\n<li>V\u00e4ri: musta<\/li>\n<li>Materiaali: tekninen puu<\/li>\n<li>Mitat: 30,5 x 30 x 30 cm (L x S x K)<\/li>\n<li>Voidaan koota ovi avautumaan vasemmalle tai oikealle<\/li>\n<li>Maksimikantavuus (yhteens\u00e4): 60 kg<\/li>\n<li>Asennus vaaditaan: kyll\u00e4<\/li>\n<li><strong>Huomio: <\/strong>Sein\u00e4\u00e4n kiinnitett\u00e4v\u00e4t ruuvit ja tulpat eiv\u00e4t sis\u00e4lly toimitukseen. Etsi ja k\u00e4yt\u00e4 sein\u00e4\u00e4si sopivia ruuveja ja tulppia. Jos olet ep\u00e4varma, kysy ammattilaisen neuvoa. Lue ja seuraa asennusohjeiden jokaista vaihetta huolella.<\/li>\n<\/ul>\n","protected":false},"excerpt":{"rendered":"<ul>\n<li>V\u00e4ri: musta<\/li>\n<li>Materiaali: tekninen puu<\/li>\n<li>Mitat: 30,5 x 30 x 30 cm (L x S x K)<\/li>\n<li>Voidaan koota ovi avautumaan vasemmalle tai oikealle<\/li>\n<li>Maksimikantavuus (yhteens\u00e4): 60 kg<\/li>\n<li>Asennus vaaditaan: kyll\u00e4<\/li>\n<li><strong>Huomio: <\/strong>Sein\u00e4\u00e4n kiinnitett\u00e4v\u00e4t ruuvit ja tulpat eiv\u00e4t sis\u00e4lly toimitukseen. Etsi ja k\u00e4yt\u00e4 sein\u00e4\u00e4si sopivia ruuveja ja tulppia. Jos olet ep\u00e4varma, kysy ammattilaisen neuvoa. Lue ja seuraa asennusohjeiden jokaista vaihetta huolella.<\/li>\n<\/ul>\n","protected":false},"featured_media":100000179336,"comment_status":"closed","ping_status":"closed","template":"","meta":[],"product_brand":[],"product_cat":[84],"product_tag":[],"class_list":{"0":"post-179336","1":"product","2":"type-product","3":"status-publish","4":"has-post-thumbnail","6":"product_cat-huonekalut","8":"first","9":"instock","10":"taxable","11":"shipping-taxable","12":"purchasable","13":"product-type-simple"},"_links":{"self":[{"href":"https:\/\/www.otiumhome.fi\/index.php\/wp-json\/wp\/v2\/product\/179336","targetHints":{"allow":["GET"]}}],"collection":[{"href":"https:\/\/www.otiumhome.fi\/index.php\/wp-json\/wp\/v2\/product"}],"about":[{"href":"https:\/\/www.otiumhome.fi\/index.php\/wp-json\/wp\/v2\/types\/product"}],"replies":[{"embeddable":true,"href":"https:\/\/www.otiumhome.fi\/index.php\/wp-json\/wp\/v2\/comments?post=179336"}],"wp:featuredmedia":[{"embeddable":true,"href":"https:\/\/www.otiumhome.fi\/index.php\/wp-json\/"}],"wp:attachment":[{"href":"https:\/\/www.otiumhome.fi\/index.php\/wp-json\/wp\/v2\/media?parent=179336"}],"wp:term":[{"taxonomy":"product_brand","embeddable":true,"href":"https:\/\/www.otiumhome.fi\/index.php\/wp-json\/wp\/v2\/product_brand?post=179336"},{"taxonomy":"product_cat","embeddable":true,"href":"https:\/\/www.otiumhome.fi\/index.php\/wp-json\/wp\/v2\/product_cat?post=179336"},{"taxonomy":"product_tag","embeddable":true,"href":"https:\/\/www.otiumhome.fi\/index.php\/wp-json\/wp\/v2\/product_tag?post=179336"}],"curies":[{"name":"wp","href":"https:\/\/api.w.org\/{rel}","templated":true}]}}