{"id":179302,"date":"2025-10-20T08:06:06","date_gmt":"2025-10-20T08:06:06","guid":{"rendered":"https:\/\/www.otiumhome.fi\/?p=179302"},"modified":"2025-10-20T18:14:30","modified_gmt":"2025-10-20T18:14:30","slug":"tv-taso-valkoinen-74x35x44-cm-taysi-manty","status":"publish","type":"product","link":"https:\/\/www.otiumhome.fi\/index.php\/tuote\/tv-taso-valkoinen-74x35x44-cm-taysi-manty\/","title":{"rendered":"TV-taso valkoinen 74x35x44 cm t\u00e4ysi m\u00e4nty"},"content":{"rendered":"<p>T\u00e4ss\u00e4 trendikk\u00e4\u00e4ss\u00e4 t\u00e4yspuisessa TV-tasossa on sulavalinjainen ja tyylik\u00e4s muotoilu. Se on koristeellinen ja k\u00e4yt\u00e4nn\u00f6llinen lis\u00e4 huoneesi sisustukseesi.<\/p>\n<\/p>\n<ul>\n<li>T\u00e4ysi m\u00e4nty: T\u00e4ysi m\u00e4nty on kaunis luonnollinen materiaali. M\u00e4nnyll\u00e4 on suorat puunsyyt ja sen oksanpaikat antavat materiaalille sen ominaisen rustiikkisen ilmeen.<\/li>\n<li>Runsaasti s\u00e4ilytystilaa: TV-yksikk\u00f6 on varustettu kahdella suurella osastolla, joten se tarjoaa runsaasti s\u00e4ilytystilaa henkil\u00f6kohtaisten tavaroiden s\u00e4ilytt\u00e4miseen ja k\u00e4ttesi ulottuvilla pit\u00e4miseen.<\/li>\n<li>Esittelytoiminto: Tukeva p\u00f6yt\u00e4levy sopii erinomaisesti koriste-esineiden, valokuvakehysten tai ruukkukasvien esille laittoon.<\/li>\n<li>Joustava oviasennus: Osaston ovi voidaan asentaa vasemmalle tai oikealle puolelle, t\u00e4ysi henkil\u00f6kohtaisten tottumusten ja mukavuutesi mukaan.<\/li>\n<\/ul>\n<ul>\n<li>V\u00e4ri: valkoinen<\/li>\n<li>Materiaali: t\u00e4ysi m\u00e4nty<\/li>\n<li>Mitat: 74 x 35 x 44 cm (L x S x K)<\/li>\n<li>Asennus vaaditaan: kyll\u00e4<\/li>\n<\/ul>\n","protected":false},"excerpt":{"rendered":"<ul>\n<li>V\u00e4ri: valkoinen<\/li>\n<li>Materiaali: t\u00e4ysi m\u00e4nty<\/li>\n<li>Mitat: 74 x 35 x 44 cm (L x S x K)<\/li>\n<li>Asennus vaaditaan: kyll\u00e4<\/li>\n<\/ul>\n","protected":false},"featured_media":100000179302,"comment_status":"closed","ping_status":"closed","template":"","meta":[],"product_brand":[],"product_cat":[84],"product_tag":[],"class_list":{"0":"post-179302","1":"product","2":"type-product","3":"status-publish","4":"has-post-thumbnail","6":"product_cat-huonekalut","8":"first","9":"instock","10":"taxable","11":"shipping-taxable","12":"purchasable","13":"product-type-simple"},"_links":{"self":[{"href":"https:\/\/www.otiumhome.fi\/index.php\/wp-json\/wp\/v2\/product\/179302","targetHints":{"allow":["GET"]}}],"collection":[{"href":"https:\/\/www.otiumhome.fi\/index.php\/wp-json\/wp\/v2\/product"}],"about":[{"href":"https:\/\/www.otiumhome.fi\/index.php\/wp-json\/wp\/v2\/types\/product"}],"replies":[{"embeddable":true,"href":"https:\/\/www.otiumhome.fi\/index.php\/wp-json\/wp\/v2\/comments?post=179302"}],"wp:featuredmedia":[{"embeddable":true,"href":"https:\/\/www.otiumhome.fi\/index.php\/wp-json\/"}],"wp:attachment":[{"href":"https:\/\/www.otiumhome.fi\/index.php\/wp-json\/wp\/v2\/media?parent=179302"}],"wp:term":[{"taxonomy":"product_brand","embeddable":true,"href":"https:\/\/www.otiumhome.fi\/index.php\/wp-json\/wp\/v2\/product_brand?post=179302"},{"taxonomy":"product_cat","embeddable":true,"href":"https:\/\/www.otiumhome.fi\/index.php\/wp-json\/wp\/v2\/product_cat?post=179302"},{"taxonomy":"product_tag","embeddable":true,"href":"https:\/\/www.otiumhome.fi\/index.php\/wp-json\/wp\/v2\/product_tag?post=179302"}],"curies":[{"name":"wp","href":"https:\/\/api.w.org\/{rel}","templated":true}]}}