{"id":179172,"date":"2025-10-20T07:56:28","date_gmt":"2025-10-20T07:56:28","guid":{"rendered":"https:\/\/www.otiumhome.fi\/?p=179172"},"modified":"2025-10-20T18:13:12","modified_gmt":"2025-10-20T18:13:12","slug":"tv-taso-valkoinen-140x37x50-cm-taysi-manty","status":"publish","type":"product","link":"https:\/\/www.otiumhome.fi\/index.php\/tuote\/tv-taso-valkoinen-140x37x50-cm-taysi-manty\/","title":{"rendered":"TV-taso valkoinen 140x37x50 cm t\u00e4ysi m\u00e4nty"},"content":{"rendered":"<p>T\u00e4st\u00e4 puisesta TV-tasosta tulee elintilojesi keskipiste.<\/p>\n<\/p>\n<p>T\u00e4m\u00e4 matala taso, joka on valmistettu t\u00e4ydest\u00e4 m\u00e4nnyst\u00e4 sis\u00e4lt\u00e4\u00e4 kelluvat jalat ja siin\u00e4 on vakaa ja kest\u00e4v\u00e4 rakenne. Kolmella lokerolla ja kolmella ovella varustettu stereokaappi on ihanteellinen DVD-levyjen, pelikonsolien, aikakauslehtien ja muiden tavaroiden siistiss\u00e4 j\u00e4rjestyksess\u00e4 s\u00e4ilytt\u00e4miseen. TV-telineen puhdistus k\u00e4y lis\u00e4ksi helposti kostealla liinalla.<\/p>\n<ul>\n<li>V\u00e4ri: valkoinen<\/li>\n<li>Materiaali: t\u00e4ysi m\u00e4nty<\/li>\n<li>Mitat: 140 x 37 x 50 cm (P x L x K)<\/li>\n<li>Asennus vaaditaan: kyll\u00e4<\/li>\n<\/ul>\n","protected":false},"excerpt":{"rendered":"<ul>\n<li>V\u00e4ri: valkoinen<\/li>\n<li>Materiaali: t\u00e4ysi m\u00e4nty<\/li>\n<li>Mitat: 140 x 37 x 50 cm (P x L x K)<\/li>\n<li>Asennus vaaditaan: kyll\u00e4<\/li>\n<\/ul>\n","protected":false},"featured_media":100000179172,"comment_status":"closed","ping_status":"closed","template":"","meta":[],"product_brand":[],"product_cat":[84],"product_tag":[],"class_list":{"0":"post-179172","1":"product","2":"type-product","3":"status-publish","4":"has-post-thumbnail","6":"product_cat-huonekalut","8":"first","9":"instock","10":"taxable","11":"shipping-taxable","12":"purchasable","13":"product-type-simple"},"_links":{"self":[{"href":"https:\/\/www.otiumhome.fi\/index.php\/wp-json\/wp\/v2\/product\/179172","targetHints":{"allow":["GET"]}}],"collection":[{"href":"https:\/\/www.otiumhome.fi\/index.php\/wp-json\/wp\/v2\/product"}],"about":[{"href":"https:\/\/www.otiumhome.fi\/index.php\/wp-json\/wp\/v2\/types\/product"}],"replies":[{"embeddable":true,"href":"https:\/\/www.otiumhome.fi\/index.php\/wp-json\/wp\/v2\/comments?post=179172"}],"wp:featuredmedia":[{"embeddable":true,"href":"https:\/\/www.otiumhome.fi\/index.php\/wp-json\/"}],"wp:attachment":[{"href":"https:\/\/www.otiumhome.fi\/index.php\/wp-json\/wp\/v2\/media?parent=179172"}],"wp:term":[{"taxonomy":"product_brand","embeddable":true,"href":"https:\/\/www.otiumhome.fi\/index.php\/wp-json\/wp\/v2\/product_brand?post=179172"},{"taxonomy":"product_cat","embeddable":true,"href":"https:\/\/www.otiumhome.fi\/index.php\/wp-json\/wp\/v2\/product_cat?post=179172"},{"taxonomy":"product_tag","embeddable":true,"href":"https:\/\/www.otiumhome.fi\/index.php\/wp-json\/wp\/v2\/product_tag?post=179172"}],"curies":[{"name":"wp","href":"https:\/\/api.w.org\/{rel}","templated":true}]}}