{"id":179149,"date":"2025-10-20T07:56:23","date_gmt":"2025-10-20T07:56:23","guid":{"rendered":"https:\/\/www.otiumhome.fi\/?p=179149"},"modified":"2025-10-25T16:51:18","modified_gmt":"2025-10-25T16:51:18","slug":"tv-taso-led-valoilla-musta-120x35x40-cm","status":"publish","type":"product","link":"https:\/\/www.otiumhome.fi\/index.php\/tuote\/tv-taso-led-valoilla-musta-120x35x40-cm\/","title":{"rendered":"TV-taso LED-valoilla musta 120x35x40 cm"},"content":{"rendered":"<p>Tyylik\u00e4s ja k\u00e4yt\u00e4nn\u00f6llisesti muotoiltu TV-taso LED-valoilla tulee varmasti olemaan huoneesi keskipiste.<\/p>\n<\/p>\n<p>T\u00e4m\u00e4n HiFi-kaapin tukeva rakenne tekee siit\u00e4 todella kest\u00e4v\u00e4n. Siin\u00e4 on riitt\u00e4v\u00e4sti tilaa DVD-soittimelle, pelikonsolille, striimauslaitteelle ja mediasoittimille, jotta ne pysyv\u00e4t n\u00e4tisti j\u00e4rjestyksess\u00e4. T\u00e4ss\u00e4 TV-tasossa on RGB LED-valot, joissa on erilaisia valikoita valojen v\u00e4rien vaihtoon ja valojen automaattiseen s\u00e4\u00e4tymiseen. LED-valot alleviivaavat modernin tyylin ja ne takaavat trendikk\u00e4\u00e4n tunnelman. T\u00e4m\u00e4n lis\u00e4ksi, t\u00e4m\u00e4 TV-taso on helppo puhdistaa kostealla liinalla.<\/p>\n<\/p>\n<p><strong>Huomio:<\/strong> Tuotteessa on USB-liitin, mutta sertifioitu 5 V USB virtal\u00e4hde ei sis\u00e4lly toimitukseen.<\/p>\n<ul>\n<li>V\u00e4ri: musta<\/li>\n<li>Materiaali: tekninen puu<\/li>\n<li>Mitat: 120 x 35 x 40 cm (P x L x K)<\/li>\n<li>RGB LED-valoilla<\/li>\n<li>Asennus vaaditaan: kyll\u00e4<\/li>\n<\/ul>\n<p> \u00c4l\u00e4 k\u00e4yt\u00e4 t\u00e4t\u00e4 tuotetta, jos jokin komponentti on rikki, revennyt tai kateissa. T\u00e4m\u00e4n tuotteen voimanl\u00e4hde on DC 5V, mutta sertifioitua 5V USB-virtal\u00e4hdett\u00e4 ei tule mukana. Korkeampi j\u00e4nnite voi aiheuttaa ylil\u00e4mpenemisen ja t\u00e4m\u00e4 voi vahingoittaa laitetta ja lis\u00e4t\u00e4 ylikuumenemisen ja tulipalon riski\u00e4.<\/p>\n","protected":false},"excerpt":{"rendered":"<ul>\n<li>V\u00e4ri: musta<\/li>\n<li>Materiaali: tekninen puu<\/li>\n<li>Mitat: 120 x 35 x 40 cm (P x L x K)<\/li>\n<li>RGB LED-valoilla<\/li>\n<li>Asennus vaaditaan: kyll\u00e4<\/li>\n<\/ul>\n","protected":false},"featured_media":100000179149,"comment_status":"closed","ping_status":"closed","template":"","meta":[],"product_brand":[],"product_cat":[84],"product_tag":[],"class_list":{"0":"post-179149","1":"product","2":"type-product","3":"status-publish","4":"has-post-thumbnail","6":"product_cat-huonekalut","8":"first","9":"outofstock","10":"taxable","11":"shipping-taxable","12":"purchasable","13":"product-type-simple"},"_links":{"self":[{"href":"https:\/\/www.otiumhome.fi\/index.php\/wp-json\/wp\/v2\/product\/179149","targetHints":{"allow":["GET"]}}],"collection":[{"href":"https:\/\/www.otiumhome.fi\/index.php\/wp-json\/wp\/v2\/product"}],"about":[{"href":"https:\/\/www.otiumhome.fi\/index.php\/wp-json\/wp\/v2\/types\/product"}],"replies":[{"embeddable":true,"href":"https:\/\/www.otiumhome.fi\/index.php\/wp-json\/wp\/v2\/comments?post=179149"}],"wp:featuredmedia":[{"embeddable":true,"href":"https:\/\/www.otiumhome.fi\/index.php\/wp-json\/"}],"wp:attachment":[{"href":"https:\/\/www.otiumhome.fi\/index.php\/wp-json\/wp\/v2\/media?parent=179149"}],"wp:term":[{"taxonomy":"product_brand","embeddable":true,"href":"https:\/\/www.otiumhome.fi\/index.php\/wp-json\/wp\/v2\/product_brand?post=179149"},{"taxonomy":"product_cat","embeddable":true,"href":"https:\/\/www.otiumhome.fi\/index.php\/wp-json\/wp\/v2\/product_cat?post=179149"},{"taxonomy":"product_tag","embeddable":true,"href":"https:\/\/www.otiumhome.fi\/index.php\/wp-json\/wp\/v2\/product_tag?post=179149"}],"curies":[{"name":"wp","href":"https:\/\/api.w.org\/{rel}","templated":true}]}}