{"id":179092,"date":"2025-10-20T07:56:08","date_gmt":"2025-10-20T07:56:08","guid":{"rendered":"https:\/\/www.otiumhome.fi\/?p=179092"},"modified":"2025-10-20T17:57:45","modified_gmt":"2025-10-20T17:57:45","slug":"tv-taso-harmaa-sonoma-120x30x405-cm-lastulevy","status":"publish","type":"product","link":"https:\/\/www.otiumhome.fi\/index.php\/tuote\/tv-taso-harmaa-sonoma-120x30x405-cm-lastulevy\/","title":{"rendered":"TV-taso harmaa Sonoma 120x30x40,5 cm lastulevy"},"content":{"rendered":"<p>T\u00e4st\u00e4 TV-tasosta tulee elintilojesi keskipiste.<\/p>\n<\/p>\n<p>T\u00e4ss\u00e4 matalassa tasossa on vakaa ja kest\u00e4v\u00e4 rakenne. Se on varustettu nelj\u00e4ll\u00e4 ovella, joten stereokaappi on ihanteellinen DVD-levyjen, pelikonsoleiden, lehtien ja muiden tavaroiden j\u00e4rjest\u00e4miseen siististi. TV-tason puhdistus k\u00e4y lis\u00e4ksi helposti kostealla liinalla.<\/p>\n<ul>\n<li>V\u00e4ri: harmaa Sonoma-tammi<\/li>\n<li>Materiaali: lastulevy<\/li>\n<li>Mitat: 120 x 30 x 40,5 cm (P x L x K)<\/li>\n<li>Asennus vaaditaan: kyll\u00e4<\/li>\n<\/ul>\n","protected":false},"excerpt":{"rendered":"<ul>\n<li>V\u00e4ri: harmaa Sonoma-tammi<\/li>\n<li>Materiaali: lastulevy<\/li>\n<li>Mitat: 120 x 30 x 40,5 cm (P x L x K)<\/li>\n<li>Asennus vaaditaan: kyll\u00e4<\/li>\n<\/ul>\n","protected":false},"featured_media":100000179092,"comment_status":"closed","ping_status":"closed","template":"","meta":[],"product_brand":[],"product_cat":[84],"product_tag":[],"class_list":{"0":"post-179092","1":"product","2":"type-product","3":"status-publish","4":"has-post-thumbnail","6":"product_cat-huonekalut","8":"first","9":"instock","10":"taxable","11":"shipping-taxable","12":"purchasable","13":"product-type-simple"},"_links":{"self":[{"href":"https:\/\/www.otiumhome.fi\/index.php\/wp-json\/wp\/v2\/product\/179092","targetHints":{"allow":["GET"]}}],"collection":[{"href":"https:\/\/www.otiumhome.fi\/index.php\/wp-json\/wp\/v2\/product"}],"about":[{"href":"https:\/\/www.otiumhome.fi\/index.php\/wp-json\/wp\/v2\/types\/product"}],"replies":[{"embeddable":true,"href":"https:\/\/www.otiumhome.fi\/index.php\/wp-json\/wp\/v2\/comments?post=179092"}],"wp:featuredmedia":[{"embeddable":true,"href":"https:\/\/www.otiumhome.fi\/index.php\/wp-json\/"}],"wp:attachment":[{"href":"https:\/\/www.otiumhome.fi\/index.php\/wp-json\/wp\/v2\/media?parent=179092"}],"wp:term":[{"taxonomy":"product_brand","embeddable":true,"href":"https:\/\/www.otiumhome.fi\/index.php\/wp-json\/wp\/v2\/product_brand?post=179092"},{"taxonomy":"product_cat","embeddable":true,"href":"https:\/\/www.otiumhome.fi\/index.php\/wp-json\/wp\/v2\/product_cat?post=179092"},{"taxonomy":"product_tag","embeddable":true,"href":"https:\/\/www.otiumhome.fi\/index.php\/wp-json\/wp\/v2\/product_tag?post=179092"}],"curies":[{"name":"wp","href":"https:\/\/api.w.org\/{rel}","templated":true}]}}