{"id":178976,"date":"2025-10-20T07:47:36","date_gmt":"2025-10-20T07:47:36","guid":{"rendered":"https:\/\/www.otiumhome.fi\/?p=178976"},"modified":"2025-10-25T16:42:43","modified_gmt":"2025-10-25T16:42:43","slug":"tv-taso-sonoma-tammi-180x315x40-cm-tekopuu","status":"publish","type":"product","link":"https:\/\/www.otiumhome.fi\/index.php\/tuote\/tv-taso-sonoma-tammi-180x315x40-cm-tekopuu\/","title":{"rendered":"TV-taso Sonoma-tammi 180&#215;31,5&#215;40 cm tekopuu"},"content":{"rendered":"<p>T\u00e4m\u00e4 trendik\u00e4s TV-taso, jossa on tyylik\u00e4s ja tyylik\u00e4s muotoilu, on tarkoitettu sek\u00e4 koristeelliseksi ett\u00e4 k\u00e4yt\u00e4nn\u00f6lliseksi lis\u00e4ksi huoneesi sisustukseen.<\/p>\n<\/p>\n<ul>\n<li>Kest\u00e4v\u00e4 materiaali: Puu on poikkeuksellisen laadukasta ja sile\u00e4pintaista. Se on my\u00f6s kest\u00e4v\u00e4\u00e4, vakaata ja kosteutta hylkiv\u00e4\u00e4.<\/li>\n<li>Runsaasti s\u00e4ilytystilaa: TV-tasossa on 4 lokeroa ja 4 ovea, jotka tarjoavat riitt\u00e4v\u00e4sti s\u00e4ilytystilaa tavaroiden pit\u00e4miseen hyvin j\u00e4rjestyksess\u00e4 ja k\u00e4den ulottuvilla.<\/li>\n<li>Metallijalat: Metallijalat lis\u00e4\u00e4v\u00e4t sisustukseen modernia ja rauhallista tyyli\u00e4 ja varmistavat samalla vakauden.<\/li>\n<li>N\u00e4yttelytoiminto: T\u00e4m\u00e4n TV-tason tukeva yl\u00e4osa on t\u00e4ydellinen paikka ruukkukasvien, kehystettyjen valokuvien ja muiden koriste-esineiden esillepanoon.<\/li>\n<\/ul>\n<p>Hyv\u00e4 tiet\u00e4\u00e4:<\/p>\n<ul>\n<li>Jotta kokoaminen olisi mahdollisimman helppoa, jokaisen tuotteen mukana toimitetaan k\u00e4ytt\u00f6ohje.<\/li>\n<\/ul>\n<ul>\n<li>V\u00e4ri: Sonoma-tammi<\/li>\n<li>Materiaali: Puusep\u00e4nty\u00f6t, metalli<\/li>\n<li>Mitat: 180 x 31,5 x 40 cm (P x L x K)<\/li>\n<\/ul>\n","protected":false},"excerpt":{"rendered":"<ul>\n<li>V\u00e4ri: Sonoma-tammi<\/li>\n<li>Materiaali: Puusep\u00e4nty\u00f6t, metalli<\/li>\n<li>Mitat: 180 x 31,5 x 40 cm (P x L x K)<\/li>\n<\/ul>\n","protected":false},"featured_media":100000178976,"comment_status":"closed","ping_status":"closed","template":"","meta":[],"product_brand":[],"product_cat":[84],"product_tag":[],"class_list":{"0":"post-178976","1":"product","2":"type-product","3":"status-publish","4":"has-post-thumbnail","6":"product_cat-huonekalut","8":"first","9":"instock","10":"taxable","11":"shipping-taxable","12":"purchasable","13":"product-type-simple"},"_links":{"self":[{"href":"https:\/\/www.otiumhome.fi\/index.php\/wp-json\/wp\/v2\/product\/178976","targetHints":{"allow":["GET"]}}],"collection":[{"href":"https:\/\/www.otiumhome.fi\/index.php\/wp-json\/wp\/v2\/product"}],"about":[{"href":"https:\/\/www.otiumhome.fi\/index.php\/wp-json\/wp\/v2\/types\/product"}],"replies":[{"embeddable":true,"href":"https:\/\/www.otiumhome.fi\/index.php\/wp-json\/wp\/v2\/comments?post=178976"}],"wp:featuredmedia":[{"embeddable":true,"href":"https:\/\/www.otiumhome.fi\/index.php\/wp-json\/"}],"wp:attachment":[{"href":"https:\/\/www.otiumhome.fi\/index.php\/wp-json\/wp\/v2\/media?parent=178976"}],"wp:term":[{"taxonomy":"product_brand","embeddable":true,"href":"https:\/\/www.otiumhome.fi\/index.php\/wp-json\/wp\/v2\/product_brand?post=178976"},{"taxonomy":"product_cat","embeddable":true,"href":"https:\/\/www.otiumhome.fi\/index.php\/wp-json\/wp\/v2\/product_cat?post=178976"},{"taxonomy":"product_tag","embeddable":true,"href":"https:\/\/www.otiumhome.fi\/index.php\/wp-json\/wp\/v2\/product_tag?post=178976"}],"curies":[{"name":"wp","href":"https:\/\/api.w.org\/{rel}","templated":true}]}}