{"id":178837,"date":"2025-10-20T07:45:32","date_gmt":"2025-10-20T07:45:32","guid":{"rendered":"https:\/\/www.otiumhome.fi\/?p=178837"},"modified":"2025-10-25T16:42:29","modified_gmt":"2025-10-25T16:42:29","slug":"tv-taso-valkoinen-120x34x37-cm-tekninen-puu","status":"publish","type":"product","link":"https:\/\/www.otiumhome.fi\/index.php\/tuote\/tv-taso-valkoinen-120x34x37-cm-tekninen-puu\/","title":{"rendered":"TV-taso valkoinen 120x34x37 cm tekninen puu"},"content":{"rendered":"<p>Tyylik\u00e4s ja k\u00e4yt\u00e4nn\u00f6llisesti muotoiltu sek\u00e4 jykev\u00e4 TV-taso tulee varmasti olemaan huoneesi keskipiste.<\/p>\n<\/p>\n<p>T\u00e4m\u00e4 laadukkaasta teknisest\u00e4 puusta valmistettu klassisen tyylin TV-taso on ajaton lis\u00e4 kotiisi. Siin\u00e4 on kaksi ovea ja kaksi avolokeroa pikkutavaroiden, multimedialaitteiden, pelikonsolien ja aikakauslehtien s\u00e4ilytt\u00e4miseen. Lis\u00e4ksi TV-taso on helppo puhdistaa kostealla liinalla.<\/p>\n<ul>\n<li>V\u00e4ri: valkoinen<\/li>\n<li>Materiaali: tekninen puu<\/li>\n<li>Mitat: 120 x 34 x 37 cm (P x L x K)<\/li>\n<li>Kahdella ovella ja kahdella avoimella lokerolla<\/li>\n<li>Asennus vaaditaan: kyll\u00e4<\/li>\n<\/ul>\n","protected":false},"excerpt":{"rendered":"<ul>\n<li>V\u00e4ri: valkoinen<\/li>\n<li>Materiaali: tekninen puu<\/li>\n<li>Mitat: 120 x 34 x 37 cm (P x L x K)<\/li>\n<li>Kahdella ovella ja kahdella avoimella lokerolla<\/li>\n<li>Asennus vaaditaan: kyll\u00e4<\/li>\n<\/ul>\n","protected":false},"featured_media":100000178837,"comment_status":"closed","ping_status":"closed","template":"","meta":[],"product_brand":[],"product_cat":[84],"product_tag":[],"class_list":{"0":"post-178837","1":"product","2":"type-product","3":"status-publish","4":"has-post-thumbnail","6":"product_cat-huonekalut","8":"first","9":"instock","10":"taxable","11":"shipping-taxable","12":"purchasable","13":"product-type-simple"},"_links":{"self":[{"href":"https:\/\/www.otiumhome.fi\/index.php\/wp-json\/wp\/v2\/product\/178837","targetHints":{"allow":["GET"]}}],"collection":[{"href":"https:\/\/www.otiumhome.fi\/index.php\/wp-json\/wp\/v2\/product"}],"about":[{"href":"https:\/\/www.otiumhome.fi\/index.php\/wp-json\/wp\/v2\/types\/product"}],"replies":[{"embeddable":true,"href":"https:\/\/www.otiumhome.fi\/index.php\/wp-json\/wp\/v2\/comments?post=178837"}],"wp:featuredmedia":[{"embeddable":true,"href":"https:\/\/www.otiumhome.fi\/index.php\/wp-json\/"}],"wp:attachment":[{"href":"https:\/\/www.otiumhome.fi\/index.php\/wp-json\/wp\/v2\/media?parent=178837"}],"wp:term":[{"taxonomy":"product_brand","embeddable":true,"href":"https:\/\/www.otiumhome.fi\/index.php\/wp-json\/wp\/v2\/product_brand?post=178837"},{"taxonomy":"product_cat","embeddable":true,"href":"https:\/\/www.otiumhome.fi\/index.php\/wp-json\/wp\/v2\/product_cat?post=178837"},{"taxonomy":"product_tag","embeddable":true,"href":"https:\/\/www.otiumhome.fi\/index.php\/wp-json\/wp\/v2\/product_tag?post=178837"}],"curies":[{"name":"wp","href":"https:\/\/api.w.org\/{rel}","templated":true}]}}