{"id":178806,"date":"2025-10-20T07:45:24","date_gmt":"2025-10-20T07:45:24","guid":{"rendered":"https:\/\/www.otiumhome.fi\/?p=178806"},"modified":"2025-12-09T14:59:27","modified_gmt":"2025-12-09T14:59:27","slug":"tv-tasosetti-7-pcs-musta-tammi-305-x-30-x-60-cm-tekninen-puu","status":"publish","type":"product","link":"https:\/\/www.otiumhome.fi\/index.php\/tuote\/tv-tasosetti-7-pcs-musta-tammi-305-x-30-x-60-cm-tekninen-puu\/","title":{"rendered":"TV-tasosetti 7 pcs Musta tammi. 30,5 x 30 x 60 cm Tekninen puu"},"content":{"rendered":"<p>T\u00e4\u00e4 sein\u00e4lle kiinnitett\u00e4v\u00e4 TV-kaappisetti on modernin muotoilun ja k\u00e4yt\u00e4nn\u00f6llisyyden yhdistelm\u00e4. Se sopii loistavasti my\u00f6s tarkimmille olkkari-asetelmille, sen kompakti ja tyylik\u00e4s rakenne ei tingi tyylist\u00e4. Suorakulmainen muoto istuu n\u00e4tisti sein\u00e4\u00e4n, tuoden minimalistista ilmett\u00e4, joka sopii mihin tahansa moderniin sisustukseen. Olitpa p\u00e4ivitt\u00e4m\u00e4ss\u00e4 asuntoasi tai tuomassa j\u00e4rjestyst\u00e4 litte\u00e4ruutuiseen ilotilaan, t\u00e4\u00e4 kaappisetti yhdist\u00e4\u00e4 muodon ja toiminnan, muuttaen viihdealueesi siistiksi ja hyvin j\u00e4rjestetyksi.<\/p>\n<ul>\n<li><b>Materiaalit:<\/b> Valmistettu laadukkaasta teknisest\u00e4 puusta, t\u00e4\u00e4 kaappisetti tarjoaa kest\u00e4v\u00e4n ja luotettavan tilan olohuoneen j\u00e4rjest\u00e4miseen. Sile\u00e4 pinta t\u00e4ydent\u00e4\u00e4 modernia sisustusta, ja tekninen puu takaa, ett\u00e4 kaappi n\u00e4ytt\u00e4\u00e4 hyv\u00e4lt\u00e4 pitk\u00e4\u00e4n. T\u00e4\u00e4 materiaalivalinta tuo niin tyyli\u00e4 kuin k\u00e4yt\u00e4nn\u00f6llisyytt\u00e4 mihin tahansa moderniin tilaan.<\/li>\n<li><b>Sis\u00e4lt\u00e4\u00e4 komponentit:<\/b> Kaappisetti sis\u00e4lt\u00e4\u00e4 useita TV-kaappeja, jotka sopii sek\u00e4 s\u00e4ilytykseen ett\u00e4 n\u00e4yttelyyn. Mukana on saranoidut ovet sujuvaa k\u00e4ytt\u00f6\u00e4 varten ja levyhyllyt j\u00e4rjest\u00e4mist\u00e4 varten. N\u00e4\u00e4 komponentit parantaa k\u00e4ytett\u00e4vyytt\u00e4 ja auttaa sua hallitsemaan olohuoneesi tarpeita tyylill\u00e4. Saranoidut ovet ja hyllyj\u00e4rjestelm\u00e4 takaa tyylikk\u00e4\u00e4n esittelyn.<\/li>\n<li><b>Ominaisuudet\/toiminta\/muotoilu:<\/b> T\u00e4\u00e4 TV-kaappisetti on tyylikk\u00e4\u00e4n sein\u00e4lle kiinnitett\u00e4v\u00e4n muotoilun ansiosta t\u00e4ydellinen yhdistelm\u00e4 visuaalista vieh\u00e4tyst\u00e4 ja tilan s\u00e4\u00e4st\u00f6\u00e4. Sen muoto sulaa moniin eri sisustustyyleihin, ja puhtaat linjat tuo esiin yksinkertaisuuden. Ominaisuuksien fiksu yhdistelm\u00e4 tekee siit\u00e4 mahtavan valinnan koteihin, jotka haluaa maksimoida s\u00e4ilytyskapasiteetin pit\u00e4en samalla lattiatilaa s\u00e4\u00e4st\u00f6ss\u00e4.<\/li>\n<li><b>Suositellut k\u00e4ytt\u00f6tavat:<\/b> Suunniteltu alun perin olohuoneelle, t\u00e4\u00e4 kaappisetti tuo hienostuneisuutta mihin tahansa tilaan. Ihanteellinen media-s\u00e4ilytykseen, se mahtuu hyvin kaukotiloihin, laitteisiin ja muuhun, pit\u00e4en asuintilasi siistin\u00e4. Olitpa sitten j\u00e4rjest\u00e4m\u00e4ss\u00e4 vierailuja tai perheelle elokuvailtaa, n\u00e4m\u00e4 kaapit tuo siisti ja yhten\u00e4inen ilme joka sopii koteihin, jotka arvostaa sek\u00e4 k\u00e4yt\u00e4nn\u00f6llisyytt\u00e4 ett\u00e4 eleganssia.<\/li>\n<li><b>Huolto ja yll\u00e4pito:<\/b> Pyyhi kaapin pinnat s\u00e4\u00e4nn\u00f6llisesti kuivalla kankaalla p\u00f6lyn poistamiseksi ja jotta tuote pysyy kauniina. V\u00e4lt\u00e4 liiallista kosteudella puhdistamista puupinnan suojelemiseksi. Joustava huolto varmistaa, ett\u00e4 n\u00e4\u00e4 kaapit pysyv\u00e4t tyylikk\u00e4in\u00e4 ja kutsuvina, mik\u00e4 pident\u00e4\u00e4 huonekaluinvestointisi k\u00e4ytt\u00f6ik\u00e4\u00e4.<\/li>\n<\/ul>\n<ul>\n<li>V\u00e4ri: Musta tammi.<\/li>\n<li>Materiaali: Tekninen puu<\/li>\n<li>Yleiset mitat: 30,5 x 30 x 60 cm (P x L x K)<\/li>\n<li>2 ovien kanssa<\/li>\n<li>4 hyllyill\u00e4<\/li>\n<li>Enimm\u00e4ispaino: 420 kg<\/li>\n<li>Kokoonpano vaaditaan: Kyll\u00e4<\/li>\n<li>Toimitus-:<\/li>\n<li>7 x TV-kaappi<\/li>\n<\/ul>\n","protected":false},"excerpt":{"rendered":"<ul>\n<li>V\u00e4ri: Musta tammi.<\/li>\n<li>Materiaali: Tekninen puu<\/li>\n<li>Yleiset mitat: 30,5 x 30 x 60 cm (P x L x K)<\/li>\n<li>2 ovien kanssa<\/li>\n<li>4 hyllyill\u00e4<\/li>\n<li>Enimm\u00e4ispaino: 420 kg<\/li>\n<li>Kokoonpano vaaditaan: Kyll\u00e4<\/li>\n<li>Toimitus-:<\/li>\n<li>7 x TV-kaappi<\/li>\n<\/ul>\n","protected":false},"featured_media":100000178806,"comment_status":"closed","ping_status":"closed","template":"","meta":[],"product_brand":[],"product_cat":[84],"product_tag":[],"class_list":{"0":"post-178806","1":"product","2":"type-product","3":"status-publish","4":"has-post-thumbnail","6":"product_cat-huonekalut","8":"first","9":"instock","10":"taxable","11":"shipping-taxable","12":"purchasable","13":"product-type-simple"},"_links":{"self":[{"href":"https:\/\/www.otiumhome.fi\/index.php\/wp-json\/wp\/v2\/product\/178806","targetHints":{"allow":["GET"]}}],"collection":[{"href":"https:\/\/www.otiumhome.fi\/index.php\/wp-json\/wp\/v2\/product"}],"about":[{"href":"https:\/\/www.otiumhome.fi\/index.php\/wp-json\/wp\/v2\/types\/product"}],"replies":[{"embeddable":true,"href":"https:\/\/www.otiumhome.fi\/index.php\/wp-json\/wp\/v2\/comments?post=178806"}],"wp:featuredmedia":[{"embeddable":true,"href":"https:\/\/www.otiumhome.fi\/index.php\/wp-json\/"}],"wp:attachment":[{"href":"https:\/\/www.otiumhome.fi\/index.php\/wp-json\/wp\/v2\/media?parent=178806"}],"wp:term":[{"taxonomy":"product_brand","embeddable":true,"href":"https:\/\/www.otiumhome.fi\/index.php\/wp-json\/wp\/v2\/product_brand?post=178806"},{"taxonomy":"product_cat","embeddable":true,"href":"https:\/\/www.otiumhome.fi\/index.php\/wp-json\/wp\/v2\/product_cat?post=178806"},{"taxonomy":"product_tag","embeddable":true,"href":"https:\/\/www.otiumhome.fi\/index.php\/wp-json\/wp\/v2\/product_tag?post=178806"}],"curies":[{"name":"wp","href":"https:\/\/api.w.org\/{rel}","templated":true}]}}