{"id":178765,"date":"2025-10-20T07:41:34","date_gmt":"2025-10-20T07:41:34","guid":{"rendered":"https:\/\/www.otiumhome.fi\/?p=178765"},"modified":"2025-12-09T15:28:47","modified_gmt":"2025-12-09T15:28:47","slug":"tv-tasosetti-2-pcs-musta-tammi-37-x-37-x-107-cm-tekninen-puu","status":"publish","type":"product","link":"https:\/\/www.otiumhome.fi\/index.php\/tuote\/tv-tasosetti-2-pcs-musta-tammi-37-x-37-x-107-cm-tekninen-puu\/","title":{"rendered":"TV-tasosetti 2 pcs Musta tammi. 37 x 37 x 107 cm Tekninen puu"},"content":{"rendered":"<p>T\u00e4m\u00e4 sein\u00e4lle ripustettava TV-kaappisetti yhdist\u00e4\u00e4 modernin muotoilun ja k\u00e4yt\u00e4nn\u00f6llisyyden. Se on t\u00e4ydellinen ratkaisu moderneihin asuintiloihin, jotka kaipaavat tilaa s\u00e4\u00e4st\u00e4v\u00e4\u00e4 s\u00e4ilytysratkaisua. Sen minimalistinen ulkoasu, jossa on puhtaat linjat ja suorakaiteen muoto, sopii kaikkiin sisustustyyleihin. Sein\u00e4kiinnitysominaisuus pit\u00e4\u00e4 lattian siistin\u00e4, joten se on loistava valinta pieniin tiloihin tai huoneisiin, joissa halutaan parantaa estetiikkaa.<\/p>\n<ul>\n<li><b>Tekninen puu:<\/b> T\u00e4m\u00e4 TV-kaappisetti on kest\u00e4v\u00e4\u00e4 ja tyylik\u00e4st\u00e4 teknist\u00e4 puuta, joka kest\u00e4\u00e4 aikaa ja n\u00e4ytt\u00e4\u00e4 hyv\u00e4lt\u00e4. Sen yhten\u00e4inen ulkon\u00e4k\u00f6 tuo modernia ilmett\u00e4 huoneeseesi.<\/li>\n<li><b>Levyhyllyt:<\/b> Kaapin hyllyt tarjoavat k\u00e4yt\u00e4nn\u00f6llisen ja luotettavan s\u00e4ilytysratkaisun. Ne ovat loistavia elektroniikalle, kirjoille tai koristeille, ja pit\u00e4v\u00e4t tavarasi turvassa.<\/li>\n<li><b>Sein\u00e4lle asennettava ominaisuus:<\/b> Sein\u00e4lle kiinnitt\u00e4minen s\u00e4\u00e4st\u00e4\u00e4 tilaa lattialla. T\u00e4m\u00e4 tekee siit\u00e4 erinomaisen valinnan pienille huoneille tai tilan maksimoimiseen, pit\u00e4en sisustuksen siistin\u00e4 ja avara tunnelma.<\/li>\n<li><b>Ihanteellinen olohuoneisiin:<\/b> TV-kaappisetti on t\u00e4ydellinen olohuoneen tarpeisiin. Sen mitat ovat monipuoliset, ja se tarjoaa runsaasti s\u00e4ilytystilaa multimedia-laitteille.<\/li>\n<li><b>Asennusohjeet:<\/b> Asentaminen on helppoa kahden henkil\u00f6n avustuksella. Seuraa mukana tulevia ohjeita, jotta kaappi on turvallisesti paikallaan. Huolto on nopeaa; pyyhi vain pintaa kuivalla liinalla.<\/li>\n<\/ul>\n<ul>\n<li>V\u00e4ri: Musta tammi.<\/li>\n<li>Materiaali: Tekninen puu<\/li>\n<li>Yleiset mitat: 37 x 37 x 107 cm (P x L x K)<\/li>\n<li>6 hyllyill\u00e4<\/li>\n<li>Kokoonpano vaaditaan: Kyll\u00e4<\/li>\n<li>Toimitus-:<\/li>\n<li>2 x Seiniin Asennettava TV-kaappi<\/li>\n<\/ul>\n","protected":false},"excerpt":{"rendered":"<ul>\n<li>V\u00e4ri: Musta tammi.<\/li>\n<li>Materiaali: Tekninen puu<\/li>\n<li>Yleiset mitat: 37 x 37 x 107 cm (P x L x K)<\/li>\n<li>6 hyllyill\u00e4<\/li>\n<li>Kokoonpano vaaditaan: Kyll\u00e4<\/li>\n<li>Toimitus-:<\/li>\n<li>2 x Seiniin Asennettava TV-kaappi<\/li>\n<\/ul>\n","protected":false},"featured_media":100000178765,"comment_status":"closed","ping_status":"closed","template":"","meta":[],"product_brand":[],"product_cat":[84],"product_tag":[],"class_list":{"0":"post-178765","1":"product","2":"type-product","3":"status-publish","4":"has-post-thumbnail","6":"product_cat-huonekalut","8":"first","9":"instock","10":"taxable","11":"shipping-taxable","12":"purchasable","13":"product-type-simple"},"_links":{"self":[{"href":"https:\/\/www.otiumhome.fi\/index.php\/wp-json\/wp\/v2\/product\/178765","targetHints":{"allow":["GET"]}}],"collection":[{"href":"https:\/\/www.otiumhome.fi\/index.php\/wp-json\/wp\/v2\/product"}],"about":[{"href":"https:\/\/www.otiumhome.fi\/index.php\/wp-json\/wp\/v2\/types\/product"}],"replies":[{"embeddable":true,"href":"https:\/\/www.otiumhome.fi\/index.php\/wp-json\/wp\/v2\/comments?post=178765"}],"wp:featuredmedia":[{"embeddable":true,"href":"https:\/\/www.otiumhome.fi\/index.php\/wp-json\/"}],"wp:attachment":[{"href":"https:\/\/www.otiumhome.fi\/index.php\/wp-json\/wp\/v2\/media?parent=178765"}],"wp:term":[{"taxonomy":"product_brand","embeddable":true,"href":"https:\/\/www.otiumhome.fi\/index.php\/wp-json\/wp\/v2\/product_brand?post=178765"},{"taxonomy":"product_cat","embeddable":true,"href":"https:\/\/www.otiumhome.fi\/index.php\/wp-json\/wp\/v2\/product_cat?post=178765"},{"taxonomy":"product_tag","embeddable":true,"href":"https:\/\/www.otiumhome.fi\/index.php\/wp-json\/wp\/v2\/product_tag?post=178765"}],"curies":[{"name":"wp","href":"https:\/\/api.w.org\/{rel}","templated":true}]}}