{"id":178737,"date":"2025-10-20T07:41:25","date_gmt":"2025-10-20T07:41:25","guid":{"rendered":"https:\/\/www.otiumhome.fi\/?p=178737"},"modified":"2025-12-09T14:58:14","modified_gmt":"2025-12-09T14:58:14","slug":"tv-yksikot-2-pcs-musta-tammi-180-x-34-x-50-cm-tekninen-puu","status":"publish","type":"product","link":"https:\/\/www.otiumhome.fi\/index.php\/tuote\/tv-yksikot-2-pcs-musta-tammi-180-x-34-x-50-cm-tekninen-puu\/","title":{"rendered":"TV-yksik\u00f6t 2 pcs Musta tammi. 180 x 34 x 50 cm Tekninen puu"},"content":{"rendered":"<p>T\u00e4m\u00e4 hienostunut puinen TV-yksikk\u00f6 on t\u00e4ydellinen lis\u00e4 nykyaikaiseen olohuoneeseen. Siin\u00e4 yhdistyy toiminnallisuus ja tyyli sujuvassa designissa. Valmistettu laadukkaasta teknisest\u00e4 puusta, se on modernisti minimalismi, jossa on siistit linjat ja hillitty ilme. Se on suunniteltu sein\u00e4lle, mik\u00e4 s\u00e4\u00e4st\u00e4\u00e4 tilaa ja tarjoaa runsaasti s\u00e4ilytystilaa kaikelle viihteelle. Sen tyylik\u00e4s ulkon\u00e4k\u00f6 ja neutraalit v\u00e4rit sopivat helposti erilaisiin sisustuksiin, lis\u00e4ten huoneeseen ripauksen eleganssia.<\/p>\n<ul><\/br><\/p>\n<li><b>Premium tekninen puu:<\/b> TV-yksikk\u00f6 on tehty kest\u00e4v\u00e4st\u00e4 teknisest\u00e4 puusta, joka takaa vakauden ja pitk\u00e4n k\u00e4ytt\u00f6i\u00e4n. Sile\u00e4 pinta tuo nykyaikaista estetiikkaa. Materiaali yhdist\u00e4\u00e4 tyylin ja k\u00e4yt\u00e4nn\u00f6llisyyden jokap\u00e4iv\u00e4iseen k\u00e4ytt\u00f6\u00f6n.<\/li>\n<p><\/br><\/p>\n<li><b>Tehokas s\u00e4ilytyskapasiteetti:<\/b> Suunniteltu maksimoimaan tilaa, sein\u00e4lle asennettava yksikk\u00f6 sis\u00e4lt\u00e4\u00e4 tilavat osastot, joissa elektroniset laitteet, mediasarjat ja sisustusesineet pysyv\u00e4t j\u00e4rjestyksess\u00e4. Virtaviivainen muotoilu pit\u00e4\u00e4 tilan siistin\u00e4.<\/li>\n<p><\/br><\/p>\n<li><b>Visuaaliset LED-valaistukset:<\/b> Sininen LED-valaistus tuo hienostuneen tunnelman, parantaen katseluel\u00e4myst\u00e4 ja korostaen asennusta. Se luo mukautuvan ymp\u00e4rist\u00f6n rentoutumiseen.<\/li>\n<p><\/br><\/p>\n<li><b>Sein\u00e4lle asennettava muotoilu:<\/b> T\u00e4m\u00e4 muotoilu s\u00e4\u00e4st\u00e4\u00e4 lattiapinta-alaa, pit\u00e4en huoneen avoimena. Asentamalla sen silmien tasolle varmistat mukavan katselun ja esteettisesti miellytt\u00e4v\u00e4n asettelun.<\/li>\n<p><\/br><\/p>\n<li><b>Kokoamisohjeet:<\/b> Yksikk\u00f6 vaatii ruuvimeisselin kokoamiseen ja kahta henkil\u00f6\u00e4. Ruuvit ja kiinnikkeet eiv\u00e4t sis\u00e4lly. Suosittelemme ammattilaisen k\u00e4ytt\u00f6\u00e4 parhaan tuloksen saavuttamiseksi.<\/li>\n<p><\/br><\/ul>\n<ul>\n<li>V\u00e4ri: Musta tammi.<\/li>\n<li>Materiaali: Tekninen puu<\/li>\n<li>Yleiset mitat: 180 x 34 x 50 cm (P x L x K)<\/li>\n<li>Kokoonpano vaaditaan: Kyll\u00e4<\/li>\n<li>Toimitus-:<\/li>\n<li>2 kpl TV-kaappia<\/li>\n<\/ul>\n","protected":false},"excerpt":{"rendered":"<ul>\n<li>V\u00e4ri: Musta tammi.<\/li>\n<li>Materiaali: Tekninen puu<\/li>\n<li>Yleiset mitat: 180 x 34 x 50 cm (P x L x K)<\/li>\n<li>Kokoonpano vaaditaan: Kyll\u00e4<\/li>\n<li>Toimitus-:<\/li>\n<li>2 kpl TV-kaappia<\/li>\n<\/ul>\n","protected":false},"featured_media":100000178737,"comment_status":"closed","ping_status":"closed","template":"","meta":[],"product_brand":[],"product_cat":[84],"product_tag":[],"class_list":{"0":"post-178737","1":"product","2":"type-product","3":"status-publish","4":"has-post-thumbnail","6":"product_cat-huonekalut","8":"first","9":"instock","10":"taxable","11":"shipping-taxable","12":"purchasable","13":"product-type-simple"},"_links":{"self":[{"href":"https:\/\/www.otiumhome.fi\/index.php\/wp-json\/wp\/v2\/product\/178737","targetHints":{"allow":["GET"]}}],"collection":[{"href":"https:\/\/www.otiumhome.fi\/index.php\/wp-json\/wp\/v2\/product"}],"about":[{"href":"https:\/\/www.otiumhome.fi\/index.php\/wp-json\/wp\/v2\/types\/product"}],"replies":[{"embeddable":true,"href":"https:\/\/www.otiumhome.fi\/index.php\/wp-json\/wp\/v2\/comments?post=178737"}],"wp:featuredmedia":[{"embeddable":true,"href":"https:\/\/www.otiumhome.fi\/index.php\/wp-json\/"}],"wp:attachment":[{"href":"https:\/\/www.otiumhome.fi\/index.php\/wp-json\/wp\/v2\/media?parent=178737"}],"wp:term":[{"taxonomy":"product_brand","embeddable":true,"href":"https:\/\/www.otiumhome.fi\/index.php\/wp-json\/wp\/v2\/product_brand?post=178737"},{"taxonomy":"product_cat","embeddable":true,"href":"https:\/\/www.otiumhome.fi\/index.php\/wp-json\/wp\/v2\/product_cat?post=178737"},{"taxonomy":"product_tag","embeddable":true,"href":"https:\/\/www.otiumhome.fi\/index.php\/wp-json\/wp\/v2\/product_tag?post=178737"}],"curies":[{"name":"wp","href":"https:\/\/api.w.org\/{rel}","templated":true}]}}