{"id":178735,"date":"2025-10-20T07:41:24","date_gmt":"2025-10-20T07:41:24","guid":{"rendered":"https:\/\/www.otiumhome.fi\/?p=178735"},"modified":"2025-10-20T18:08:00","modified_gmt":"2025-10-20T18:08:00","slug":"tv-taso-120x35x45-cm-taysi-puu-hunajaviimeistelylla","status":"publish","type":"product","link":"https:\/\/www.otiumhome.fi\/index.php\/tuote\/tv-taso-120x35x45-cm-taysi-puu-hunajaviimeistelylla\/","title":{"rendered":"TV-taso 120x35x45 cm t\u00e4ysi puu hunajaviimeistelyll\u00e4"},"content":{"rendered":"<p>T\u00e4m\u00e4 kaunis puinen TV-taso on trendik\u00e4s ja k\u00e4yt\u00e4nn\u00f6llinen, ja se toimii huoneen keskipisteen\u00e4.<\/p>\n<\/p>\n<p>Vintagetyylinen TV-taso on valmistettu t\u00e4ydest\u00e4 akaasia- ja kumipuusta hunajaviimeistelyll\u00e4. Se on ajaton lis\u00e4 kodin sisustukseen. Jokainen valmistusvaihe on tehty erityisen huolella, olipa se sitten kiillotus, maalaus tai lakkaus. Vahvan ter\u00e4srunkonsa ansiosta TV-taso on hyvin vakaa ja kest\u00e4v\u00e4. TV-tasossa on kaksi vetolaatikkoa tavaroiden s\u00e4ilytt\u00e4miseen ja hylly multimedialaitteille, pelikonsoleille ja lehdille. TV-tasoa voidaan k\u00e4ytt\u00e4\u00e4 my\u00f6s sivup\u00f6yt\u00e4n\u00e4 tai hifikaappina.<\/p>\n<\/p>\n<p>T\u00e4rke\u00e4 huomio: V\u00e4rit saattavat vaihdella kappaleesta toiseen, tehden jokaisesta kaapista ainutlaatuisen. Toimitus on satunnainen, t\u00e4m\u00e4 takaa tuotteesi ainutlaatuisuuden ja yksil\u00f6llisyyden.<\/p>\n<ul>\n<li>Materiaali: t\u00e4ysi akaasiapuu ja kumipuu hunajaviimeistelyll\u00e4<\/li>\n<li>Runkomateriaali: jauhemaalattu ter\u00e4s<\/li>\n<li>Mitat: 120 x 35 x 45 cm (P x L x K)<\/li>\n<li>Kiillotettu, osittain maalattu ja lakattu<\/li>\n<li>Asennus vaaditaan: kyll\u00e4<\/li>\n<\/ul>\n","protected":false},"excerpt":{"rendered":"<ul>\n<li>Materiaali: t\u00e4ysi akaasiapuu ja kumipuu hunajaviimeistelyll\u00e4<\/li>\n<li>Runkomateriaali: jauhemaalattu ter\u00e4s<\/li>\n<li>Mitat: 120 x 35 x 45 cm (P x L x K)<\/li>\n<li>Kiillotettu, osittain maalattu ja lakattu<\/li>\n<li>Asennus vaaditaan: kyll\u00e4<\/li>\n<\/ul>\n","protected":false},"featured_media":100000178735,"comment_status":"closed","ping_status":"closed","template":"","meta":[],"product_brand":[],"product_cat":[84],"product_tag":[],"class_list":{"0":"post-178735","1":"product","2":"type-product","3":"status-publish","4":"has-post-thumbnail","6":"product_cat-huonekalut","8":"first","9":"instock","10":"taxable","11":"shipping-taxable","12":"purchasable","13":"product-type-simple"},"_links":{"self":[{"href":"https:\/\/www.otiumhome.fi\/index.php\/wp-json\/wp\/v2\/product\/178735","targetHints":{"allow":["GET"]}}],"collection":[{"href":"https:\/\/www.otiumhome.fi\/index.php\/wp-json\/wp\/v2\/product"}],"about":[{"href":"https:\/\/www.otiumhome.fi\/index.php\/wp-json\/wp\/v2\/types\/product"}],"replies":[{"embeddable":true,"href":"https:\/\/www.otiumhome.fi\/index.php\/wp-json\/wp\/v2\/comments?post=178735"}],"wp:featuredmedia":[{"embeddable":true,"href":"https:\/\/www.otiumhome.fi\/index.php\/wp-json\/"}],"wp:attachment":[{"href":"https:\/\/www.otiumhome.fi\/index.php\/wp-json\/wp\/v2\/media?parent=178735"}],"wp:term":[{"taxonomy":"product_brand","embeddable":true,"href":"https:\/\/www.otiumhome.fi\/index.php\/wp-json\/wp\/v2\/product_brand?post=178735"},{"taxonomy":"product_cat","embeddable":true,"href":"https:\/\/www.otiumhome.fi\/index.php\/wp-json\/wp\/v2\/product_cat?post=178735"},{"taxonomy":"product_tag","embeddable":true,"href":"https:\/\/www.otiumhome.fi\/index.php\/wp-json\/wp\/v2\/product_tag?post=178735"}],"curies":[{"name":"wp","href":"https:\/\/api.w.org\/{rel}","templated":true}]}}