{"id":178734,"date":"2025-10-20T07:41:24","date_gmt":"2025-10-20T07:41:24","guid":{"rendered":"https:\/\/www.otiumhome.fi\/?p=178734"},"modified":"2025-12-09T15:28:45","modified_gmt":"2025-12-09T15:28:45","slug":"tv-tasosetti-4-pcs-musta-tammi-37-x-37-x-72-cm-tekninen-puu","status":"publish","type":"product","link":"https:\/\/www.otiumhome.fi\/index.php\/tuote\/tv-tasosetti-4-pcs-musta-tammi-37-x-37-x-72-cm-tekninen-puu\/","title":{"rendered":"TV-tasosetti 4 pcs Musta tammi. 37 x 37 x 72 cm Tekninen puu"},"content":{"rendered":"<p>T\u00e4m\u00e4 sein\u00e4lle asennettava TV-kaappisarja tuo huoneeseen modernin ja tyylikk\u00e4\u00e4n ilmeen. Se on suunniteltu niille, jotka arvostavat siisti\u00e4, minimalistista tyyli\u00e4. Kaapit tuo esille rustiikkisen vieh\u00e4tysvoiman t\u00e4ysikasvuisen tammen rungon ansiosta. Kuvittele ne vaivattomasti leijuvan sein\u00e4ll\u00e4, tarjoten s\u00e4ilytystilaa ja elegantin taustan mediav\u00e4lineillesi ja koristeillesi. Teknisen puun ja tammen yhdistelm\u00e4 t\u00e4ydent\u00e4\u00e4 erilaisia sisustustyylej\u00e4, mutta maksimoi my\u00f6s tilan k\u00e4yt\u00f6n.<\/p>\n<ul>\n<li><b>T\u00e4ysikasvuinen tammi runkona:<\/b> Kaapit on tehty kest\u00e4v\u00e4st\u00e4 t\u00e4ysikasvuisesta tammen rungosta, joten ne kest\u00e4v\u00e4t k\u00e4ytt\u00f6\u00e4. Tammen luonnollinen puuviilu tuo l\u00e4mp\u00f6\u00e4 ja tyyli\u00e4 tilaan, hy\u00f6dynt\u00e4en puun ainutlaatuisia ominaisuuksia.<\/li>\n<li><b>Teknisen puu hyllyt:<\/b> N\u00e4m\u00e4 kaapit ovat varustettu sileill\u00e4 ja tasaisilla hyllyill\u00e4, joita on helppo pit\u00e4\u00e4 puhtaana ja jotka sopivat erinomaisesti koristeiden esittelyyn tai elektroniikan j\u00e4rjest\u00e4miseen. Rakenne kest\u00e4\u00e4 kosteuden muutoksia eik\u00e4 vaaranna kaappien vakautta.<\/li>\n<li><b>Rustiikkinen vieh\u00e4tys:<\/b> Kaapit lis\u00e4\u00e4v\u00e4t l\u00e4mp\u00f6\u00e4 ja kodikkuutta mihin tahansa tilaan rustiikkisen muotoilunsa ansiosta. T\u00e4m\u00e4 tyyli korostaa luonnollista kauneutta ja tekee kaapista sopivan moneen sisustustyyliin. Sen ajaton vieh\u00e4tys tuo rauhallisuutta kotiisi.<\/li>\n<li><b>Tilan s\u00e4\u00e4st\u00e4v\u00e4 suunnittelu:<\/b> Kaapit asennetaan sein\u00e4lle, mik\u00e4 s\u00e4\u00e4st\u00e4\u00e4 lattiatilaa ja luo siistin ilmeen. T\u00e4m\u00e4 t\u00e4ydellinen kokonaisuus nostaa huonekalut yl\u00f6s ja tuo modernin tyylin, joka sopii pieneen tilaan.<\/li>\n<li><b>Hoito-ohjeet:<\/b> Kaappien kokoaminen on helppoa vaiheittaisia ohjeita seuraamalla. K\u00e4yt\u00e4 ruuvimeisseli\u00e4 ja varmista, ett\u00e4 asennus on turvallinen ja tyylik\u00e4s. Kaapit pysyv\u00e4t tukevina ja viev\u00e4t vain v\u00e4h\u00e4n tilaa.<\/li>\n<\/ul>\n<ul>\n<li>V\u00e4ri: Musta tammi.<\/li>\n<li>Materiaali: Tekninen puu<\/li>\n<li>Yleiset mitat: 37 x 37 x 72 cm (P x L x K)<\/li>\n<li>1 hyllyll\u00e4<\/li>\n<li>Kokoonpano vaaditaan: Kyll\u00e4<\/li>\n<li>Toimitus-:<\/li>\n<li>4 x Sein\u00e4lle asennettava televisiokaluste<\/li>\n<\/ul>\n","protected":false},"excerpt":{"rendered":"<ul>\n<li>V\u00e4ri: Musta tammi.<\/li>\n<li>Materiaali: Tekninen puu<\/li>\n<li>Yleiset mitat: 37 x 37 x 72 cm (P x L x K)<\/li>\n<li>1 hyllyll\u00e4<\/li>\n<li>Kokoonpano vaaditaan: Kyll\u00e4<\/li>\n<li>Toimitus-:<\/li>\n<li>4 x Sein\u00e4lle asennettava televisiokaluste<\/li>\n<\/ul>\n","protected":false},"featured_media":100000178734,"comment_status":"closed","ping_status":"closed","template":"","meta":[],"product_brand":[],"product_cat":[84],"product_tag":[],"class_list":{"0":"post-178734","1":"product","2":"type-product","3":"status-publish","4":"has-post-thumbnail","6":"product_cat-huonekalut","8":"first","9":"instock","10":"taxable","11":"shipping-taxable","12":"purchasable","13":"product-type-simple"},"_links":{"self":[{"href":"https:\/\/www.otiumhome.fi\/index.php\/wp-json\/wp\/v2\/product\/178734","targetHints":{"allow":["GET"]}}],"collection":[{"href":"https:\/\/www.otiumhome.fi\/index.php\/wp-json\/wp\/v2\/product"}],"about":[{"href":"https:\/\/www.otiumhome.fi\/index.php\/wp-json\/wp\/v2\/types\/product"}],"replies":[{"embeddable":true,"href":"https:\/\/www.otiumhome.fi\/index.php\/wp-json\/wp\/v2\/comments?post=178734"}],"wp:featuredmedia":[{"embeddable":true,"href":"https:\/\/www.otiumhome.fi\/index.php\/wp-json\/"}],"wp:attachment":[{"href":"https:\/\/www.otiumhome.fi\/index.php\/wp-json\/wp\/v2\/media?parent=178734"}],"wp:term":[{"taxonomy":"product_brand","embeddable":true,"href":"https:\/\/www.otiumhome.fi\/index.php\/wp-json\/wp\/v2\/product_brand?post=178734"},{"taxonomy":"product_cat","embeddable":true,"href":"https:\/\/www.otiumhome.fi\/index.php\/wp-json\/wp\/v2\/product_cat?post=178734"},{"taxonomy":"product_tag","embeddable":true,"href":"https:\/\/www.otiumhome.fi\/index.php\/wp-json\/wp\/v2\/product_tag?post=178734"}],"curies":[{"name":"wp","href":"https:\/\/api.w.org\/{rel}","templated":true}]}}