{"id":178714,"date":"2025-10-20T07:41:19","date_gmt":"2025-10-20T07:41:19","guid":{"rendered":"https:\/\/www.otiumhome.fi\/?p=178714"},"modified":"2025-12-09T15:28:42","modified_gmt":"2025-12-09T15:28:42","slug":"tv-tasosetti-2-pcs-vanha-puu-37-x-37-x-72-cm-tekninen-puu","status":"publish","type":"product","link":"https:\/\/www.otiumhome.fi\/index.php\/tuote\/tv-tasosetti-2-pcs-vanha-puu-37-x-37-x-72-cm-tekninen-puu\/","title":{"rendered":"TV-tasosetti 2 pcs Vanha Puu 37 x 37 x 72 cm Tekninen puu"},"content":{"rendered":"<p>T\u00e4\u00e4 sein\u00e4lle asennettava TV-kaappi on suunniteltu pirist\u00e4m\u00e4\u00e4n olohuoneesi ilmett\u00e4 ja optimoi samalla tilan kun on tehty harkitusti. Rustiikkityyliss\u00e4 on luonnollista kauneutta, joka n\u00e4kyy upeasti kaapin suorakaiteen muotoisessa ja tummissa puus\u00e4vyiss\u00e4. T\u00e4m\u00e4 kaappi sopii sis\u00e4tiloihin ja toimii hienosti s\u00e4ilytysratkaisuna sek\u00e4 vieh\u00e4tt\u00e4v\u00e4n\u00e4 katseenvangitsijana viihdealueellasi. Siin\u00e4 on runsaasti tilaa TV:lle ja viihdev\u00e4lineille, joten se on loistava valinta tyylikk\u00e4\u00e4n ja j\u00e4rjestelm\u00e4llisen olohuoneen etsij\u00f6ille.<\/p>\n<ul><\/br><\/p>\n<li><b>Materiaalitiedot<\/b> T\u00e4\u00e4 TV-kaappi on valmistettu kierr\u00e4tetyst\u00e4 puusta, mik\u00e4 antaa rustiikkista vieh\u00e4tyst\u00e4 ja tukea kaapille. Vahva tammirakenne tekee siit\u00e4 kest\u00e4v\u00e4n ja j\u00e4rkev\u00e4n valinnan kotiisi.<\/li>\n<p><\/br><\/p>\n<li><b>Hyllyteknologia<\/b> Levyhyllyt tuovat selkeytt\u00e4 ja k\u00e4yt\u00e4nn\u00f6llisi\u00e4 s\u00e4ilytysratkaisuja viihdelaitteelle, koristeille ja muille kamoille. N\u00e4\u00e4 hyllyt ovat tosi hyvi\u00e4, kun haluat pit\u00e4\u00e4 asiat j\u00e4rjestyksess\u00e4.<\/li>\n<p><\/br><\/p>\n<li><b>Tilan s\u00e4\u00e4st\u00f6edut<\/b> Sein\u00e4lle asennettava muotoilu tekee t\u00e4st\u00e4 kaapista t\u00e4ydellisen niille, jotka haluaa s\u00e4\u00e4st\u00e4\u00e4 tilaa. Se hy\u00f6dynt\u00e4\u00e4 pystysuoraa tilaa, vapauttaen lattiatilaa muuhun k\u00e4ytt\u00f6\u00f6n, mik\u00e4 on erityisen k\u00e4tev\u00e4\u00e4 pieniss\u00e4 asunnoissa.<\/li>\n<p><\/br><\/p>\n<li><b>Esteettinen vieh\u00e4tys<\/b> Sen rustiikkinen tyyli sopii monenlaisiin sisustusteemoihin, tuoden l\u00e4mp\u00f6\u00e4 ja kodikkuutta mihin tahansa olohuoneeseen. T\u00e4m\u00e4 toimii hyvin eri sisustustyyleiss\u00e4, modernista perinteiseen.<\/li>\n<p><\/br><\/p>\n<li><b>Kasaamisohjeet<\/b> Tarvitset kahden hengen tiimin ja ruuvimeisselin, jotta saat kaapin koottua valmistajan ohjeiden mukaan. T\u00e4\u00e4 varmistaa turvallisen ja vakaan asennuksen, mik\u00e4 on t\u00e4rke\u00e4\u00e4 sein\u00e4lle kiinnitett\u00e4v\u00e4lle yksik\u00f6lle.<\/li>\n<p><\/br><\/ul>\n<ul>\n<li>V\u00e4ri: Vanha puu<\/li>\n<li>Materiaali: Tekninen puu<\/li>\n<li>Yleiset mitat: 37 x 37 x 72 cm (P x L x K)<\/li>\n<li>1 hyllyll\u00e4<\/li>\n<li>Kokoonpano vaaditaan: Kyll\u00e4<\/li>\n<li>Toimitus-:<\/li>\n<li>2 x Seiniin Asennettava TV-kaappi<\/li>\n<\/ul>\n","protected":false},"excerpt":{"rendered":"<ul>\n<li>V\u00e4ri: Vanha puu<\/li>\n<li>Materiaali: Tekninen puu<\/li>\n<li>Yleiset mitat: 37 x 37 x 72 cm (P x L x K)<\/li>\n<li>1 hyllyll\u00e4<\/li>\n<li>Kokoonpano vaaditaan: Kyll\u00e4<\/li>\n<li>Toimitus-:<\/li>\n<li>2 x Seiniin Asennettava TV-kaappi<\/li>\n<\/ul>\n","protected":false},"featured_media":100000178714,"comment_status":"closed","ping_status":"closed","template":"","meta":[],"product_brand":[],"product_cat":[84],"product_tag":[],"class_list":{"0":"post-178714","1":"product","2":"type-product","3":"status-publish","4":"has-post-thumbnail","6":"product_cat-huonekalut","8":"first","9":"instock","10":"taxable","11":"shipping-taxable","12":"purchasable","13":"product-type-simple"},"_links":{"self":[{"href":"https:\/\/www.otiumhome.fi\/index.php\/wp-json\/wp\/v2\/product\/178714","targetHints":{"allow":["GET"]}}],"collection":[{"href":"https:\/\/www.otiumhome.fi\/index.php\/wp-json\/wp\/v2\/product"}],"about":[{"href":"https:\/\/www.otiumhome.fi\/index.php\/wp-json\/wp\/v2\/types\/product"}],"replies":[{"embeddable":true,"href":"https:\/\/www.otiumhome.fi\/index.php\/wp-json\/wp\/v2\/comments?post=178714"}],"wp:featuredmedia":[{"embeddable":true,"href":"https:\/\/www.otiumhome.fi\/index.php\/wp-json\/"}],"wp:attachment":[{"href":"https:\/\/www.otiumhome.fi\/index.php\/wp-json\/wp\/v2\/media?parent=178714"}],"wp:term":[{"taxonomy":"product_brand","embeddable":true,"href":"https:\/\/www.otiumhome.fi\/index.php\/wp-json\/wp\/v2\/product_brand?post=178714"},{"taxonomy":"product_cat","embeddable":true,"href":"https:\/\/www.otiumhome.fi\/index.php\/wp-json\/wp\/v2\/product_cat?post=178714"},{"taxonomy":"product_tag","embeddable":true,"href":"https:\/\/www.otiumhome.fi\/index.php\/wp-json\/wp\/v2\/product_tag?post=178714"}],"curies":[{"name":"wp","href":"https:\/\/api.w.org\/{rel}","templated":true}]}}