{"id":178712,"date":"2025-10-20T07:41:18","date_gmt":"2025-10-20T07:41:18","guid":{"rendered":"https:\/\/www.otiumhome.fi\/?p=178712"},"modified":"2025-10-20T17:45:46","modified_gmt":"2025-10-20T17:45:46","slug":"tv-taso-90x30x41-cm-karkea-mangopuu","status":"publish","type":"product","link":"https:\/\/www.otiumhome.fi\/index.php\/tuote\/tv-taso-90x30x41-cm-karkea-mangopuu\/","title":{"rendered":"TV-taso 90x30x41 cm karkea mangopuu"},"content":{"rendered":"<p>Puinen TV-kaappi tuo teollista tyyli\u00e4 makuuhuoneeseesi tai olohuoneeseesi!<\/p>\n<\/p>\n<p>Stereokaappi on valmistettu t\u00e4ydest\u00e4 karkeasta mangopuusta, trooppisesta lehtipuusta, jolla on voimaa kantaa painoa. Se kest\u00e4\u00e4 my\u00f6s ajan kulumista ja on siten vakaa ja kest\u00e4v\u00e4. Jauhemaalattu rauta-ter\u00e4syhdistelm\u00e4 antaa lis\u00e4\u00e4 vakautta t\u00e4lle matalalle tasolle. K\u00e4sity\u00f6taito ja kauniit puukuviot tekev\u00e4t jokaisesta huonekalusta ainutlaatuisen ja hieman erilaisen kuin muut. T\u00e4ss\u00e4 mediayksik\u00f6ss\u00e4 on kaksi vetolaatikkoa ja kaksi lokeroa, jotka tarjoavat runsaasti s\u00e4ilytystilaa t\u00e4rkeiden esineiden pit\u00e4miseen j\u00e4rjestyksess\u00e4 ja ulottuvillasi.<\/p>\n<\/p>\n<p>T\u00e4rke\u00e4 huomio: V\u00e4rit ja puunsyyt vaihtelevat kappaleittain, mik\u00e4 tekee jokaisesta huonekalusta ainutlaatuisen. Toimitus on sattumanvarainen.<\/p>\n<ul>\n<li>V\u00e4ri: musta<\/li>\n<li>Materiaali: t\u00e4ysi karkea mangopuu luonnollisella viimeistelyll\u00e4, ter\u00e4s ja rauta mustalla jauhemaalilla<\/li>\n<li>Mitat: 90 x 30 x 41 cm (L x S x K)<\/li>\n<li>Kokoonpano vaaditaan: Ei<\/li>\n<\/ul>\n","protected":false},"excerpt":{"rendered":"<ul>\n<li>V\u00e4ri: musta<\/li>\n<li>Materiaali: t\u00e4ysi karkea mangopuu luonnollisella viimeistelyll\u00e4, ter\u00e4s ja rauta mustalla jauhemaalilla<\/li>\n<li>Mitat: 90 x 30 x 41 cm (L x S x K)<\/li>\n<li>Kokoonpano vaaditaan: Ei<\/li>\n<\/ul>\n","protected":false},"featured_media":100000178712,"comment_status":"closed","ping_status":"closed","template":"","meta":[],"product_brand":[],"product_cat":[84],"product_tag":[],"class_list":{"0":"post-178712","1":"product","2":"type-product","3":"status-publish","4":"has-post-thumbnail","6":"product_cat-huonekalut","8":"first","9":"instock","10":"taxable","11":"shipping-taxable","12":"purchasable","13":"product-type-simple"},"_links":{"self":[{"href":"https:\/\/www.otiumhome.fi\/index.php\/wp-json\/wp\/v2\/product\/178712","targetHints":{"allow":["GET"]}}],"collection":[{"href":"https:\/\/www.otiumhome.fi\/index.php\/wp-json\/wp\/v2\/product"}],"about":[{"href":"https:\/\/www.otiumhome.fi\/index.php\/wp-json\/wp\/v2\/types\/product"}],"replies":[{"embeddable":true,"href":"https:\/\/www.otiumhome.fi\/index.php\/wp-json\/wp\/v2\/comments?post=178712"}],"wp:featuredmedia":[{"embeddable":true,"href":"https:\/\/www.otiumhome.fi\/index.php\/wp-json\/"}],"wp:attachment":[{"href":"https:\/\/www.otiumhome.fi\/index.php\/wp-json\/wp\/v2\/media?parent=178712"}],"wp:term":[{"taxonomy":"product_brand","embeddable":true,"href":"https:\/\/www.otiumhome.fi\/index.php\/wp-json\/wp\/v2\/product_brand?post=178712"},{"taxonomy":"product_cat","embeddable":true,"href":"https:\/\/www.otiumhome.fi\/index.php\/wp-json\/wp\/v2\/product_cat?post=178712"},{"taxonomy":"product_tag","embeddable":true,"href":"https:\/\/www.otiumhome.fi\/index.php\/wp-json\/wp\/v2\/product_tag?post=178712"}],"curies":[{"name":"wp","href":"https:\/\/api.w.org\/{rel}","templated":true}]}}