{"id":178690,"date":"2025-10-20T07:41:13","date_gmt":"2025-10-20T07:41:13","guid":{"rendered":"https:\/\/www.otiumhome.fi\/?p=178690"},"modified":"2025-12-09T15:28:39","modified_gmt":"2025-12-09T15:28:39","slug":"tv-tasosetti-2-pcs-musta-tammi-107-x-35-x-37-cm-tekninen-puu","status":"publish","type":"product","link":"https:\/\/www.otiumhome.fi\/index.php\/tuote\/tv-tasosetti-2-pcs-musta-tammi-107-x-35-x-37-cm-tekninen-puu\/","title":{"rendered":"TV-tasosetti 2 pcs Musta tammi. 107 x 35 x 37 cm Tekninen puu"},"content":{"rendered":"<p>T\u00e4\u00e4 elegantti sein\u00e4lle asennettava TV-kaappisarja tuo rustiikkista charmia nykyaikaiseen designiin. Se on t\u00e4ydellinen, jos arvostat minimalistista toimivuutta, ja se parantaa olohuoneen tyyli\u00e4 samalla kun se maksimoi tilan. T\u00e4\u00e4 toimii keskipisteen\u00e4 sun viihdealueella ja sulautuu sisustustyyleihin rustiikkisesta eleganssista moderniin yksinkertaisuuteen. Teknisest\u00e4 puusta valmistettuna se on ajaton lis\u00e4 kotiisi.<\/p>\n<ul>\n<li><b>Tekninen puu &amp; rustiikkinen tyyli<\/b> T\u00e4\u00e4 TV-kaappisarja tuo esiin teknisen puun kauneuden, jossa on voimaa ja upeita esteettisi\u00e4 arvoja. Rustiikkinen tyyli tuo luonnollista l\u00e4mp\u00f6\u00e4 mihin tahansa tilaan, joten t\u00e4\u00e4 on t\u00e4ydellinen valinta luonnosta inspiroituneille kodeille.<\/li>\n<li><b>Tehokkaat levyhyllyt<\/b> Hyllyjen k\u00e4yt\u00e4nn\u00f6llisyys yhdistettyn\u00e4 tyylikkyyteen antaa sulle loistavan ratkaisun s\u00e4ilytt\u00e4\u00e4 elektroniikkaa, kirjoja ja pelej\u00e4. N\u00e4\u00e4 hyllyt tekev\u00e4t sun j\u00e4rjestelyst\u00e4 helppoa ja mukautuvaa.<\/li>\n<li><b>Sein\u00e4lle asennettava suunnittelu<\/b> T\u00e4\u00e4 asennustapa s\u00e4\u00e4st\u00e4\u00e4 lattiatilaa. Kun kaapit on sein\u00e4ll\u00e4, saat lis\u00e4\u00e4 tilaa muille jutuilla tai koristeille, mik\u00e4 tekee huoneesta avaran ja siistin n\u00e4k\u00f6isen.<\/li>\n<li><b>Olohuoneeseen sopiva<\/b> Erityisesti olohuoneen tarpeisiin suunniteltu kaappi tarjoaa hienostuneita s\u00e4ilytysratkaisuja. Voit ryhmitell\u00e4 samankaltaisia esineit\u00e4 tai esitt\u00e4\u00e4 rakastamiasi muistoesineit\u00e4, jolloin se harmonisoi sun tilan tunnelmaa.<\/li>\n<li><b>Kokoamisopas<\/b> Kun seuraat tarkasti ohjeita, niin kaksi ihmist\u00e4 voi helposti kasata t\u00e4n TV-kaappisarjan ruuvimeisselin avulla, varmistaen sen vakauden ja joustavuuden tulevaan k\u00e4ytt\u00f6\u00f6n.<\/li>\n<\/ul>\n<ul>\n<li>V\u00e4ri: Musta tammi.<\/li>\n<li>Materiaali: Tekninen puu<\/li>\n<li>Yleiset mitat: 107 x 35 x 37 cm (P x L x K)<\/li>\n<li>3 hyllyill\u00e4<\/li>\n<li>Kokoonpano vaaditaan: Kyll\u00e4<\/li>\n<li>Toimitus-:<\/li>\n<li>2 kpl TV-kaappia<\/li>\n<\/ul>\n","protected":false},"excerpt":{"rendered":"<ul>\n<li>V\u00e4ri: Musta tammi.<\/li>\n<li>Materiaali: Tekninen puu<\/li>\n<li>Yleiset mitat: 107 x 35 x 37 cm (P x L x K)<\/li>\n<li>3 hyllyill\u00e4<\/li>\n<li>Kokoonpano vaaditaan: Kyll\u00e4<\/li>\n<li>Toimitus-:<\/li>\n<li>2 kpl TV-kaappia<\/li>\n<\/ul>\n","protected":false},"featured_media":100000178690,"comment_status":"closed","ping_status":"closed","template":"","meta":[],"product_brand":[],"product_cat":[84],"product_tag":[],"class_list":{"0":"post-178690","1":"product","2":"type-product","3":"status-publish","4":"has-post-thumbnail","6":"product_cat-huonekalut","8":"first","9":"instock","10":"taxable","11":"shipping-taxable","12":"purchasable","13":"product-type-simple"},"_links":{"self":[{"href":"https:\/\/www.otiumhome.fi\/index.php\/wp-json\/wp\/v2\/product\/178690","targetHints":{"allow":["GET"]}}],"collection":[{"href":"https:\/\/www.otiumhome.fi\/index.php\/wp-json\/wp\/v2\/product"}],"about":[{"href":"https:\/\/www.otiumhome.fi\/index.php\/wp-json\/wp\/v2\/types\/product"}],"replies":[{"embeddable":true,"href":"https:\/\/www.otiumhome.fi\/index.php\/wp-json\/wp\/v2\/comments?post=178690"}],"wp:featuredmedia":[{"embeddable":true,"href":"https:\/\/www.otiumhome.fi\/index.php\/wp-json\/"}],"wp:attachment":[{"href":"https:\/\/www.otiumhome.fi\/index.php\/wp-json\/wp\/v2\/media?parent=178690"}],"wp:term":[{"taxonomy":"product_brand","embeddable":true,"href":"https:\/\/www.otiumhome.fi\/index.php\/wp-json\/wp\/v2\/product_brand?post=178690"},{"taxonomy":"product_cat","embeddable":true,"href":"https:\/\/www.otiumhome.fi\/index.php\/wp-json\/wp\/v2\/product_cat?post=178690"},{"taxonomy":"product_tag","embeddable":true,"href":"https:\/\/www.otiumhome.fi\/index.php\/wp-json\/wp\/v2\/product_tag?post=178690"}],"curies":[{"name":"wp","href":"https:\/\/api.w.org\/{rel}","templated":true}]}}