{"id":178686,"date":"2025-10-20T07:41:12","date_gmt":"2025-10-20T07:41:12","guid":{"rendered":"https:\/\/www.otiumhome.fi\/?p=178686"},"modified":"2025-10-25T14:25:30","modified_gmt":"2025-10-25T14:25:30","slug":"tv-kaappi-oliivinvihrea-202x39x435-cm-kylmavalssattu-teras","status":"publish","type":"product","link":"https:\/\/www.otiumhome.fi\/index.php\/tuote\/tv-kaappi-oliivinvihrea-202x39x435-cm-kylmavalssattu-teras\/","title":{"rendered":"TV Kaappi Oliivinvihre\u00e4 202x39x43,5 cm Kylm\u00e4valssattu ter\u00e4s"},"content":{"rendered":"<p>T\u00e4m\u00e4 TV-taso, jossa on runsaasti s\u00e4ilytystilaa, on k\u00e4yt\u00e4nn\u00f6llinen katseenvangitsija olo- tai makuuhuoneessa.<\/p>\n<\/p>\n<ul>\n<li>Vankka ja vakaa: Kylm\u00e4valssattu ter\u00e4s on v\u00e4h\u00e4hiilinen ter\u00e4s, joka valmistetaan &#8221;kylm\u00e4valssausprosessilla&#8221; ja k\u00e4sitell\u00e4\u00e4n l\u00e4hes normaaleissa huoneenl\u00e4mp\u00f6tiloissa. Kylm\u00e4valssatulla ter\u00e4ksell\u00e4 on sile\u00e4mpi pinta, suurempi lujuus ja suurempi tarkkuus.<\/li>\n<li>Runsaasti s\u00e4ilytystilaa: TV-tasossa on runsaasti s\u00e4ilytystilaa aikakauslehtien, kirjojen, DVD-levyjen ja multimedialaitteiden hyvin j\u00e4rjestettyin\u00e4 ja k\u00e4den ulottuvilla pit\u00e4miseen.<\/li>\n<li>Vakaa ja tukeva yl\u00e4taso: Tukeva yl\u00e4taso on ihanteellinen paikka TV:n ja stereoj\u00e4rjestelmien, tai joidenkin koristeiden, kuten maljakoiden tai ruukkukasvien sijoittamiseen.<\/li>\n<li>Helppo huoltaa: TV-kaappi on helppo puhdistaa kostealla liinalla ja se tarvitsee vain v\u00e4h\u00e4ist\u00e4 huoltoa.<\/li>\n<\/ul>\n<ul>\n<li>V\u00e4ri: oliivinvihre\u00e4<\/li>\n<li>Materiaali: Kylm\u00e4valssattu ter\u00e4s<\/li>\n<li>Mitat: 202 x 39 x 43,5 cm (P x L x K)<\/li>\n<li>6 laatikkoa ja 6 lokeroa<\/li>\n<li>Asennus vaaditaan: Kyll\u00e4<\/li>\n<\/ul>\n","protected":false},"excerpt":{"rendered":"<ul>\n<li>V\u00e4ri: oliivinvihre\u00e4<\/li>\n<li>Materiaali: Kylm\u00e4valssattu ter\u00e4s<\/li>\n<li>Mitat: 202 x 39 x 43,5 cm (P x L x K)<\/li>\n<li>6 laatikkoa ja 6 lokeroa<\/li>\n<li>Asennus vaaditaan: Kyll\u00e4<\/li>\n<\/ul>\n","protected":false},"featured_media":100000178686,"comment_status":"closed","ping_status":"closed","template":"","meta":[],"product_brand":[],"product_cat":[84],"product_tag":[],"class_list":{"0":"post-178686","1":"product","2":"type-product","3":"status-publish","4":"has-post-thumbnail","6":"product_cat-huonekalut","8":"first","9":"instock","10":"taxable","11":"shipping-taxable","12":"purchasable","13":"product-type-simple"},"_links":{"self":[{"href":"https:\/\/www.otiumhome.fi\/index.php\/wp-json\/wp\/v2\/product\/178686","targetHints":{"allow":["GET"]}}],"collection":[{"href":"https:\/\/www.otiumhome.fi\/index.php\/wp-json\/wp\/v2\/product"}],"about":[{"href":"https:\/\/www.otiumhome.fi\/index.php\/wp-json\/wp\/v2\/types\/product"}],"replies":[{"embeddable":true,"href":"https:\/\/www.otiumhome.fi\/index.php\/wp-json\/wp\/v2\/comments?post=178686"}],"wp:featuredmedia":[{"embeddable":true,"href":"https:\/\/www.otiumhome.fi\/index.php\/wp-json\/"}],"wp:attachment":[{"href":"https:\/\/www.otiumhome.fi\/index.php\/wp-json\/wp\/v2\/media?parent=178686"}],"wp:term":[{"taxonomy":"product_brand","embeddable":true,"href":"https:\/\/www.otiumhome.fi\/index.php\/wp-json\/wp\/v2\/product_brand?post=178686"},{"taxonomy":"product_cat","embeddable":true,"href":"https:\/\/www.otiumhome.fi\/index.php\/wp-json\/wp\/v2\/product_cat?post=178686"},{"taxonomy":"product_tag","embeddable":true,"href":"https:\/\/www.otiumhome.fi\/index.php\/wp-json\/wp\/v2\/product_tag?post=178686"}],"curies":[{"name":"wp","href":"https:\/\/api.w.org\/{rel}","templated":true}]}}