{"id":178682,"date":"2025-10-20T07:41:11","date_gmt":"2025-10-20T07:41:11","guid":{"rendered":"https:\/\/www.otiumhome.fi\/?p=178682"},"modified":"2025-12-09T15:28:38","modified_gmt":"2025-12-09T15:28:38","slug":"tv-tasosetti-4-pcs-musta-37-x-37-x-1425-cm-tekninen-puu","status":"publish","type":"product","link":"https:\/\/www.otiumhome.fi\/index.php\/tuote\/tv-tasosetti-4-pcs-musta-37-x-37-x-1425-cm-tekninen-puu\/","title":{"rendered":"TV-tasosetti 4 pcs Musta 37 x 37 x 142,5 cm Tekninen puu"},"content":{"rendered":"<p>Optimoi kotisi k\u00e4ytt\u00f6 t\u00e4ll\u00e4 sein\u00e4lle asennettavalla TV-kaappisetill\u00e4, joka yhdist\u00e4\u00e4 k\u00e4yt\u00e4nn\u00f6llisyyden ja tyylin nykyaikaisessa ymp\u00e4rist\u00f6ss\u00e4. T\u00e4m\u00e4 tyylikk\u00e4\u00e4n minimalistinen s\u00e4ilytysratkaisu tuo siisteytt\u00e4 olohuoneeseen puhtain linjoin. Suorakaiteen muoto takaa, ett\u00e4 se istuu t\u00e4ydellisesti viihdetilassa, palvellen niin esteettisi\u00e4 kuin k\u00e4yt\u00e4nn\u00f6n tarpeitakin.<\/p>\n<ul>\n<li><b>Materiaalit:<\/b> Laadukkaasta teknisest\u00e4 puusta valmistettu kaappi on kest\u00e4v\u00e4 ja kevyt, t\u00e4ydellinen elektroniikan ja koriste-esineiden tukemiseksi. Tekninen puu tunnetaan muotonsa s\u00e4ilytt\u00e4misest\u00e4, mik\u00e4 varmistaa pitk\u00e4ik\u00e4isyyden ja v\u00e4h\u00e4isen yll\u00e4pidon.<\/li>\n<li><b>Takuut:<\/b> Settiin kuuluu nelj\u00e4 hyvin aseteltua hylly\u00e4, jotka soveltuvat joustavasti media-laitteille, kirjoille tai koristeille. Hyllyt ovat tukevia, tarjoten turvallista ja tyylik\u00e4st\u00e4 s\u00e4ilytyst\u00e4.<\/li>\n<li><b>Ominaisuudet:<\/b> Sein\u00e4lle asennettava muotoilu vapauttaa tilaa lattialta ja antaa huoneeseen virtaviivaisen ilmeen. Kaapin minimalistinen muotoilu sopii nykyaikaisiin sisustuksiin, tehden siit\u00e4 hienon valinnan erilaisiin koteihin.<\/li>\n<li><b>Suositellut k\u00e4ytt\u00f6tavat:<\/b> Ihanteellinen kaupunkiasunnoissa, studiossa tai kodeissa, jotka haluavat maksimoida tilan s\u00e4ilytt\u00e4en tyylin. K\u00e4tev\u00e4t s\u00e4ilytysratkaisut auttavat pit\u00e4m\u00e4\u00e4n olohuoneen siistin\u00e4 ja j\u00e4rjestettyn\u00e4.<\/li>\n<li><b>Hoito &amp; yll\u00e4pito:<\/b> Kokoa ohjeiden mukaan. Asennus vaatii ruuvimeisselin ja kaksi henkil\u00f6\u00e4 varmistamaan turvallisen ja huolellisen kokoamisen. S\u00e4\u00e4nn\u00f6llinen p\u00f6lyn pyyhkiminen kuivalle kankaalle pit\u00e4\u00e4 kaapin puhtaana.<\/li>\n<\/ul>\n<ul>\n<li>V\u00e4ri: Musta<\/li>\n<li>Materiaali: Tekninen puu<\/li>\n<li>Yleiset mitat: 37 x 37 x 142,5 cm (P x L x K)<\/li>\n<li>Hyllyll\u00e4<\/li>\n<li>Kokoonpano vaaditaan: Kyll\u00e4<\/li>\n<li>Toimitus-:<\/li>\n<li>4 x TV-kaappi<\/li>\n<\/ul>\n","protected":false},"excerpt":{"rendered":"<ul>\n<li>V\u00e4ri: Musta<\/li>\n<li>Materiaali: Tekninen puu<\/li>\n<li>Yleiset mitat: 37 x 37 x 142,5 cm (P x L x K)<\/li>\n<li>Hyllyll\u00e4<\/li>\n<li>Kokoonpano vaaditaan: Kyll\u00e4<\/li>\n<li>Toimitus-:<\/li>\n<li>4 x TV-kaappi<\/li>\n<\/ul>\n","protected":false},"featured_media":100000178682,"comment_status":"closed","ping_status":"closed","template":"","meta":[],"product_brand":[],"product_cat":[84],"product_tag":[],"class_list":{"0":"post-178682","1":"product","2":"type-product","3":"status-publish","4":"has-post-thumbnail","6":"product_cat-huonekalut","8":"first","9":"instock","10":"taxable","11":"shipping-taxable","12":"purchasable","13":"product-type-simple"},"_links":{"self":[{"href":"https:\/\/www.otiumhome.fi\/index.php\/wp-json\/wp\/v2\/product\/178682","targetHints":{"allow":["GET"]}}],"collection":[{"href":"https:\/\/www.otiumhome.fi\/index.php\/wp-json\/wp\/v2\/product"}],"about":[{"href":"https:\/\/www.otiumhome.fi\/index.php\/wp-json\/wp\/v2\/types\/product"}],"replies":[{"embeddable":true,"href":"https:\/\/www.otiumhome.fi\/index.php\/wp-json\/wp\/v2\/comments?post=178682"}],"wp:featuredmedia":[{"embeddable":true,"href":"https:\/\/www.otiumhome.fi\/index.php\/wp-json\/"}],"wp:attachment":[{"href":"https:\/\/www.otiumhome.fi\/index.php\/wp-json\/wp\/v2\/media?parent=178682"}],"wp:term":[{"taxonomy":"product_brand","embeddable":true,"href":"https:\/\/www.otiumhome.fi\/index.php\/wp-json\/wp\/v2\/product_brand?post=178682"},{"taxonomy":"product_cat","embeddable":true,"href":"https:\/\/www.otiumhome.fi\/index.php\/wp-json\/wp\/v2\/product_cat?post=178682"},{"taxonomy":"product_tag","embeddable":true,"href":"https:\/\/www.otiumhome.fi\/index.php\/wp-json\/wp\/v2\/product_tag?post=178682"}],"curies":[{"name":"wp","href":"https:\/\/api.w.org\/{rel}","templated":true}]}}