{"id":178678,"date":"2025-10-20T07:41:10","date_gmt":"2025-10-20T07:41:10","guid":{"rendered":"https:\/\/www.otiumhome.fi\/?p=178678"},"modified":"2025-12-14T18:00:40","modified_gmt":"2025-12-14T18:00:40","slug":"tv-kaappi-harmaa-sonoma-180-x-38-x-49-cm-tekninen-puu","status":"publish","type":"product","link":"https:\/\/www.otiumhome.fi\/index.php\/tuote\/tv-kaappi-harmaa-sonoma-180-x-38-x-49-cm-tekninen-puu\/","title":{"rendered":"TV-kaappi Harmaa Sonoma 180 x 38 x 49 cm Tekninen puu"},"content":{"rendered":"<p>T\u00e4m\u00e4 TV-kaappi yhdist\u00e4\u00e4 k\u00e4yt\u00e4nn\u00f6llisyyden ja modernin tyylin, ollen sek\u00e4 k\u00e4yt\u00e4nn\u00f6llinen s\u00e4ilytysratkaisu ett\u00e4 koristeellinen elementti olohuoneessa. Sen siistit linjat ja minimalistinen muotoilu tekev\u00e4t siit\u00e4 kauniin ja k\u00e4yt\u00e4nn\u00f6llisen lis\u00e4yksen nykyaikaisiin koteihin. Se on t\u00e4ydellinen valinta medialaitteille tai kirjoille, ja LED-valaistus tekee siit\u00e4 entist\u00e4 houkuttelevamman.<\/p>\n<ul>\n<li><b>Tekninen puu<\/b> Kest\u00e4v\u00e4 tekninen puu tekee t\u00e4st\u00e4 TV-kaapista luotettavan ja vahvan, mutta my\u00f6s kevyen, joten asennus on helppoa. Kaapin ajaton vieh\u00e4tys auttaa sit\u00e4 sulautumaan eri sisustustyyleihin. T\u00e4m\u00e4n materiaalin ansiosta kaappi kest\u00e4\u00e4 p\u00e4ivitt\u00e4ist\u00e4 kulutusta ja parantaa k\u00e4ytt\u00f6ik\u00e4\u00e4.<\/li>\n<li><b>LED-valonauhat<\/b> Kaapiin integroitu LED-valonauha luo dynaamisen tunnelman, joka on t\u00e4ydellinen esimerkiksi elokuvailtoihin. USB-virransy\u00f6tt\u00f6 lis\u00e4\u00e4 joustavuutta, joten voit sijoittaa sen mihin vain ja se on energiatehokas.<\/li>\n<li><b>Saranat ovi -p\u00e4\u00e4sy<\/b> Kaappi on varustettu sujuvalla saranaj\u00e4rjestelm\u00e4ll\u00e4, joka mahdollistaa helpon p\u00e4\u00e4syn sis\u00e4ll\u00e4 oleviin tavaroihin. T\u00e4m\u00e4n ansiosta tila pysyy siistin\u00e4 ja j\u00e4rjestettyn\u00e4, samalla kun p\u00e4\u00e4sy on vaivatonta. Loistava valinta omistajille, joille esteettisyys ja k\u00e4yt\u00e4nn\u00f6llisyys ovat t\u00e4rkeit\u00e4.<\/li>\n<li><b>Moderni tyyli<\/b> Kaapin moderni muotoilu korostaa yksinkertaisuutta ja k\u00e4yt\u00e4nn\u00f6llisyytt\u00e4. Siistit linjat ja minimalistinen ilme sopivat t\u00e4ydellisesti nykyaikaisiin tiloihin ja luovat huomaamatonta l\u00e4sn\u00e4oloa, joka mukautuu erilaisiin sisustustyyleihin.<\/li>\n<li><b>Huolto-ohjeet<\/b> Kaapin siistin ulkon\u00e4\u00f6n yll\u00e4pit\u00e4miseksi riitt\u00e4\u00e4, ett\u00e4 pyyhkit kostealla liinalla. T\u00e4m\u00e4 helppo huoltoprosessi pit\u00e4\u00e4 kaapin kunnossa pitk\u00e4\u00e4n ja tekee siit\u00e4 vaivattoman valinnan olohuoneeseen.<\/li>\n<\/ul>\n<ul>\n<li>V\u00e4ri: Harmaa sonoma<\/li>\n<li>Materiaali: Tekninen puu<\/li>\n<li>Yleiset mitat: 180 x 38 x 49 cm (L x P x K)<\/li>\n<li>4 ovien kanssa<\/li>\n<li>Valotyyppi: Led-valonauhat<\/li>\n<li>Kokoonpano vaaditaan: Kyll\u00e4<\/li>\n<li>Toimitus-:<\/li>\n<li>1 x TV-taso<\/li>\n<\/ul>\n","protected":false},"excerpt":{"rendered":"<ul>\n<li>V\u00e4ri: Harmaa sonoma<\/li>\n<li>Materiaali: Tekninen puu<\/li>\n<li>Yleiset mitat: 180 x 38 x 49 cm (L x P x K)<\/li>\n<li>4 ovien kanssa<\/li>\n<li>Valotyyppi: Led-valonauhat<\/li>\n<li>Kokoonpano vaaditaan: Kyll\u00e4<\/li>\n<li>Toimitus-:<\/li>\n<li>1 x TV-taso<\/li>\n<\/ul>\n","protected":false},"featured_media":100000178678,"comment_status":"closed","ping_status":"closed","template":"","meta":[],"product_brand":[],"product_cat":[84],"product_tag":[],"class_list":{"0":"post-178678","1":"product","2":"type-product","3":"status-publish","4":"has-post-thumbnail","6":"product_cat-huonekalut","8":"first","9":"instock","10":"taxable","11":"shipping-taxable","12":"purchasable","13":"product-type-simple"},"_links":{"self":[{"href":"https:\/\/www.otiumhome.fi\/index.php\/wp-json\/wp\/v2\/product\/178678","targetHints":{"allow":["GET"]}}],"collection":[{"href":"https:\/\/www.otiumhome.fi\/index.php\/wp-json\/wp\/v2\/product"}],"about":[{"href":"https:\/\/www.otiumhome.fi\/index.php\/wp-json\/wp\/v2\/types\/product"}],"replies":[{"embeddable":true,"href":"https:\/\/www.otiumhome.fi\/index.php\/wp-json\/wp\/v2\/comments?post=178678"}],"wp:featuredmedia":[{"embeddable":true,"href":"https:\/\/www.otiumhome.fi\/index.php\/wp-json\/"}],"wp:attachment":[{"href":"https:\/\/www.otiumhome.fi\/index.php\/wp-json\/wp\/v2\/media?parent=178678"}],"wp:term":[{"taxonomy":"product_brand","embeddable":true,"href":"https:\/\/www.otiumhome.fi\/index.php\/wp-json\/wp\/v2\/product_brand?post=178678"},{"taxonomy":"product_cat","embeddable":true,"href":"https:\/\/www.otiumhome.fi\/index.php\/wp-json\/wp\/v2\/product_cat?post=178678"},{"taxonomy":"product_tag","embeddable":true,"href":"https:\/\/www.otiumhome.fi\/index.php\/wp-json\/wp\/v2\/product_tag?post=178678"}],"curies":[{"name":"wp","href":"https:\/\/api.w.org\/{rel}","templated":true}]}}