{"id":178671,"date":"2025-10-20T07:41:08","date_gmt":"2025-10-20T07:41:08","guid":{"rendered":"https:\/\/www.otiumhome.fi\/?p=178671"},"modified":"2025-12-09T15:28:37","modified_gmt":"2025-12-09T15:28:37","slug":"tv-tasosetti-2-pcs-musta-37-x-37-x-1425-cm-tekninen-puu","status":"publish","type":"product","link":"https:\/\/www.otiumhome.fi\/index.php\/tuote\/tv-tasosetti-2-pcs-musta-37-x-37-x-1425-cm-tekninen-puu\/","title":{"rendered":"TV-tasosetti 2 pcs Musta 37 x 37 x 142,5 cm Tekninen puu"},"content":{"rendered":"<p>T\u00e4m\u00e4 sein\u00e4lle asennettava TV-kaappisarja on loistava lis\u00e4 moderniin olohuoneeseen, joka arvostaa sek\u00e4 tyyli\u00e4 ett\u00e4 k\u00e4yt\u00e4nn\u00f6llisyytt\u00e4. Sen puhtaat linjat ja minimalistinen muotoilu tekev\u00e4t siit\u00e4 tyylikk\u00e4\u00e4n ratkaisun viihteelle, samalla kun se s\u00e4\u00e4st\u00e4\u00e4 lattiatilaa. Ihanteellinen nykyaikaisista sisustusratkaisuista, t\u00e4m\u00e4 kaappi sulautuu eri tyyleihin t\u00e4ydellisesti, yhdist\u00e4en muoto ja toiminnallisuus. Olitpa sitten pieness\u00e4 asunnossa tai avarassa kodissa, t\u00e4m\u00e4 sarja nostaa mediakokemustasi.<\/p>\n<ul>\n<li><b>Laadukkaat materiaalit:<\/b> T\u00e4m\u00e4 teknisest\u00e4 puusta tehty kaappisarja yhdist\u00e4\u00e4 kest\u00e4vyyden ja tyylin. Materiaali on sile\u00e4\u00e4 ja modernia, mik\u00e4 tekee siit\u00e4 t\u00e4ydellisen erilaisiin sisustuksiin. Teknisest\u00e4 puusta l\u00f6ytyy my\u00f6s ymp\u00e4rist\u00f6yst\u00e4v\u00e4llisi\u00e4 ominaisuuksia.<\/li>\n<li><b>S\u00e4ilytysmonipuolisuus:<\/b> Kaappisarja sis\u00e4lt\u00e4\u00e4 levyhyllyj\u00e4 eri s\u00e4ilytystarpeisiin, joten voit j\u00e4rjest\u00e4\u00e4 multimediaa, kirjoja tai koristeita huoletta. Muotoilu muuttaa sotkuisen tilan kauniiksi ja j\u00e4rjestetyn n\u00e4k\u00f6iseksi. Sopii t\u00e4ydellisesti DVD-kokoelmaan tai perhekuville.<\/li>\n<li><b>Tehokas tilanhallinta:<\/b> Sein\u00e4lle asennettuna t\u00e4m\u00e4 kaappisarja on \u00e4lyk\u00e4s tilaa s\u00e4\u00e4st\u00e4v\u00e4 ratkaisu, joka avaa tilaa lattiapinnasta. T\u00e4m\u00e4 tekee siit\u00e4 loistavan valinnan pienempiin olohuoneisiin, ja se antaa tilaa muille istuin- tai s\u00e4ilytysratkaisuille.<\/li>\n<li><b>K\u00e4ytt\u00e4j\u00e4yst\u00e4v\u00e4lliset ominaisuudet:<\/b> Kaappiin kuuluu selke\u00e4t kokoamisohjeet, ja se on nopea koota ruuvimeisselin avulla. Suunniteltu sis\u00e4k\u00e4ytt\u00f6\u00f6n, se on vaivaton valinta olohuoneeseesi.<\/li>\n<li><b>Helppohoitoisuus:<\/b> T\u00e4m\u00e4n kaappisarjan hoitaminen on vaivatonta. Voit pit\u00e4\u00e4 sen siistin\u00e4 pyyhkim\u00e4ll\u00e4 kuivalla liinalla. Ohjeita seuraamalla varmistat, ett\u00e4 kaappi pysyy tukevana ja luotettavana pitk\u00e4\u00e4n.<\/li>\n<\/ul>\n<ul>\n<li>V\u00e4ri: Musta<\/li>\n<li>Materiaali: Tekninen puu<\/li>\n<li>Yleiset mitat: 37 x 37 x 142,5 cm (P x L x K)<\/li>\n<li>Hyllyll\u00e4<\/li>\n<li>Kokoonpano vaaditaan: Kyll\u00e4<\/li>\n<li>Toimitus-:<\/li>\n<li>2 kpl TV-kaappia<\/li>\n<\/ul>\n","protected":false},"excerpt":{"rendered":"<ul>\n<li>V\u00e4ri: Musta<\/li>\n<li>Materiaali: Tekninen puu<\/li>\n<li>Yleiset mitat: 37 x 37 x 142,5 cm (P x L x K)<\/li>\n<li>Hyllyll\u00e4<\/li>\n<li>Kokoonpano vaaditaan: Kyll\u00e4<\/li>\n<li>Toimitus-:<\/li>\n<li>2 kpl TV-kaappia<\/li>\n<\/ul>\n","protected":false},"featured_media":100000178671,"comment_status":"closed","ping_status":"closed","template":"","meta":[],"product_brand":[],"product_cat":[84],"product_tag":[],"class_list":{"0":"post-178671","1":"product","2":"type-product","3":"status-publish","4":"has-post-thumbnail","6":"product_cat-huonekalut","8":"first","9":"instock","10":"taxable","11":"shipping-taxable","12":"purchasable","13":"product-type-simple"},"_links":{"self":[{"href":"https:\/\/www.otiumhome.fi\/index.php\/wp-json\/wp\/v2\/product\/178671","targetHints":{"allow":["GET"]}}],"collection":[{"href":"https:\/\/www.otiumhome.fi\/index.php\/wp-json\/wp\/v2\/product"}],"about":[{"href":"https:\/\/www.otiumhome.fi\/index.php\/wp-json\/wp\/v2\/types\/product"}],"replies":[{"embeddable":true,"href":"https:\/\/www.otiumhome.fi\/index.php\/wp-json\/wp\/v2\/comments?post=178671"}],"wp:featuredmedia":[{"embeddable":true,"href":"https:\/\/www.otiumhome.fi\/index.php\/wp-json\/"}],"wp:attachment":[{"href":"https:\/\/www.otiumhome.fi\/index.php\/wp-json\/wp\/v2\/media?parent=178671"}],"wp:term":[{"taxonomy":"product_brand","embeddable":true,"href":"https:\/\/www.otiumhome.fi\/index.php\/wp-json\/wp\/v2\/product_brand?post=178671"},{"taxonomy":"product_cat","embeddable":true,"href":"https:\/\/www.otiumhome.fi\/index.php\/wp-json\/wp\/v2\/product_cat?post=178671"},{"taxonomy":"product_tag","embeddable":true,"href":"https:\/\/www.otiumhome.fi\/index.php\/wp-json\/wp\/v2\/product_tag?post=178671"}],"curies":[{"name":"wp","href":"https:\/\/api.w.org\/{rel}","templated":true}]}}