{"id":178663,"date":"2025-10-20T07:39:02","date_gmt":"2025-10-20T07:39:02","guid":{"rendered":"https:\/\/www.otiumhome.fi\/?p=178663"},"modified":"2025-11-29T14:44:42","modified_gmt":"2025-11-29T14:44:42","slug":"led-televisiotaso-valkoinen-180-x-38-x-49-cm-tekninen-puu","status":"publish","type":"product","link":"https:\/\/www.otiumhome.fi\/index.php\/tuote\/led-televisiotaso-valkoinen-180-x-38-x-49-cm-tekninen-puu\/","title":{"rendered":"LED-televisiotaso Valkoinen 180 x 38 x 49 cm Tekninen puu"},"content":{"rendered":"<p>T\u00e4m\u00e4 TV-kaappi yhdist\u00e4\u00e4 k\u00e4yt\u00e4nn\u00f6llisyyden ja modernin tyylin, ollen sek\u00e4 k\u00e4yt\u00e4nn\u00f6llinen s\u00e4ilytysratkaisu ett\u00e4 koristeellinen elementti olohuoneessa. Sen siistit linjat ja minimalistinen muotoilu tekev\u00e4t siit\u00e4 kauniin ja k\u00e4yt\u00e4nn\u00f6llisen lis\u00e4yksen nykyaikaisiin koteihin. Se on t\u00e4ydellinen valinta medialaitteille tai kirjoille, ja LED-valaistus tekee siit\u00e4 entist\u00e4 houkuttelevamman.<\/p>\n<p> Tekninen puu  Kest\u00e4v\u00e4 tekninen puu tekee t\u00e4st\u00e4 TV-kaapista luotettavan ja vahvan, mutta my\u00f6s kevyen, joten asennus on helppoa. Kaapin ajaton vieh\u00e4tys auttaa sit\u00e4 sulautumaan eri sisustustyyleihin. T\u00e4m\u00e4n materiaalin ansiosta kaappi kest\u00e4\u00e4 p\u00e4ivitt\u00e4ist\u00e4 kulutusta ja parantaa k\u00e4ytt\u00f6ik\u00e4\u00e4.   LED-valonauhat  Kaapiin integroitu LED-valonauha luo dynaamisen tunnelman, joka on t\u00e4ydellinen esimerkiksi elokuvailtoihin. USB-virransy\u00f6tt\u00f6 lis\u00e4\u00e4 joustavuutta, joten voit sijoittaa sen mihin vain ja se on energiatehokas.   Saranat ovi -p\u00e4\u00e4sy  Kaappi on varustettu sujuvalla saranaj\u00e4rjestelm\u00e4ll\u00e4, joka mahdollistaa helpon p\u00e4\u00e4syn sis\u00e4ll\u00e4 oleviin tavaroihin. T\u00e4m\u00e4n ansiosta tila pysyy siistin\u00e4 ja j\u00e4rjestettyn\u00e4, samalla kun p\u00e4\u00e4sy on vaivatonta. Loistava valinta omistajille, joille esteettisyys ja k\u00e4yt\u00e4nn\u00f6llisyys ovat t\u00e4rkeit\u00e4.   Moderni tyyli  Kaapin moderni muotoilu korostaa yksinkertaisuutta ja k\u00e4yt\u00e4nn\u00f6llisyytt\u00e4. Siistit linjat ja minimalistinen ilme sopivat t\u00e4ydellisesti nykyaikaisiin tiloihin ja luovat huomaamatonta l\u00e4sn\u00e4oloa, joka mukautuu erilaisiin sisustustyyleihin.   Huolto-ohjeet  Kaapin siistin ulkon\u00e4\u00f6n yll\u00e4pit\u00e4miseksi riitt\u00e4\u00e4, ett\u00e4 pyyhkit kostealla liinalla. T\u00e4m\u00e4 helppo huoltoprosessi pit\u00e4\u00e4 kaapin kunnossa pitk\u00e4\u00e4n ja tekee siit\u00e4 vaivattoman valinnan olohuoneeseen. <\/p>\n<ul>\n<li>V\u00e4ri: Valkoinen<\/li>\n<li>Materiaali: Tekninen puu<\/li>\n<li>Yleiset mitat: 180 x 38 x 49 cm (L x P x K)<\/li>\n<li>Ovella<\/li>\n<li>Kokoonpano vaaditaan: Kyll\u00e4<\/li>\n<li>Toimitus-:<\/li>\n<li>1 x TV-taso<\/li>\n<\/ul>\n<p> Ole hyv\u00e4 ja k\u00e4yt\u00e4 vain DC 5V virtal\u00e4hdett\u00e4. Korkeampi j\u00e4nnite voi johtaa ylikuumenemiseen ja t\u00e4m\u00e4 voi vaurioittaa laitetta ja tuottaa potentiaalisen ylikuumenemisen ja tulipalon riskin. \u00c4l\u00e4 yhdist\u00e4 t\u00e4t\u00e4 tuotetta mihink\u00e4\u00e4n virtal\u00e4hteeseen tai muuntajaan, jota ei ohjekirjassa, nimilaatassa tai jota vidaXL ei ole erityisesti kuvaillut. T\u00e4t\u00e4 laitetta eiv\u00e4t saa k\u00e4ytt\u00e4\u00e4 alle 14-vuotiaat lapset ja henkil\u00f6t, joilla on alentuneet fyysiset, sensoriset tai henkiset kapasiteetit, jos heill\u00e4 ei ole kokemusta ja tietoa s\u00e4hk\u00f6laitteiden k\u00e4yt\u00f6st\u00e4. S\u00e4hk\u00f6 on vaarallista. Vauriot ja v\u00e4\u00e4r\u00e4nlainen k\u00e4ytt\u00f6 tai muokkaukset (yksitt\u00e4isen komponentin vaihto) voivat johtaa tuotteen ja johdotuksen vaurioihin, joka voi johtaa s\u00e4hk\u00f6iskuun ja vakaviin vammoihin k\u00e4ytt\u00e4j\u00e4lle. \u00c4l\u00e4 k\u00e4yt\u00e4 t\u00e4t\u00e4 tuotetta r\u00e4j\u00e4hdysherkkien aineiden l\u00e4hell\u00e4, kuten tulenarat nesteet, kaasut ja p\u00f6ly, tai \u00e4\u00e4rimm\u00e4isiss\u00e4 yli 50 Celsius asteen l\u00e4mp\u00f6tiloissa. \u00c4l\u00e4 k\u00e4\u00e4nn\u00e4 tuotetta p\u00e4\u00e4lle, jos johto tai muuntaja on n\u00e4kyv\u00e4sti vaurioitunut. Jos valaisimen ulkoinen joustava johto on vaurioitunut, sen voi vaihtaa vain valmistaja tai heid\u00e4n huoltomekaanikkonsa tai vastaavasti p\u00e4tev\u00e4 henkil\u00f6, jotta voidaan v\u00e4ltt\u00e4\u00e4 vaarat. Sammuta virta asennuksen ja huollon ajaksi. Muista varmistaa, ett\u00e4 polttimot ovat j\u00e4\u00e4htyneet. T\u00e4m\u00e4n valaisimen valonl\u00e4hde ei ole vaihdettavissa; kun valonl\u00e4hde p\u00e4\u00e4see k\u00e4ytt\u00f6ik\u00e4ns\u00e4 loppuun, koko valaisin tulee vaihtaa. Vain sis\u00e4k\u00e4ytt\u00f6\u00f6n, \u00e4l\u00e4 k\u00e4yt\u00e4 t\u00e4t\u00e4 tuotetta ulkona.<\/p>\n","protected":false},"excerpt":{"rendered":"<ul>\n<li>V\u00e4ri: Valkoinen<\/li>\n<li>Materiaali: Tekninen puu<\/li>\n<li>Yleiset mitat: 180 x 38 x 49 cm (L x P x K)<\/li>\n<li>Ovella<\/li>\n<li>Kokoonpano vaaditaan: Kyll\u00e4<\/li>\n<li>Toimitus-:<\/li>\n<li>1 x TV-taso<\/li>\n<\/ul>\n","protected":false},"featured_media":100000178663,"comment_status":"closed","ping_status":"closed","template":"","meta":[],"product_brand":[],"product_cat":[84],"product_tag":[],"class_list":{"0":"post-178663","1":"product","2":"type-product","3":"status-publish","4":"has-post-thumbnail","6":"product_cat-huonekalut","8":"first","9":"outofstock","10":"taxable","11":"shipping-taxable","12":"purchasable","13":"product-type-simple"},"_links":{"self":[{"href":"https:\/\/www.otiumhome.fi\/index.php\/wp-json\/wp\/v2\/product\/178663","targetHints":{"allow":["GET"]}}],"collection":[{"href":"https:\/\/www.otiumhome.fi\/index.php\/wp-json\/wp\/v2\/product"}],"about":[{"href":"https:\/\/www.otiumhome.fi\/index.php\/wp-json\/wp\/v2\/types\/product"}],"replies":[{"embeddable":true,"href":"https:\/\/www.otiumhome.fi\/index.php\/wp-json\/wp\/v2\/comments?post=178663"}],"wp:featuredmedia":[{"embeddable":true,"href":"https:\/\/www.otiumhome.fi\/index.php\/wp-json\/"}],"wp:attachment":[{"href":"https:\/\/www.otiumhome.fi\/index.php\/wp-json\/wp\/v2\/media?parent=178663"}],"wp:term":[{"taxonomy":"product_brand","embeddable":true,"href":"https:\/\/www.otiumhome.fi\/index.php\/wp-json\/wp\/v2\/product_brand?post=178663"},{"taxonomy":"product_cat","embeddable":true,"href":"https:\/\/www.otiumhome.fi\/index.php\/wp-json\/wp\/v2\/product_cat?post=178663"},{"taxonomy":"product_tag","embeddable":true,"href":"https:\/\/www.otiumhome.fi\/index.php\/wp-json\/wp\/v2\/product_tag?post=178663"}],"curies":[{"name":"wp","href":"https:\/\/api.w.org\/{rel}","templated":true}]}}