{"id":178648,"date":"2025-10-20T07:38:56","date_gmt":"2025-10-20T07:38:56","guid":{"rendered":"https:\/\/www.otiumhome.fi\/?p=178648"},"modified":"2025-10-25T14:19:39","modified_gmt":"2025-10-25T14:19:39","slug":"tv-taso-antrasiitti-105x35x50-cm-teras","status":"publish","type":"product","link":"https:\/\/www.otiumhome.fi\/index.php\/tuote\/tv-taso-antrasiitti-105x35x50-cm-teras\/","title":{"rendered":"TV-taso antrasiitti 105x35x50 cm ter\u00e4s"},"content":{"rendered":"<p>T\u00e4m\u00e4 k\u00e4yt\u00e4nn\u00f6llisesti suunniteltu puhdaslinjainen TV-taso on loistava valinta elintilaasi.<\/p>\n<\/p>\n<p>TV-tason ter\u00e4srakenne tekee siit\u00e4 todella tukevan ja kest\u00e4v\u00e4n. Pohjassa olevat tasaajat antavat sinun s\u00e4\u00e4t\u00e4\u00e4 sen korkeuden haluamallesi tasolle. TV-tasossa on kaksi verkko-ovea, joiden takana on hylly, joten siin\u00e4 on reilusti tilaa DVD-levyille, lehdille ja muille t\u00e4rkeille tavaroille. Takapaneelissa on my\u00f6s nelj\u00e4 reik\u00e4\u00e4, jotta voit j\u00e4rjest\u00e4\u00e4 media- ja s\u00e4hk\u00f6laitteiden johdot. Se on my\u00f6s helppo puhdistaa kostealla liinalla.<\/p>\n<ul>\n<li>V\u00e4ri: antrasiitti<\/li>\n<li>Materiaali: ter\u00e4s<\/li>\n<li>Mitat: 105 x 35 x 50 cm (L x S x K)<\/li>\n<li>Kaksi verkko-ovea<\/li>\n<li>Yksi hylly (ei s\u00e4\u00e4dett\u00e4v\u00e4)<\/li>\n<li>Tasaajat pohjassa<\/li>\n<li>Rei\u00e4t takapaneelissa<\/li>\n<li>Kantavuus per hylly: 50 kg<\/li>\n<li>Kokonaiskantavuus: 100 kg<\/li>\n<li>Asennus vaaditaan: kyll\u00e4<\/li>\n<li><strong>VAROITUS:<\/strong> kaatumisen est\u00e4miseksi on t\u00e4t\u00e4 tuotetta k\u00e4ytett\u00e4v\u00e4 mukana toimitetun sein\u00e4kiinnityslaitteen kanssa.<\/li>\n<li>Legal Documents:\n<p><span>Lis\u00e4tietoja huonekalujesi kaatumisen est\u00e4misest\u00e4 voit l\u00f6yt\u00e4\u00e4 <span style=\"text-decoration: underline\"><strong><a title=\"https:\/\/bit.ly\/3bVwkQp\" href=\"https:\/\/bit.ly\/3bVwkQp\" target=\"_blank\">t\u00e4\u00e4lt\u00e4<\/a><\/strong><\/span><\/span><\/p>\n<\/li>\n<\/ul>\n","protected":false},"excerpt":{"rendered":"<ul>\n<li>V\u00e4ri: antrasiitti<\/li>\n<li>Materiaali: ter\u00e4s<\/li>\n<li>Mitat: 105 x 35 x 50 cm (L x S x K)<\/li>\n<li>Kaksi verkko-ovea<\/li>\n<li>Yksi hylly (ei s\u00e4\u00e4dett\u00e4v\u00e4)<\/li>\n<li>Tasaajat pohjassa<\/li>\n<li>Rei\u00e4t takapaneelissa<\/li>\n<li>Kantavuus per hylly: 50 kg<\/li>\n<li>Kokonaiskantavuus: 100 kg<\/li>\n<li>Asennus vaaditaan: kyll\u00e4<\/li>\n<li><strong>VAROITUS:<\/strong> kaatumisen est\u00e4miseksi on t\u00e4t\u00e4 tuotetta k\u00e4ytett\u00e4v\u00e4 mukana toimitetun sein\u00e4kiinnityslaitteen kanssa.<\/li>\n<li>Legal Documents:\n<p><span>Lis\u00e4tietoja huonekalujesi kaatumisen est\u00e4misest\u00e4 voit l\u00f6yt\u00e4\u00e4 <span style=\"text-decoration: underline\"><strong><a title=\"https:\/\/bit.ly\/3bVwkQp\" href=\"https:\/\/bit.ly\/3bVwkQp\" target=\"_blank\">t\u00e4\u00e4lt\u00e4<\/a><\/strong><\/span><\/span><\/p>\n<\/li>\n<\/ul>\n","protected":false},"featured_media":100000178648,"comment_status":"closed","ping_status":"closed","template":"","meta":[],"product_brand":[],"product_cat":[84],"product_tag":[],"class_list":{"0":"post-178648","1":"product","2":"type-product","3":"status-publish","4":"has-post-thumbnail","6":"product_cat-huonekalut","8":"first","9":"instock","10":"taxable","11":"shipping-taxable","12":"purchasable","13":"product-type-simple"},"_links":{"self":[{"href":"https:\/\/www.otiumhome.fi\/index.php\/wp-json\/wp\/v2\/product\/178648","targetHints":{"allow":["GET"]}}],"collection":[{"href":"https:\/\/www.otiumhome.fi\/index.php\/wp-json\/wp\/v2\/product"}],"about":[{"href":"https:\/\/www.otiumhome.fi\/index.php\/wp-json\/wp\/v2\/types\/product"}],"replies":[{"embeddable":true,"href":"https:\/\/www.otiumhome.fi\/index.php\/wp-json\/wp\/v2\/comments?post=178648"}],"wp:featuredmedia":[{"embeddable":true,"href":"https:\/\/www.otiumhome.fi\/index.php\/wp-json\/"}],"wp:attachment":[{"href":"https:\/\/www.otiumhome.fi\/index.php\/wp-json\/wp\/v2\/media?parent=178648"}],"wp:term":[{"taxonomy":"product_brand","embeddable":true,"href":"https:\/\/www.otiumhome.fi\/index.php\/wp-json\/wp\/v2\/product_brand?post=178648"},{"taxonomy":"product_cat","embeddable":true,"href":"https:\/\/www.otiumhome.fi\/index.php\/wp-json\/wp\/v2\/product_cat?post=178648"},{"taxonomy":"product_tag","embeddable":true,"href":"https:\/\/www.otiumhome.fi\/index.php\/wp-json\/wp\/v2\/product_tag?post=178648"}],"curies":[{"name":"wp","href":"https:\/\/api.w.org\/{rel}","templated":true}]}}