{"id":178600,"date":"2025-10-20T07:38:42","date_gmt":"2025-10-20T07:38:42","guid":{"rendered":"https:\/\/www.otiumhome.fi\/?p=178600"},"modified":"2025-10-20T18:30:48","modified_gmt":"2025-10-20T18:30:48","slug":"tv-taso-valkoinen-90x30x44-cm-teras-ja-lasi","status":"publish","type":"product","link":"https:\/\/www.otiumhome.fi\/index.php\/tuote\/tv-taso-valkoinen-90x30x44-cm-teras-ja-lasi\/","title":{"rendered":"TV-taso valkoinen 90x30x44 cm ter\u00e4s ja lasi"},"content":{"rendered":"<p>Sulavalinjaisella ja klassisella muotoilulla varustettu TV-taso on koristeellinen ja k\u00e4yt\u00e4nn\u00f6llinen lis\u00e4 sisustukseesi.<\/p>\n<\/p>\n<p>Ter\u00e4ksest\u00e4 valmistetun TV-tason rakenne on vakaa ja kest\u00e4v\u00e4, se takaa vuosien k\u00e4yt\u00f6n. TV-yksik\u00f6ss\u00e4 on lasiovellinen osasto ja avoimet hyllyt, se tarjoaa reilusti tilaa s\u00e4ilytt\u00e4\u00e4 kirjasi, lehtesi, DVD-levysi, vaasisi ja muut koriste-esineet hyv\u00e4ss\u00e4 j\u00e4rjestyksess\u00e4 ja l\u00e4hell\u00e4. Hyllyt voidaan my\u00f6s asentaa eri tasoille s\u00e4ilytystilan muuttamiseksi. Jalat on helppo s\u00e4\u00e4t\u00e4\u00e4 haluttuun korkeuteen ja s\u00e4\u00e4d\u00f6t my\u00f6s vakauttavat kaapin. Se on my\u00f6s helppo puhdistaa kostealla liinalla.<\/p>\n<ul>\n<li>V\u00e4ri: valkoinen<\/li>\n<li>Materiaali: valkoiseksi jauhemaalattu ter\u00e4s, karkaistu lasi<\/li>\n<li>Mitat: 90 x 30 x 44 cm (P x L x K)<\/li>\n<li>Sis\u00e4lt\u00e4\u00e4 lasioven<\/li>\n<li>S\u00e4\u00e4dett\u00e4v\u00e4t hyllyt ja jalat<\/li>\n<li>Asennus vaaditaan: kyll\u00e4<\/li>\n<\/ul>\n","protected":false},"excerpt":{"rendered":"<ul>\n<li>V\u00e4ri: valkoinen<\/li>\n<li>Materiaali: valkoiseksi jauhemaalattu ter\u00e4s, karkaistu lasi<\/li>\n<li>Mitat: 90 x 30 x 44 cm (P x L x K)<\/li>\n<li>Sis\u00e4lt\u00e4\u00e4 lasioven<\/li>\n<li>S\u00e4\u00e4dett\u00e4v\u00e4t hyllyt ja jalat<\/li>\n<li>Asennus vaaditaan: kyll\u00e4<\/li>\n<\/ul>\n","protected":false},"featured_media":100000178600,"comment_status":"closed","ping_status":"closed","template":"","meta":[],"product_brand":[],"product_cat":[84],"product_tag":[],"class_list":{"0":"post-178600","1":"product","2":"type-product","3":"status-publish","4":"has-post-thumbnail","6":"product_cat-huonekalut","8":"first","9":"instock","10":"taxable","11":"shipping-taxable","12":"purchasable","13":"product-type-simple"},"_links":{"self":[{"href":"https:\/\/www.otiumhome.fi\/index.php\/wp-json\/wp\/v2\/product\/178600","targetHints":{"allow":["GET"]}}],"collection":[{"href":"https:\/\/www.otiumhome.fi\/index.php\/wp-json\/wp\/v2\/product"}],"about":[{"href":"https:\/\/www.otiumhome.fi\/index.php\/wp-json\/wp\/v2\/types\/product"}],"replies":[{"embeddable":true,"href":"https:\/\/www.otiumhome.fi\/index.php\/wp-json\/wp\/v2\/comments?post=178600"}],"wp:featuredmedia":[{"embeddable":true,"href":"https:\/\/www.otiumhome.fi\/index.php\/wp-json\/"}],"wp:attachment":[{"href":"https:\/\/www.otiumhome.fi\/index.php\/wp-json\/wp\/v2\/media?parent=178600"}],"wp:term":[{"taxonomy":"product_brand","embeddable":true,"href":"https:\/\/www.otiumhome.fi\/index.php\/wp-json\/wp\/v2\/product_brand?post=178600"},{"taxonomy":"product_cat","embeddable":true,"href":"https:\/\/www.otiumhome.fi\/index.php\/wp-json\/wp\/v2\/product_cat?post=178600"},{"taxonomy":"product_tag","embeddable":true,"href":"https:\/\/www.otiumhome.fi\/index.php\/wp-json\/wp\/v2\/product_tag?post=178600"}],"curies":[{"name":"wp","href":"https:\/\/api.w.org\/{rel}","templated":true}]}}