{"id":178599,"date":"2025-10-20T07:38:42","date_gmt":"2025-10-20T07:38:42","guid":{"rendered":"https:\/\/www.otiumhome.fi\/?p=178599"},"modified":"2025-12-09T15:28:50","modified_gmt":"2025-12-09T15:28:50","slug":"tv-yksikot-laatikon-kanssa-ruskea-105-x-33-x-46-cm-tekninen-puu","status":"publish","type":"product","link":"https:\/\/www.otiumhome.fi\/index.php\/tuote\/tv-yksikot-laatikon-kanssa-ruskea-105-x-33-x-46-cm-tekninen-puu\/","title":{"rendered":"TV-yksik\u00f6t laatikon kanssa Ruskea 105 x 33 x 46 cm Tekninen puu"},"content":{"rendered":"<p>T\u00e4m\u00e4 puinen TV-yksikk\u00f6 tuo yhteen tyylikk\u00e4\u00e4n modernin muotoilun ja k\u00e4yt\u00e4nn\u00f6llisyyden, ja se on just passeli nykyaikaisiin olohuoneisiin. Suorakaiteen muotoinen ja musta v\u00e4ri antavat tilaan tyylikk\u00e4\u00e4n mutta yksinkertaisen ilmeen. Tekopuu tekee t\u00e4st\u00e4 yksik\u00f6st\u00e4 kest\u00e4v\u00e4n, joten se pysyy mukana olohuoneessa pitk\u00e4\u00e4n. Yksikk\u00f6 tuo esiin tyylikk\u00e4\u00e4n keskipisteen, joka nostaa huoneen ilmett\u00e4 ja lis\u00e4\u00e4 k\u00e4yt\u00e4nn\u00f6llisi\u00e4 s\u00e4ilytysratkaisuja viihdevarusteillesi.<\/p>\n<ul>\n<li><b>Tekopuun rakenne:<\/b> T\u00e4\u00e4 yksikk\u00f6 on tehty teknisest\u00e4 puusta, niin se on sek\u00e4 tukeva ett\u00e4 hyv\u00e4nn\u00e4k\u00f6inen. Tasainen pinta antaa sille hienostuneen ilmeen, ja kest\u00e4vyys takaa, ett\u00e4 se pysyy kunnossa pitk\u00e4\u00e4n. T\u00e4\u00e4 tekee siit\u00e4 loistavan hankinnan kest\u00e4v\u00e4\u00e4 k\u00e4ytt\u00f6\u00e4 varten.<\/li>\n<li><b>Tilava design:<\/b> Levyhyllyt ja laatikot tarjoavat mukavasti tilaa kaikille esineille. Hyllyt sopii hyvin koristeiden esille laittamiseen tai elektroniikan s\u00e4ilytt\u00e4miseen, ja laatikot piilottaa yksityiskohtia niin, ettei niit\u00e4 huomaa. T\u00e4\u00e4 s\u00e4ilytysdesign yhdist\u00e4\u00e4 k\u00e4yt\u00e4nn\u00f6llisyyden ja eleganssin.<\/li>\n<li><b>Nykyaikainen estetiikka:<\/b> Yksik\u00f6n puhtaat linjat ja yksinkertainen tyyli tekev\u00e4t siit\u00e4 tyylikk\u00e4\u00e4n lis\u00e4n mihin tahansa olohuoneeseen. Virtaviivainen muoto ja neutraalit v\u00e4rit takaavat, ett\u00e4 se sulautuu vaivattomasti eri sisustuksiin.<\/li>\n<li><b>Kokoaminen ja k\u00e4ytt\u00f6:<\/b> Suunniteltu sis\u00e4tiloihin, TV-yksik\u00f6n kokoaminen onnistuu helposti kahden henkil\u00f6n voimin ruuvimeisselill\u00e4. Vaikka kiinnitysruuveja ei ole mukana, voit silti asentaa sen sein\u00e4\u00e4 vastaavaksi, varmistamalla turvallisen ja vakaan asennuksen.<\/li>\n<li><b>Toiminnalliset osat:<\/b> Kaapin hyllyt ja laatikoiden vetimet antavat helpon p\u00e4\u00e4syn ja k\u00e4ytt\u00f6mukavuutta. T\u00e4\u00e4 muotoilu tuo vaivattomuutta tavaroiden s\u00e4ilytt\u00e4miseen ja noutamiseen, mik\u00e4 tekee k\u00e4ytt\u00f6kokemuksesta mukavamman.<\/li>\n<\/ul>\n<ul>\n<li>V\u00e4ri: Ruskea<\/li>\n<li>Materiaali: Tekninen puu<\/li>\n<li>Yleiset mitat: 105 x 33 x 46 cm (P x L x K)<\/li>\n<li>Laatikolla<\/li>\n<li>2 ovien kanssa<\/li>\n<li>1 hyllyll\u00e4<\/li>\n<li>Kokoonpano vaaditaan: Kyll\u00e4<\/li>\n<li>Toimitus-:<\/li>\n<li>1 x TV-taso<\/li>\n<\/ul>\n","protected":false},"excerpt":{"rendered":"<ul>\n<li>V\u00e4ri: Ruskea<\/li>\n<li>Materiaali: Tekninen puu<\/li>\n<li>Yleiset mitat: 105 x 33 x 46 cm (P x L x K)<\/li>\n<li>Laatikolla<\/li>\n<li>2 ovien kanssa<\/li>\n<li>1 hyllyll\u00e4<\/li>\n<li>Kokoonpano vaaditaan: Kyll\u00e4<\/li>\n<li>Toimitus-:<\/li>\n<li>1 x TV-taso<\/li>\n<\/ul>\n","protected":false},"featured_media":100000178599,"comment_status":"closed","ping_status":"closed","template":"","meta":[],"product_brand":[],"product_cat":[84],"product_tag":[],"class_list":{"0":"post-178599","1":"product","2":"type-product","3":"status-publish","4":"has-post-thumbnail","6":"product_cat-huonekalut","8":"first","9":"instock","10":"taxable","11":"shipping-taxable","12":"purchasable","13":"product-type-simple"},"_links":{"self":[{"href":"https:\/\/www.otiumhome.fi\/index.php\/wp-json\/wp\/v2\/product\/178599","targetHints":{"allow":["GET"]}}],"collection":[{"href":"https:\/\/www.otiumhome.fi\/index.php\/wp-json\/wp\/v2\/product"}],"about":[{"href":"https:\/\/www.otiumhome.fi\/index.php\/wp-json\/wp\/v2\/types\/product"}],"replies":[{"embeddable":true,"href":"https:\/\/www.otiumhome.fi\/index.php\/wp-json\/wp\/v2\/comments?post=178599"}],"wp:featuredmedia":[{"embeddable":true,"href":"https:\/\/www.otiumhome.fi\/index.php\/wp-json\/"}],"wp:attachment":[{"href":"https:\/\/www.otiumhome.fi\/index.php\/wp-json\/wp\/v2\/media?parent=178599"}],"wp:term":[{"taxonomy":"product_brand","embeddable":true,"href":"https:\/\/www.otiumhome.fi\/index.php\/wp-json\/wp\/v2\/product_brand?post=178599"},{"taxonomy":"product_cat","embeddable":true,"href":"https:\/\/www.otiumhome.fi\/index.php\/wp-json\/wp\/v2\/product_cat?post=178599"},{"taxonomy":"product_tag","embeddable":true,"href":"https:\/\/www.otiumhome.fi\/index.php\/wp-json\/wp\/v2\/product_tag?post=178599"}],"curies":[{"name":"wp","href":"https:\/\/api.w.org\/{rel}","templated":true}]}}