{"id":178595,"date":"2025-10-20T07:38:41","date_gmt":"2025-10-20T07:38:41","guid":{"rendered":"https:\/\/www.otiumhome.fi\/?p=178595"},"modified":"2025-12-23T22:19:57","modified_gmt":"2025-12-23T22:19:57","slug":"seina-tv-kaappi-3-pcs-musta-tammi-tekninen-puu","status":"publish","type":"product","link":"https:\/\/www.otiumhome.fi\/index.php\/tuote\/seina-tv-kaappi-3-pcs-musta-tammi-tekninen-puu\/","title":{"rendered":"Sein\u00e4 TV Kaappi 3 pcs Musta tammi. Tekninen puu"},"content":{"rendered":"<p>T\u00e4m\u00e4 sein\u00e4lle asennettava TV-kaappi on t\u00e4ydellinen valinta, jos haluat maksimoida olohuoneesi tilan ja s\u00e4ilytt\u00e4\u00e4 tyylin. Moderni suunnittelu yhdist\u00e4\u00e4 kauniit linjat ja k\u00e4yt\u00e4nn\u00f6llisen rakenteen, mik\u00e4 tekee siit\u00e4 t\u00e4ydellisen osan nykyaikaista olohuonetta. Sen suorakaiteen muotoinen malli toimii erinomaisena taustana televisiolle ja tarjoaa lis\u00e4tilaa laitteille, kirjoille tai koriste-esineille. T\u00e4m\u00e4 kaappi on suunniteltu erityisesti kaupunkikoteihin, ja se auttaa luomaan siistin ymp\u00e4rist\u00f6n, joka sopii sosiaalisiin tilaisuuksiin sek\u00e4 rentoutumiseen.<\/p>\n<ul><\/br> <\/p>\n<li><b>Sein\u00e4lle asennettava muotoilu:<\/b> Sein\u00e4lle asennettu rakenne vapauttaa lattiatilaa, joten se on t\u00e4ydellinen pieniin koteihin. Tyylik\u00e4s muoto parantaa huoneen estetiikkaa ja optimoi tilank\u00e4yt\u00f6n, pit\u00e4en my\u00f6s pienet asuintilat avarina ja kutsuvina.<\/li>\n<p><\/br> <\/p>\n<li><b>Tekninen puu:<\/b> T\u00e4m\u00e4 kaappi on valmistettu laadukkaasta teknisest\u00e4 puusta, joka tarjoaa tukevan ja luotettavan s\u00e4ilytysratkaisun. Materiaalin kest\u00e4vyys takuuna pitk\u00e4ik\u00e4isyydelle, ja tekninen puu antaa my\u00f6s kauniin ilmeen. Se on kest\u00e4v\u00e4 ja helppohoitoinen.<\/li>\n<p><\/br> <\/p>\n<li><b>Saranoidulla ovella varustettu s\u00e4ilytys:<\/b> Saranoidut ovet tarjoavat k\u00e4tev\u00e4n p\u00e4\u00e4syn s\u00e4ilytystiloihin. T\u00e4m\u00e4 muotoilu pit\u00e4\u00e4 tavarat piilossa, joten olohuone pysyy siistin\u00e4 ja j\u00e4rjestyksess\u00e4. Sis\u00e4ll\u00e4 voit s\u00e4ilytt\u00e4\u00e4 laitteet, kirjat tai koristeet siististi.<\/li>\n<p><\/br> <\/p>\n<li><b>Muokattava asennus:<\/b> Ilman ruuveja tai pultteja, t\u00e4m\u00e4 kaappi antaa sinulle mahdollisuuden valita parhaiten sopivat asennusvarusteet sein\u00e4tyypillesi. T\u00e4m\u00e4 muokattavuus takuuna vakaudesta ja turvallisuudesta, jolloin uusi keskipisteesi istuu tukevasti ja tyylikk\u00e4\u00e4sti.<\/li>\n<p><\/br> <\/p>\n<li><b>Helppo huolto:<\/b> Siivoaminen on helppoa yksinkertaisten hoito-ohjeiden avulla. Kostea liina poistaa nopeasti p\u00f6lyn ja tahrat, s\u00e4ilytt\u00e4en kaapin moitteettomana. T\u00e4m\u00e4 huollon helppous pit\u00e4\u00e4 huonekalusi tuoreina ja kauniina pitk\u00e4\u00e4n.<\/li>\n<p><\/br><\/ul>\n<ul>\n<li>V\u00e4ri: Musta tammi.<\/li>\n<li>Materiaali: Tekninen puu<\/li>\n<li>Yleiset mitat: 80 x 30 x 30,5 cm (P x L x K)<\/li>\n<li>Mukana saranoitu ovi<\/li>\n<li>Mukana 9 sein\u00e4kiinnitetyt hyllyt<\/li>\n<li>Enimm\u00e4ispaino: 30 kg<\/li>\n<li>Kokoonpano vaaditaan: Kyll\u00e4<\/li>\n<li>Toimitus-:<\/li>\n<li>1 x TV-kaappi: 30,5 x 30 x 60 cm (PxlxK)<\/li>\n<li>1 x TV-kaappi: 30,5 x 30 x 90 cm (PxlxK)<\/li>\n<li>1 x TV-kaappi: 80 x 30 x 30,5 cm (PxlxK)<\/li>\n<\/ul>\n","protected":false},"excerpt":{"rendered":"<ul>\n<li>V\u00e4ri: Musta tammi.<\/li>\n<li>Materiaali: Tekninen puu<\/li>\n<li>Yleiset mitat: 80 x 30 x 30,5 cm (P x L x K)<\/li>\n<li>Mukana saranoitu ovi<\/li>\n<li>Mukana 9 sein\u00e4kiinnitetyt hyllyt<\/li>\n<li>Enimm\u00e4ispaino: 30 kg<\/li>\n<li>Kokoonpano vaaditaan: Kyll\u00e4<\/li>\n<li>Toimitus-:<\/li>\n<li>1 x TV-kaappi: 30,5 x 30 x 60 cm (PxlxK)<\/li>\n<li>1 x TV-kaappi: 30,5 x 30 x 90 cm (PxlxK)<\/li>\n<li>1 x TV-kaappi: 80 x 30 x 30,5 cm (PxlxK)<\/li>\n<\/ul>\n","protected":false},"featured_media":100000178595,"comment_status":"closed","ping_status":"closed","template":"","meta":[],"product_brand":[],"product_cat":[84],"product_tag":[],"class_list":{"0":"post-178595","1":"product","2":"type-product","3":"status-publish","4":"has-post-thumbnail","6":"product_cat-huonekalut","8":"first","9":"instock","10":"taxable","11":"shipping-taxable","12":"purchasable","13":"product-type-simple"},"_links":{"self":[{"href":"https:\/\/www.otiumhome.fi\/index.php\/wp-json\/wp\/v2\/product\/178595","targetHints":{"allow":["GET"]}}],"collection":[{"href":"https:\/\/www.otiumhome.fi\/index.php\/wp-json\/wp\/v2\/product"}],"about":[{"href":"https:\/\/www.otiumhome.fi\/index.php\/wp-json\/wp\/v2\/types\/product"}],"replies":[{"embeddable":true,"href":"https:\/\/www.otiumhome.fi\/index.php\/wp-json\/wp\/v2\/comments?post=178595"}],"wp:featuredmedia":[{"embeddable":true,"href":"https:\/\/www.otiumhome.fi\/index.php\/wp-json\/"}],"wp:attachment":[{"href":"https:\/\/www.otiumhome.fi\/index.php\/wp-json\/wp\/v2\/media?parent=178595"}],"wp:term":[{"taxonomy":"product_brand","embeddable":true,"href":"https:\/\/www.otiumhome.fi\/index.php\/wp-json\/wp\/v2\/product_brand?post=178595"},{"taxonomy":"product_cat","embeddable":true,"href":"https:\/\/www.otiumhome.fi\/index.php\/wp-json\/wp\/v2\/product_cat?post=178595"},{"taxonomy":"product_tag","embeddable":true,"href":"https:\/\/www.otiumhome.fi\/index.php\/wp-json\/wp\/v2\/product_tag?post=178595"}],"curies":[{"name":"wp","href":"https:\/\/api.w.org\/{rel}","templated":true}]}}