{"id":178594,"date":"2025-10-20T07:38:40","date_gmt":"2025-10-20T07:38:40","guid":{"rendered":"https:\/\/www.otiumhome.fi\/?p=178594"},"modified":"2025-10-20T18:30:31","modified_gmt":"2025-10-20T18:30:31","slug":"tv-taso-rustiikkinen-ruskea-105x36x47-cm-metalli-ja-mdf","status":"publish","type":"product","link":"https:\/\/www.otiumhome.fi\/index.php\/tuote\/tv-taso-rustiikkinen-ruskea-105x36x47-cm-metalli-ja-mdf\/","title":{"rendered":"TV-taso rustiikkinen ruskea 105x36x47 cm metalli ja MDF"},"content":{"rendered":"<p>T\u00e4m\u00e4 k\u00e4yt\u00e4nn\u00f6llisesti suunniteltu puhdaslinjainen TV-taso on loistava valinta elintilaasi.<\/p>\n<\/p>\n<p>TV-yksikk\u00f6 on valmistettu metallista ja MDF:st\u00e4, tehden siit\u00e4 eritt\u00e4in tukevan ja kest\u00e4v\u00e4n. TV-tasossa on kaksi verkko-ovea ja hylly, jotka tarjoavat paljon tilaa DVD-levyille, lehdille ja pikkutavaroille. Metalliosia ja verkko-ovet sis\u00e4lt\u00e4v\u00e4 kaappi lis\u00e4\u00e4 urbaania teollista tuntumaa olohuoneeseen tai makuuhuoneeseen. Siin\u00e4 on lis\u00e4ksi kaksi reik\u00e4\u00e4 takapaneelissa, jotta voit j\u00e4rjest\u00e4\u00e4 media- ja s\u00e4hk\u00f6laitteiden johdot. Sen puhdistus k\u00e4y helposti kostealla liinalla.<\/p>\n<ul>\n<li>V\u00e4ri: rustiikkisen ruskea<\/li>\n<li>Materiaali: metalli + MDF<\/li>\n<li>Mitat: 105 x 36 x 47 cm (L x S x K)<\/li>\n<li>Sis\u00e4lt\u00e4\u00e4 kaksi verkko-ovea<\/li>\n<li>Yksi hylly (ei s\u00e4\u00e4dett\u00e4v\u00e4)<\/li>\n<li>Rei\u00e4t takapaneelissa<\/li>\n<li>Kantavuus per hylly: 25 kg<\/li>\n<li>Kokonaiskantavuus: 75 kg<\/li>\n<li>Asennus vaaditaan: kyll\u00e4<\/li>\n<li><strong>VAROITUS:<\/strong>Kaatumisen est\u00e4miseksi on t\u00e4t\u00e4 tuotetta k\u00e4ytett\u00e4v\u00e4 mukana toimitetun sein\u00e4kiinnityslaitteen kanssa.<\/li>\n<li>Legal Documents:\n<p><span>Lis\u00e4tietoja huonekalujesi kaatumisen est\u00e4misest\u00e4 voit l\u00f6yt\u00e4\u00e4 <span style=\"text-decoration: underline\"><strong><a title=\"https:\/\/bit.ly\/3bVwkQp\" href=\"https:\/\/bit.ly\/3bVwkQp\" target=\"_blank\">t\u00e4\u00e4lt\u00e4<\/a><\/strong><\/span><\/span><\/p>\n<\/li>\n<\/ul>\n","protected":false},"excerpt":{"rendered":"<ul>\n<li>V\u00e4ri: rustiikkisen ruskea<\/li>\n<li>Materiaali: metalli + MDF<\/li>\n<li>Mitat: 105 x 36 x 47 cm (L x S x K)<\/li>\n<li>Sis\u00e4lt\u00e4\u00e4 kaksi verkko-ovea<\/li>\n<li>Yksi hylly (ei s\u00e4\u00e4dett\u00e4v\u00e4)<\/li>\n<li>Rei\u00e4t takapaneelissa<\/li>\n<li>Kantavuus per hylly: 25 kg<\/li>\n<li>Kokonaiskantavuus: 75 kg<\/li>\n<li>Asennus vaaditaan: kyll\u00e4<\/li>\n<li><strong>VAROITUS:<\/strong>Kaatumisen est\u00e4miseksi on t\u00e4t\u00e4 tuotetta k\u00e4ytett\u00e4v\u00e4 mukana toimitetun sein\u00e4kiinnityslaitteen kanssa.<\/li>\n<li>Legal Documents:\n<p><span>Lis\u00e4tietoja huonekalujesi kaatumisen est\u00e4misest\u00e4 voit l\u00f6yt\u00e4\u00e4 <span style=\"text-decoration: underline\"><strong><a title=\"https:\/\/bit.ly\/3bVwkQp\" href=\"https:\/\/bit.ly\/3bVwkQp\" target=\"_blank\">t\u00e4\u00e4lt\u00e4<\/a><\/strong><\/span><\/span><\/p>\n<\/li>\n<\/ul>\n","protected":false},"featured_media":100000178594,"comment_status":"closed","ping_status":"closed","template":"","meta":[],"product_brand":[],"product_cat":[84],"product_tag":[],"class_list":{"0":"post-178594","1":"product","2":"type-product","3":"status-publish","4":"has-post-thumbnail","6":"product_cat-huonekalut","8":"first","9":"instock","10":"taxable","11":"shipping-taxable","12":"purchasable","13":"product-type-simple"},"_links":{"self":[{"href":"https:\/\/www.otiumhome.fi\/index.php\/wp-json\/wp\/v2\/product\/178594","targetHints":{"allow":["GET"]}}],"collection":[{"href":"https:\/\/www.otiumhome.fi\/index.php\/wp-json\/wp\/v2\/product"}],"about":[{"href":"https:\/\/www.otiumhome.fi\/index.php\/wp-json\/wp\/v2\/types\/product"}],"replies":[{"embeddable":true,"href":"https:\/\/www.otiumhome.fi\/index.php\/wp-json\/wp\/v2\/comments?post=178594"}],"wp:featuredmedia":[{"embeddable":true,"href":"https:\/\/www.otiumhome.fi\/index.php\/wp-json\/"}],"wp:attachment":[{"href":"https:\/\/www.otiumhome.fi\/index.php\/wp-json\/wp\/v2\/media?parent=178594"}],"wp:term":[{"taxonomy":"product_brand","embeddable":true,"href":"https:\/\/www.otiumhome.fi\/index.php\/wp-json\/wp\/v2\/product_brand?post=178594"},{"taxonomy":"product_cat","embeddable":true,"href":"https:\/\/www.otiumhome.fi\/index.php\/wp-json\/wp\/v2\/product_cat?post=178594"},{"taxonomy":"product_tag","embeddable":true,"href":"https:\/\/www.otiumhome.fi\/index.php\/wp-json\/wp\/v2\/product_tag?post=178594"}],"curies":[{"name":"wp","href":"https:\/\/api.w.org\/{rel}","templated":true}]}}