{"id":178575,"date":"2025-10-20T07:38:33","date_gmt":"2025-10-20T07:38:33","guid":{"rendered":"https:\/\/www.otiumhome.fi\/?p=178575"},"modified":"2025-12-09T15:28:26","modified_gmt":"2025-12-09T15:28:26","slug":"seina-tv-kaappi-seinakiinnitettava-4-pcs-vanha-puu-tekninen-puu","status":"publish","type":"product","link":"https:\/\/www.otiumhome.fi\/index.php\/tuote\/seina-tv-kaappi-seinakiinnitettava-4-pcs-vanha-puu-tekninen-puu\/","title":{"rendered":"Sein\u00e4 TV Kaappi Sein\u00e4kiinnitett\u00e4v\u00e4 4 pcs Vanha Puu Tekninen puu"},"content":{"rendered":"<p>T\u00e4m\u00e4 sein\u00e4lle kiinnitett\u00e4v\u00e4 TV-kaappi yhdist\u00e4\u00e4 tyylin ja toiminnallisuuden, tarjoten uuden tavan j\u00e4rjest\u00e4\u00e4 olohuoneesi. Minimalistiset yksityiskohdat ja modulaariset hyllyt tarjoavat runsaasti tilaa viihdetarvikkeille, s\u00e4ilytt\u00e4en samalla modernin tunnelman. Kaapin siistit linjat ja helppo hyllyratkaisu tekev\u00e4t siit\u00e4 monik\u00e4ytt\u00f6isen vaihtoehdon kenelle tahansa, joka etsii siisti\u00e4 ja j\u00e4rjestetty\u00e4 tilaa.<\/p>\n<ul><\/br><\/p>\n<li><b>Tekninen puurakenne:<\/b> T\u00e4m\u00e4 TV-kaappi on valmistettu teknisest\u00e4 puusta, mik\u00e4 takaa sen kest\u00e4vyys ja siistin viimeistelyn. Materiaali tuo ripauksen eleganssia, ollen samalla kevyt mutta riitt\u00e4v\u00e4n kest\u00e4v\u00e4 p\u00e4ivitt\u00e4iseen k\u00e4ytt\u00f6\u00f6n.<\/li>\n<p><\/br><\/p>\n<li><b>K\u00e4yt\u00e4nn\u00f6lliset levyhyllyt:<\/b> Kaapissa on k\u00e4yt\u00e4nn\u00f6llisi\u00e4 hyllyj\u00e4, jotka tarjoavat monipuolisia s\u00e4ilytysratkaisuja olohuoneen tarvikkeille. N\u00e4m\u00e4 hyllyt sopivat t\u00e4ydellisesti media-laitteiden, kaukos\u00e4\u00e4timien tai koriste-esineiden j\u00e4rjest\u00e4miseen.<\/li>\n<p><\/br><\/p>\n<li><b>Turvalliset saranoidut ovet:<\/b> Saranoiduilla ovilla varustettu kaappi tarjoaa helpon p\u00e4\u00e4syn tavaroihisi samalla kun ne pysyv\u00e4t siististi piilossa. Saranoitu mekanismi lis\u00e4\u00e4 varmuutta arvokkaiden esineiden suojaamiseen.<\/li>\n<p><\/br><\/p>\n<li><b>Tila s\u00e4\u00e4st\u00e4v\u00e4 sein\u00e4lle kiinnitett\u00e4v\u00e4 muotoilu:<\/b> T\u00e4m\u00e4 kaappi on suunniteltu kiinnitett\u00e4v\u00e4ksi sein\u00e4lle, mik\u00e4 s\u00e4\u00e4st\u00e4\u00e4 lattiatilaa ja parantaa huoneen ilmavuutta. Sen sein\u00e4kiinnitys pit\u00e4\u00e4 lattiat puhtaina, helpottaen siivoamista ja luoden avoimen, j\u00e4rjestelm\u00e4llisen ilmeen.<\/li>\n<p><\/br><\/p>\n<li><b>Yksinkertaiset hoito-ohjeet:<\/b> S\u00e4ilyt\u00e4 kaapin upea ilme noudattamalla helppoja hoito-ohjeita. V\u00e4lt\u00e4 liiallista kemikaalien k\u00e4ytt\u00f6\u00e4 puhdistuksessa, jotta sen pinta pysyisi kunnossa.<\/li>\n<p><\/br><\/ul>\n<ul>\n<li>V\u00e4ri: Vanha puu<\/li>\n<li>Materiaali: Tekninen puu<\/li>\n<li>Yleiset mitat: 160 x 30 x 30 cm (P x L x K)<\/li>\n<li>Saranoitu ovi ovella<\/li>\n<li>Hyllyll\u00e4<\/li>\n<li>Kokoonpano vaaditaan: Kyll\u00e4<\/li>\n<li>Toimitus-:<\/li>\n<li>1 x Sein\u00e4lle asennettava TV-kaappi: 60 x 30 x 30,5 cm (P x L x K)<\/li>\n<li>2 x Sein\u00e4lle asennettava TV-kaappi: 80 x 30 x 30 cm (P x L x K)<\/li>\n<li>1 x Sein\u00e4lle asennettava TV-kaappi: 30,5 x 30 x 90 cm (P x L x K)<\/li>\n<\/ul>\n","protected":false},"excerpt":{"rendered":"<ul>\n<li>V\u00e4ri: Vanha puu<\/li>\n<li>Materiaali: Tekninen puu<\/li>\n<li>Yleiset mitat: 160 x 30 x 30 cm (P x L x K)<\/li>\n<li>Saranoitu ovi ovella<\/li>\n<li>Hyllyll\u00e4<\/li>\n<li>Kokoonpano vaaditaan: Kyll\u00e4<\/li>\n<li>Toimitus-:<\/li>\n<li>1 x Sein\u00e4lle asennettava TV-kaappi: 60 x 30 x 30,5 cm (P x L x K)<\/li>\n<li>2 x Sein\u00e4lle asennettava TV-kaappi: 80 x 30 x 30 cm (P x L x K)<\/li>\n<li>1 x Sein\u00e4lle asennettava TV-kaappi: 30,5 x 30 x 90 cm (P x L x K)<\/li>\n<\/ul>\n","protected":false},"featured_media":100000178575,"comment_status":"closed","ping_status":"closed","template":"","meta":[],"product_brand":[],"product_cat":[84],"product_tag":[],"class_list":{"0":"post-178575","1":"product","2":"type-product","3":"status-publish","4":"has-post-thumbnail","6":"product_cat-huonekalut","8":"first","9":"instock","10":"taxable","11":"shipping-taxable","12":"purchasable","13":"product-type-simple"},"_links":{"self":[{"href":"https:\/\/www.otiumhome.fi\/index.php\/wp-json\/wp\/v2\/product\/178575","targetHints":{"allow":["GET"]}}],"collection":[{"href":"https:\/\/www.otiumhome.fi\/index.php\/wp-json\/wp\/v2\/product"}],"about":[{"href":"https:\/\/www.otiumhome.fi\/index.php\/wp-json\/wp\/v2\/types\/product"}],"replies":[{"embeddable":true,"href":"https:\/\/www.otiumhome.fi\/index.php\/wp-json\/wp\/v2\/comments?post=178575"}],"wp:featuredmedia":[{"embeddable":true,"href":"https:\/\/www.otiumhome.fi\/index.php\/wp-json\/"}],"wp:attachment":[{"href":"https:\/\/www.otiumhome.fi\/index.php\/wp-json\/wp\/v2\/media?parent=178575"}],"wp:term":[{"taxonomy":"product_brand","embeddable":true,"href":"https:\/\/www.otiumhome.fi\/index.php\/wp-json\/wp\/v2\/product_brand?post=178575"},{"taxonomy":"product_cat","embeddable":true,"href":"https:\/\/www.otiumhome.fi\/index.php\/wp-json\/wp\/v2\/product_cat?post=178575"},{"taxonomy":"product_tag","embeddable":true,"href":"https:\/\/www.otiumhome.fi\/index.php\/wp-json\/wp\/v2\/product_tag?post=178575"}],"curies":[{"name":"wp","href":"https:\/\/api.w.org\/{rel}","templated":true}]}}