{"id":178574,"date":"2025-10-20T07:38:32","date_gmt":"2025-10-20T07:38:32","guid":{"rendered":"https:\/\/www.otiumhome.fi\/?p=178574"},"modified":"2025-12-14T17:54:27","modified_gmt":"2025-12-14T17:54:27","slug":"tv-tasosetti-led-nauhavalot-6-pcs-vanha-puu-tekninen-puu","status":"publish","type":"product","link":"https:\/\/www.otiumhome.fi\/index.php\/tuote\/tv-tasosetti-led-nauhavalot-6-pcs-vanha-puu-tekninen-puu\/","title":{"rendered":"TV-tasosetti LED -nauhavalot 6 pcs Vanha puu Tekninen puu"},"content":{"rendered":"<p>T\u00e4m\u00e4 moderni TV-kaappisarja tuo nykyaikaisen ilmeen olohuoneeseesi, yhdist\u00e4m\u00e4ll\u00e4 tyylin ja k\u00e4yt\u00e4nn\u00f6llisyyden virtaviivaiseen, minimalistiseen muotoiluun. Se on ideaalinen viihdealueesi j\u00e4rjest\u00e4miseen, ja sis\u00e4lt\u00e4\u00e4 sein\u00e4lle kiinnitett\u00e4vi\u00e4 hyllyj\u00e4 ja kaappeja kest\u00e4v\u00e4st\u00e4 teknisest\u00e4 puusta. Sen puhtaat linjat ja yksinkertainen rakenne sopivat t\u00e4ydellisesti kaupunkiel\u00e4m\u00e4n tiloihin, luoden siistin ja hyvin j\u00e4rjestetyn ymp\u00e4rist\u00f6n.<\/p>\n<ul>\n<li><b>Valmistusmateriaali:<\/b> Kest\u00e4v\u00e4 tekninen puu tuo tyyli\u00e4 ja pitk\u00e4ik\u00e4isyytt\u00e4 jokaiseen huoneeseen. Se on erinomainen vaihtoehto pitk\u00e4aikaiseen k\u00e4ytt\u00f6\u00f6n.<\/li>\n<li><b>Kattava s\u00e4ilytys:<\/b> Monipuolisten osastojen ansiosta l\u00f6yd\u00e4t helposti tilaa media-laitteille, kirjoille ja koriste-esineille. Sein\u00e4lle kiinnitett\u00e4v\u00e4 muotoilu maksimoi tilank\u00e4yt\u00f6n ja tehostaa tilaa.<\/li>\n<li><b>Tyylik\u00e4s valaistus:<\/b> Integroitu LED-nauhalamppu sulautuu hienosti muotoiluun, tarjoten visuaalisesti miellytt\u00e4v\u00e4n ja energiatehokkaan valaistusratkaisun. T\u00e4m\u00e4 ominaisuus kehitt\u00e4\u00e4 huoneen tunnelmaa.<\/li>\n<li><b>Toiminnalliset ovet:<\/b> Saranalliset ovet helpottavat p\u00e4\u00e4sy\u00e4 s\u00e4ilytettyihin esineisiin, ja niiden sujuva toiminta tuo k\u00e4yt\u00e4nn\u00f6llisyytt\u00e4 p\u00e4ivitt\u00e4iseen el\u00e4m\u00e4\u00e4n.<\/li>\n<li><b>Helppo kokoaminen:<\/b> Suunniteltu helppoon kokoamiseen, t\u00e4m\u00e4 tv-kaappi vaatii vain perusv\u00e4lineet ja kahden henkil\u00f6n yhteisty\u00f6t\u00e4. Merkityt osat auttavat kokoamisessa ja tekev\u00e4t prosessista vaivattoman.<\/li>\n<\/ul>\n<ul>\n<li>V\u00e4ri: Vanha puu<\/li>\n<li>Materiaali: Tekninen puu<\/li>\n<li>Yleiset mitat: 30,5 x 30 x 102 cm (P x L x K)<\/li>\n<li>4 ovien kanssa<\/li>\n<li>18 hyllyill\u00e4<\/li>\n<li>Valotyyppi: Led-valonauhat<\/li>\n<li>Kokoonpano vaaditaan: Kyll\u00e4<\/li>\n<li>Toimitus-:<\/li>\n<li>2 x Sein\u00e4hylly: 60 x 33 x 40 cm (PxLxK)<\/li>\n<li>2 x Korkea sein\u00e4hylly: 30,5 x 30 x 102 cm (PxLxK)<\/li>\n<li>2 x TV-hylly: 80 x 30 x 30 cm (PxLxK)<\/li>\n<\/ul>\n","protected":false},"excerpt":{"rendered":"<ul>\n<li>V\u00e4ri: Vanha puu<\/li>\n<li>Materiaali: Tekninen puu<\/li>\n<li>Yleiset mitat: 30,5 x 30 x 102 cm (P x L x K)<\/li>\n<li>4 ovien kanssa<\/li>\n<li>18 hyllyill\u00e4<\/li>\n<li>Valotyyppi: Led-valonauhat<\/li>\n<li>Kokoonpano vaaditaan: Kyll\u00e4<\/li>\n<li>Toimitus-:<\/li>\n<li>2 x Sein\u00e4hylly: 60 x 33 x 40 cm (PxLxK)<\/li>\n<li>2 x Korkea sein\u00e4hylly: 30,5 x 30 x 102 cm (PxLxK)<\/li>\n<li>2 x TV-hylly: 80 x 30 x 30 cm (PxLxK)<\/li>\n<\/ul>\n","protected":false},"featured_media":100000178574,"comment_status":"closed","ping_status":"closed","template":"","meta":[],"product_brand":[],"product_cat":[84],"product_tag":[],"class_list":{"0":"post-178574","1":"product","2":"type-product","3":"status-publish","4":"has-post-thumbnail","6":"product_cat-huonekalut","8":"first","9":"instock","10":"taxable","11":"shipping-taxable","12":"purchasable","13":"product-type-simple"},"_links":{"self":[{"href":"https:\/\/www.otiumhome.fi\/index.php\/wp-json\/wp\/v2\/product\/178574","targetHints":{"allow":["GET"]}}],"collection":[{"href":"https:\/\/www.otiumhome.fi\/index.php\/wp-json\/wp\/v2\/product"}],"about":[{"href":"https:\/\/www.otiumhome.fi\/index.php\/wp-json\/wp\/v2\/types\/product"}],"replies":[{"embeddable":true,"href":"https:\/\/www.otiumhome.fi\/index.php\/wp-json\/wp\/v2\/comments?post=178574"}],"wp:featuredmedia":[{"embeddable":true,"href":"https:\/\/www.otiumhome.fi\/index.php\/wp-json\/"}],"wp:attachment":[{"href":"https:\/\/www.otiumhome.fi\/index.php\/wp-json\/wp\/v2\/media?parent=178574"}],"wp:term":[{"taxonomy":"product_brand","embeddable":true,"href":"https:\/\/www.otiumhome.fi\/index.php\/wp-json\/wp\/v2\/product_brand?post=178574"},{"taxonomy":"product_cat","embeddable":true,"href":"https:\/\/www.otiumhome.fi\/index.php\/wp-json\/wp\/v2\/product_cat?post=178574"},{"taxonomy":"product_tag","embeddable":true,"href":"https:\/\/www.otiumhome.fi\/index.php\/wp-json\/wp\/v2\/product_tag?post=178574"}],"curies":[{"name":"wp","href":"https:\/\/api.w.org\/{rel}","templated":true}]}}