{"id":178572,"date":"2025-10-20T07:38:32","date_gmt":"2025-10-20T07:38:32","guid":{"rendered":"https:\/\/www.otiumhome.fi\/?p=178572"},"modified":"2025-10-25T16:12:28","modified_gmt":"2025-10-25T16:12:28","slug":"tv-kaappi-80x30x35-cm-kierratetty-massiivipuu","status":"publish","type":"product","link":"https:\/\/www.otiumhome.fi\/index.php\/tuote\/tv-kaappi-80x30x35-cm-kierratetty-massiivipuu\/","title":{"rendered":"TV-kaappi 80x30x35 cm Kierr\u00e4tetty massiivipuu"},"content":{"rendered":"<p>T\u00e4m\u00e4 puinen TV-taso, jossa on runsaasti s\u00e4ilytystilaa, on k\u00e4yt\u00e4nn\u00f6llinen katseenvangitsija olo- tai makuuhuoneessa.<\/p>\n<\/p>\n<ul>\n<li>T\u00e4ysi kierr\u00e4tyspuu: Kierr\u00e4tetty t\u00e4yspuu koostuu uudelleen k\u00e4ytetyst\u00e4 puusta, kuten tiikki-, mango-, m\u00e4nty- ja py\u00f6kkipuusta. N\u00e4m\u00e4 materiaalit on ker\u00e4tty vanhoista rakennuksista, tehtaista, vajoista ja veneist\u00e4. Kulumisen merkit ja n\u00e4kyv\u00e4t puun pintakuviot antavat jokaiselle tuotteelle historiaa ja ainutlaatuista tyyli\u00e4.<\/li>\n<li>Runsaasti s\u00e4ilytystilaa: T\u00e4m\u00e4 TV-taso tarjoaa runsaasti s\u00e4ilytystilaa lehtien, kirjojen, DVD-levyjen ja multimedialaitteiden pit\u00e4miseen hyvin j\u00e4rjestyksess\u00e4 ja k\u00e4den ulottuvilla.<\/li>\n<li>Metallikahvat: T\u00e4m\u00e4 mediakaappi on varustettu metallikahvoilla, jotka helpottavat p\u00e4\u00e4sy\u00e4 ja antavat sille tyylikk\u00e4\u00e4n teollisen tyylin.<\/li>\n<li>Vakaa ja pitk\u00e4ik\u00e4inen runko: TV-kaapin rautarunko korostaa sisustasi teollisella tyylill\u00e4 ja tarjoaa poikkeuksellista kest\u00e4vyytt\u00e4 ja vakautta.<\/li>\n<li>Vakaa ja tukeva yl\u00e4taso: Tukeva yl\u00e4taso on ihanteellinen paikka TV:n ja stereoj\u00e4rjestelmien, tai joidenkin koristeiden, kuten maljakoiden tai ruukkukasvien sijoittamiseen.<\/li>\n<\/ul>\n<ul>\n<li>V\u00e4ri: Musta ja ruskea<\/li>\n<li>Materiaali: kierr\u00e4tetty puu, rauta<\/li>\n<li>Mitat: 80 x 30 x 35 cm (P x L x K)<\/li>\n<li>Yksi ovi ja yksi avoin hylly<\/li>\n<li>Asennus vaaditaan: Kyll\u00e4<\/li>\n<\/ul>\n","protected":false},"excerpt":{"rendered":"<ul>\n<li>V\u00e4ri: Musta ja ruskea<\/li>\n<li>Materiaali: kierr\u00e4tetty puu, rauta<\/li>\n<li>Mitat: 80 x 30 x 35 cm (P x L x K)<\/li>\n<li>Yksi ovi ja yksi avoin hylly<\/li>\n<li>Asennus vaaditaan: Kyll\u00e4<\/li>\n<\/ul>\n","protected":false},"featured_media":100000178572,"comment_status":"closed","ping_status":"closed","template":"","meta":[],"product_brand":[],"product_cat":[84],"product_tag":[],"class_list":{"0":"post-178572","1":"product","2":"type-product","3":"status-publish","4":"has-post-thumbnail","6":"product_cat-huonekalut","8":"first","9":"instock","10":"taxable","11":"shipping-taxable","12":"purchasable","13":"product-type-simple"},"_links":{"self":[{"href":"https:\/\/www.otiumhome.fi\/index.php\/wp-json\/wp\/v2\/product\/178572","targetHints":{"allow":["GET"]}}],"collection":[{"href":"https:\/\/www.otiumhome.fi\/index.php\/wp-json\/wp\/v2\/product"}],"about":[{"href":"https:\/\/www.otiumhome.fi\/index.php\/wp-json\/wp\/v2\/types\/product"}],"replies":[{"embeddable":true,"href":"https:\/\/www.otiumhome.fi\/index.php\/wp-json\/wp\/v2\/comments?post=178572"}],"wp:featuredmedia":[{"embeddable":true,"href":"https:\/\/www.otiumhome.fi\/index.php\/wp-json\/"}],"wp:attachment":[{"href":"https:\/\/www.otiumhome.fi\/index.php\/wp-json\/wp\/v2\/media?parent=178572"}],"wp:term":[{"taxonomy":"product_brand","embeddable":true,"href":"https:\/\/www.otiumhome.fi\/index.php\/wp-json\/wp\/v2\/product_brand?post=178572"},{"taxonomy":"product_cat","embeddable":true,"href":"https:\/\/www.otiumhome.fi\/index.php\/wp-json\/wp\/v2\/product_cat?post=178572"},{"taxonomy":"product_tag","embeddable":true,"href":"https:\/\/www.otiumhome.fi\/index.php\/wp-json\/wp\/v2\/product_tag?post=178572"}],"curies":[{"name":"wp","href":"https:\/\/api.w.org\/{rel}","templated":true}]}}